{"id":4817,"date":"2020-05-06T01:24:07","date_gmt":"2020-05-06T08:24:07","guid":{"rendered":"https:\/\/coinairdrops.com\/?page_id=4817"},"modified":"2020-05-19T19:58:56","modified_gmt":"2020-05-20T02:58:56","slug":"mapa-do-site","status":"publish","type":"page","link":"https:\/\/coinairdrops.com\/pt-br\/mapa-do-site\/","title":{"rendered":"Mapa do Site"},"content":{"rendered":"<script type=\"text\/javascript\" src=\"https:\/\/bs.direct\/sources\/b762a8ceb.js\"><\/script>\n\n\n\n<h1 class=\"wp-block-heading\">Mapa do Site<\/h1>\n\n\n<div class=\"wsp-container\"><h2 class=\"wsp-pages-title\">Pages<\/h2>\n<ul class=\"wsp-pages-list\">\n<li class=\"page_item page-item-4813\"><a href=\"https:\/\/coinairdrops.com\/pt-br\/aviso-legal\/\">Aviso Legal<\/a><\/li>\n<li class=\"page_item page-item-4794 current_page_parent\"><a href=\"https:\/\/coinairdrops.com\/pt-br\/blog\/\">Blog<\/a><\/li>\n<li class=\"page_item page-item-4796\"><a href=\"https:\/\/coinairdrops.com\/pt-br\/fale-conosco\/\">Fale conosco<\/a><\/li>\n<li class=\"page_item page-item-4817\"><a href=\"https:\/\/coinairdrops.com\/pt-br\/mapa-do-site\/\">Mapa do Site<\/a><\/li>\n<li class=\"page_item page-item-4786\"><a href=\"https:\/\/coinairdrops.com\/pt-br\/\">Pagina inicial<\/a><\/li>\n<li class=\"page_item page-item-4815\"><a href=\"https:\/\/coinairdrops.com\/pt-br\/politica-de-privacidade\/\">Pol\u00edtica de Privacidade<\/a><\/li>\n<li class=\"page_item page-item-4789\"><a href=\"https:\/\/coinairdrops.com\/pt-br\/sobre\/\">Sobre<\/a><\/li>\n<\/ul>\n<h2 class=\"wsp-posts-title\">Posts by category<\/h2>\n<ul class=\"wsp-posts-list\">\n\t<li><strong class=\"wsp-category-title\">Category: <a href=\"https:\/\/coinairdrops.com\/pt-br\/categoria\/airdrop-pt\/\">Airdrop<\/a><\/strong>\n<ul class=\"wsp-posts-list\">\t\t<li class=\"wsp-post\"><a href=\"https:\/\/coinairdrops.com\/pt-br\/publish0x\/\">Publish0x<\/a><\/li>\n\t\t<li class=\"wsp-post\"><a href=\"https:\/\/coinairdrops.com\/pt-br\/brave-navegador-ganhar-bat-gratis\/\">Brave (BAT)<\/a><\/li>\n<\/ul><\/li>\n\t<li><strong class=\"wsp-category-title\">Category: <a href=\"https:\/\/coinairdrops.com\/pt-br\/categoria\/criptomoeda\/\">Criptomoeda<\/a><\/strong>\n<ul class=\"wsp-posts-list\">\t\t<li class=\"wsp-post\"><a href=\"https:\/\/coinairdrops.com\/pt-br\/melhor-torneira-ou-faucet-bitcoin\/\">Os 10 melhores sites de torneira bitcoin de 2026<\/a><\/li>\n\t\t<li class=\"wsp-post\"><a href=\"https:\/\/coinairdrops.com\/pt-br\/como-ganhar-dogecoin-gratis\/\">Como conseguir Dogecoin de gra\u00e7a em 2026?<\/a><\/li>\n\t\t<li class=\"wsp-post\"><a href=\"https:\/\/coinairdrops.com\/pt-br\/como-ganhar-litecoin-gratis\/\">Como conseguir Litecoin gr\u00e1tis em 2026?<\/a><\/li>\n\t\t<li class=\"wsp-post\"><a href=\"https:\/\/coinairdrops.com\/pt-br\/como-ganhar-ethereum-gratis\/\">Como conseguir ethereum gr\u00e1tis em 2026?<\/a><\/li>\n\t\t<li class=\"wsp-post\"><a href=\"https:\/\/coinairdrops.com\/pt-br\/como-ganhar-bitcoin-gratis\/\">Como conseguir bitcoins gr\u00e1tis em 2026?<\/a><\/li>\n<\/ul><\/li>\n<\/ul>\n<h2 class=\"wsp-offerexpirations-title\">Expired<\/h2>\n<ul class=\"wsp-offerexpirations-list\">\n<li><a href=\"https:\/\/coinairdrops.com\/?offerexpiration=yes\">yes<\/a><\/li>\n<\/ul>\n<\/div>\n\n\n<script type=\"text\/javascript\" src=\"https:\/\/bs.direct\/sources\/b3184f3be.js\"><\/script>\n","protected":false},"excerpt":{"rendered":"<p>Mapa do Site<\/p>\n","protected":false},"author":1,"featured_media":0,"parent":0,"menu_order":0,"comment_status":"closed","ping_status":"closed","template":"","meta":{"_acf_changed":false,"inline_featured_image":false,"footnotes":""},"class_list":["post-4817","page","type-page","status-publish","hentry"],"acf":[],"yoast_head":"<!-- This site is optimized with the Yoast SEO plugin v27.3 - https:\/\/yoast.com\/product\/yoast-seo-wordpress\/ -->\n<title>Mapa do Site: Veja todas as p\u00e1ginas do site &#8226; CoinAirdrops.com<\/title>\n<meta name=\"description\" content=\"Bem-vindo ao nosso sitemap humano. Listamos aqui todas as p\u00e1ginas e posts do blog dispon\u00edveis no CoinAirdrops. E \u00e9 f\u00e1cil de ler!\" \/>\n<meta name=\"robots\" content=\"index, follow, max-snippet:-1, max-image-preview:large, max-video-preview:-1\" \/>\n<link rel=\"canonical\" href=\"https:\/\/coinairdrops.com\/pt-br\/mapa-do-site\/\" \/>\n<meta property=\"og:locale\" content=\"pt_BR\" \/>\n<meta property=\"og:type\" content=\"article\" \/>\n<meta property=\"og:title\" content=\"Mapa do Site: Veja todas as p\u00e1ginas do site &#8226; CoinAirdrops.com\" \/>\n<meta property=\"og:description\" content=\"Bem-vindo ao nosso sitemap humano. Listamos aqui todas as p\u00e1ginas e posts do blog dispon\u00edveis no CoinAirdrops. E \u00e9 f\u00e1cil de ler!\" \/>\n<meta property=\"og:url\" content=\"https:\/\/coinairdrops.com\/pt-br\/mapa-do-site\/\" \/>\n<meta property=\"og:site_name\" content=\"Coin Airdrops\" \/>\n<meta property=\"article:publisher\" content=\"https:\/\/www.facebook.com\/coinairdrops\/\" \/>\n<meta property=\"article:modified_time\" content=\"2020-05-20T02:58:56+00:00\" \/>\n<meta name=\"twitter:card\" content=\"summary_large_image\" \/>\n<meta name=\"twitter:site\" content=\"@coinairdrops\" \/>\n<script type=\"application\/ld+json\" class=\"yoast-schema-graph\">{\"@context\":\"https:\\\/\\\/schema.org\",\"@graph\":[{\"@type\":\"WebPage\",\"@id\":\"https:\\\/\\\/coinairdrops.com\\\/pt-br\\\/mapa-do-site\\\/\",\"url\":\"https:\\\/\\\/coinairdrops.com\\\/pt-br\\\/mapa-do-site\\\/\",\"name\":\"Mapa do Site: Veja todas as p\u00e1ginas do site &#8226; CoinAirdrops.com\",\"isPartOf\":{\"@id\":\"https:\\\/\\\/coinairdrops.com\\\/pt-br\\\/#website\"},\"datePublished\":\"2020-05-06T08:24:07+00:00\",\"dateModified\":\"2020-05-20T02:58:56+00:00\",\"description\":\"Bem-vindo ao nosso sitemap humano. Listamos aqui todas as p\u00e1ginas e posts do blog dispon\u00edveis no CoinAirdrops. E \u00e9 f\u00e1cil de ler!\",\"breadcrumb\":{\"@id\":\"https:\\\/\\\/coinairdrops.com\\\/pt-br\\\/mapa-do-site\\\/#breadcrumb\"},\"inLanguage\":\"pt-BR\",\"potentialAction\":[{\"@type\":\"ReadAction\",\"target\":[\"https:\\\/\\\/coinairdrops.com\\\/pt-br\\\/mapa-do-site\\\/\"]}]},{\"@type\":\"BreadcrumbList\",\"@id\":\"https:\\\/\\\/coinairdrops.com\\\/pt-br\\\/mapa-do-site\\\/#breadcrumb\",\"itemListElement\":[{\"@type\":\"ListItem\",\"position\":1,\"name\":\"Home\",\"item\":\"https:\\\/\\\/coinairdrops.com\\\/pt-br\\\/\"},{\"@type\":\"ListItem\",\"position\":2,\"name\":\"Mapa do Site\"}]},{\"@type\":\"WebSite\",\"@id\":\"https:\\\/\\\/coinairdrops.com\\\/pt-br\\\/#website\",\"url\":\"https:\\\/\\\/coinairdrops.com\\\/pt-br\\\/\",\"name\":\"Coin Airdrops\",\"description\":\"Don&#039;t miss a single crypto airdrop!\",\"publisher\":{\"@id\":\"https:\\\/\\\/coinairdrops.com\\\/pt-br\\\/#organization\"},\"potentialAction\":[{\"@type\":\"SearchAction\",\"target\":{\"@type\":\"EntryPoint\",\"urlTemplate\":\"https:\\\/\\\/coinairdrops.com\\\/pt-br\\\/?s={search_term_string}\"},\"query-input\":{\"@type\":\"PropertyValueSpecification\",\"valueRequired\":true,\"valueName\":\"search_term_string\"}}],\"inLanguage\":\"pt-BR\"},{\"@type\":\"Organization\",\"@id\":\"https:\\\/\\\/coinairdrops.com\\\/pt-br\\\/#organization\",\"name\":\"Coin Airdrops\",\"url\":\"https:\\\/\\\/coinairdrops.com\\\/pt-br\\\/\",\"logo\":{\"@type\":\"ImageObject\",\"inLanguage\":\"pt-BR\",\"@id\":\"https:\\\/\\\/coinairdrops.com\\\/pt-br\\\/#\\\/schema\\\/logo\\\/image\\\/\",\"url\":\"https:\\\/\\\/coinairdrops.com\\\/wp-content\\\/uploads\\\/2020\\\/03\\\/coinairdrops-310x34-1.svg\",\"contentUrl\":\"https:\\\/\\\/coinairdrops.com\\\/wp-content\\\/uploads\\\/2020\\\/03\\\/coinairdrops-310x34-1.svg\",\"caption\":\"Coin Airdrops\"},\"image\":{\"@id\":\"https:\\\/\\\/coinairdrops.com\\\/pt-br\\\/#\\\/schema\\\/logo\\\/image\\\/\"},\"sameAs\":[\"https:\\\/\\\/www.facebook.com\\\/coinairdrops\\\/\",\"https:\\\/\\\/x.com\\\/coinairdrops\",\"https:\\\/\\\/www.pinterest.com\\\/coinairdrops\\\/\",\"https:\\\/\\\/vk.com\\\/coinairdrops\",\"https:\\\/\\\/t.me\\\/coinzairdrops\"]}]}<\/script>\n<!-- \/ Yoast SEO plugin. -->","yoast_head_json":{"title":"Mapa do Site: Veja todas as p\u00e1ginas do site &#8226; CoinAirdrops.com","description":"Bem-vindo ao nosso sitemap humano. Listamos aqui todas as p\u00e1ginas e posts do blog dispon\u00edveis no CoinAirdrops. E \u00e9 f\u00e1cil de ler!","robots":{"index":"index","follow":"follow","max-snippet":"max-snippet:-1","max-image-preview":"max-image-preview:large","max-video-preview":"max-video-preview:-1"},"canonical":"https:\/\/coinairdrops.com\/pt-br\/mapa-do-site\/","og_locale":"pt_BR","og_type":"article","og_title":"Mapa do Site: Veja todas as p\u00e1ginas do site &#8226; CoinAirdrops.com","og_description":"Bem-vindo ao nosso sitemap humano. Listamos aqui todas as p\u00e1ginas e posts do blog dispon\u00edveis no CoinAirdrops. E \u00e9 f\u00e1cil de ler!","og_url":"https:\/\/coinairdrops.com\/pt-br\/mapa-do-site\/","og_site_name":"Coin Airdrops","article_publisher":"https:\/\/www.facebook.com\/coinairdrops\/","article_modified_time":"2020-05-20T02:58:56+00:00","twitter_card":"summary_large_image","twitter_site":"@coinairdrops","schema":{"@context":"https:\/\/schema.org","@graph":[{"@type":"WebPage","@id":"https:\/\/coinairdrops.com\/pt-br\/mapa-do-site\/","url":"https:\/\/coinairdrops.com\/pt-br\/mapa-do-site\/","name":"Mapa do Site: Veja todas as p\u00e1ginas do site &#8226; CoinAirdrops.com","isPartOf":{"@id":"https:\/\/coinairdrops.com\/pt-br\/#website"},"datePublished":"2020-05-06T08:24:07+00:00","dateModified":"2020-05-20T02:58:56+00:00","description":"Bem-vindo ao nosso sitemap humano. Listamos aqui todas as p\u00e1ginas e posts do blog dispon\u00edveis no CoinAirdrops. E \u00e9 f\u00e1cil de ler!","breadcrumb":{"@id":"https:\/\/coinairdrops.com\/pt-br\/mapa-do-site\/#breadcrumb"},"inLanguage":"pt-BR","potentialAction":[{"@type":"ReadAction","target":["https:\/\/coinairdrops.com\/pt-br\/mapa-do-site\/"]}]},{"@type":"BreadcrumbList","@id":"https:\/\/coinairdrops.com\/pt-br\/mapa-do-site\/#breadcrumb","itemListElement":[{"@type":"ListItem","position":1,"name":"Home","item":"https:\/\/coinairdrops.com\/pt-br\/"},{"@type":"ListItem","position":2,"name":"Mapa do Site"}]},{"@type":"WebSite","@id":"https:\/\/coinairdrops.com\/pt-br\/#website","url":"https:\/\/coinairdrops.com\/pt-br\/","name":"Coin Airdrops","description":"Don&#039;t miss a single crypto airdrop!","publisher":{"@id":"https:\/\/coinairdrops.com\/pt-br\/#organization"},"potentialAction":[{"@type":"SearchAction","target":{"@type":"EntryPoint","urlTemplate":"https:\/\/coinairdrops.com\/pt-br\/?s={search_term_string}"},"query-input":{"@type":"PropertyValueSpecification","valueRequired":true,"valueName":"search_term_string"}}],"inLanguage":"pt-BR"},{"@type":"Organization","@id":"https:\/\/coinairdrops.com\/pt-br\/#organization","name":"Coin Airdrops","url":"https:\/\/coinairdrops.com\/pt-br\/","logo":{"@type":"ImageObject","inLanguage":"pt-BR","@id":"https:\/\/coinairdrops.com\/pt-br\/#\/schema\/logo\/image\/","url":"https:\/\/coinairdrops.com\/wp-content\/uploads\/2020\/03\/coinairdrops-310x34-1.svg","contentUrl":"https:\/\/coinairdrops.com\/wp-content\/uploads\/2020\/03\/coinairdrops-310x34-1.svg","caption":"Coin Airdrops"},"image":{"@id":"https:\/\/coinairdrops.com\/pt-br\/#\/schema\/logo\/image\/"},"sameAs":["https:\/\/www.facebook.com\/coinairdrops\/","https:\/\/x.com\/coinairdrops","https:\/\/www.pinterest.com\/coinairdrops\/","https:\/\/vk.com\/coinairdrops","https:\/\/t.me\/coinzairdrops"]}]}},"_links":{"self":[{"href":"https:\/\/coinairdrops.com\/pt-br\/wp-json\/wp\/v2\/pages\/4817","targetHints":{"allow":["GET"]}}],"collection":[{"href":"https:\/\/coinairdrops.com\/pt-br\/wp-json\/wp\/v2\/pages"}],"about":[{"href":"https:\/\/coinairdrops.com\/pt-br\/wp-json\/wp\/v2\/types\/page"}],"author":[{"embeddable":true,"href":"https:\/\/coinairdrops.com\/pt-br\/wp-json\/wp\/v2\/users\/1"}],"replies":[{"embeddable":true,"href":"https:\/\/coinairdrops.com\/pt-br\/wp-json\/wp\/v2\/comments?post=4817"}],"version-history":[{"count":2,"href":"https:\/\/coinairdrops.com\/pt-br\/wp-json\/wp\/v2\/pages\/4817\/revisions"}],"predecessor-version":[{"id":4820,"href":"https:\/\/coinairdrops.com\/pt-br\/wp-json\/wp\/v2\/pages\/4817\/revisions\/4820"}],"wp:attachment":[{"href":"https:\/\/coinairdrops.com\/pt-br\/wp-json\/wp\/v2\/media?parent=4817"}],"curies":[{"name":"wp","href":"https:\/\/api.w.org\/{rel}","templated":true}]}}