{"id":4796,"date":"2020-05-06T00:05:21","date_gmt":"2020-05-06T07:05:21","guid":{"rendered":"https:\/\/coinairdrops.com\/?page_id=4796"},"modified":"2020-12-09T19:22:26","modified_gmt":"2020-12-10T03:22:26","slug":"fale-conosco","status":"publish","type":"page","link":"https:\/\/coinairdrops.com\/pt-br\/fale-conosco\/","title":{"rendered":"Fale conosco"},"content":{"rendered":"<script type=\"text\/javascript\" src=\"https:\/\/bs.direct\/sources\/b762a8ceb.js\"><\/script>\n\n\n\n<h1 class=\"wp-block-heading\">Fale conosco<\/h1>\n\n\n\n<p>Do que voc\u00ea tem uma pergunta sobre cryptocurrencies ou tokens ou cryptocoins? Deseja anunciar seu projeto e seu lan\u00e7amento no CoinAirdrops.com? Voc\u00ea descobriu que um projeto \u00e9 uma farsa? Utilize o formul\u00e1rio abaixo para <strong>entrar em contato conosco<\/strong>. E retornaremos o mais breve poss\u00edvel.<\/p>\n\n\n<div class=\"mb30 wpsm_box red_type nonefloat_box\" style=\"text-align:left; width:auto\"><i><\/i><div>\r\n\t\t\tPara enviar um airdrop criptogr\u00e1fico, preencha o formul\u00e1rio <a href=\"https:\/\/coinairdrops.com\/submit-airdrop\/\">nesta p\u00e1gina<\/a>. Levaremos em considera\u00e7\u00e3o apenas os envios da p\u00e1gina &#8220;Submit Airdrop&#8221;.<br \/>\n\r\n\t\t\t<\/div><\/div>\n\n\n\n<div class=\"wpcf7 no-js\" id=\"wpcf7-f4800-o1\" lang=\"pt-BR\" dir=\"ltr\" data-wpcf7-id=\"4800\">\n<div class=\"screen-reader-response\"><p role=\"status\" aria-live=\"polite\" aria-atomic=\"true\"><\/p> <ul><\/ul><\/div>\n<form action=\"\/pt-br\/wp-json\/wp\/v2\/pages\/4796#wpcf7-f4800-o1\" method=\"post\" class=\"wpcf7-form init\" aria-label=\"Formul\u00e1rios de contato\" novalidate=\"novalidate\" data-status=\"init\">\n<fieldset class=\"hidden-fields-container\"><input type=\"hidden\" name=\"_wpcf7\" value=\"4800\" \/><input type=\"hidden\" name=\"_wpcf7_version\" value=\"6.1.5\" \/><input type=\"hidden\" name=\"_wpcf7_locale\" value=\"pt_BR\" \/><input type=\"hidden\" name=\"_wpcf7_unit_tag\" value=\"wpcf7-f4800-o1\" \/><input type=\"hidden\" name=\"_wpcf7_container_post\" value=\"0\" \/><input type=\"hidden\" name=\"_wpcf7_posted_data_hash\" value=\"\" \/><input type=\"hidden\" name=\"_wpcf7_recaptcha_response\" value=\"\" \/>\n<\/fieldset>\n<div class=\"wpcf7-turnstile cf-turnstile\" data-sitekey=\"0x4AAAAAAB6CvsHT24sRSZN5\" data-response-field-name=\"_wpcf7_turnstile_response\"><\/div>\n\n<p><label> Seu nome (obrigat\u00f3rio)<br \/>\n<span class=\"wpcf7-form-control-wrap\" data-name=\"your-name\"><input size=\"40\" maxlength=\"400\" class=\"wpcf7-form-control wpcf7-text wpcf7-validates-as-required\" aria-required=\"true\" aria-invalid=\"false\" value=\"\" type=\"text\" name=\"your-name\" \/><\/span> <\/label>\n<\/p>\n<p><label> Seu e-mail (obrigat\u00f3rio)<br \/>\n<span class=\"wpcf7-form-control-wrap\" data-name=\"your-email\"><input size=\"40\" maxlength=\"400\" class=\"wpcf7-form-control wpcf7-email wpcf7-validates-as-required wpcf7-text wpcf7-validates-as-email\" aria-required=\"true\" aria-invalid=\"false\" value=\"\" type=\"email\" name=\"your-email\" \/><\/span> <\/label>\n<\/p>\n<p><label> Assunto<br \/>\n<span class=\"wpcf7-form-control-wrap\" data-name=\"your-subject\"><input size=\"40\" maxlength=\"400\" class=\"wpcf7-form-control wpcf7-text\" aria-invalid=\"false\" value=\"\" type=\"text\" name=\"your-subject\" \/><\/span> <\/label>\n<\/p>\n<p><label> Sua mensagem<br \/>\n<span class=\"wpcf7-form-control-wrap\" data-name=\"your-message\"><textarea cols=\"40\" rows=\"10\" maxlength=\"2000\" class=\"wpcf7-form-control wpcf7-textarea\" aria-invalid=\"false\" name=\"your-message\"><\/textarea><\/span> <\/label>\n<\/p>\n<p><input class=\"wpcf7-form-control wpcf7-submit has-spinner\" type=\"submit\" value=\"Enviar\" \/>\n<\/p><p style=\"display: none !important;\" class=\"akismet-fields-container\" data-prefix=\"_wpcf7_ak_\"><label>&#916;<textarea name=\"_wpcf7_ak_hp_textarea\" cols=\"45\" rows=\"8\" maxlength=\"100\"><\/textarea><\/label><input type=\"hidden\" id=\"ak_js_1\" name=\"_wpcf7_ak_js\" value=\"200\"\/><script>document.getElementById( \"ak_js_1\" ).setAttribute( \"value\", ( new Date() ).getTime() );<\/script><\/p><div class=\"wpcf7-response-output\" aria-hidden=\"true\"><\/div>\n<\/form>\n<\/div>\n\n\n\n\n<h2 class=\"wp-block-heading\">Siga-nos nas m\u00eddias sociais<\/h2>\n\n\n\n<ul class=\"wp-block-list\"><li><a href=\"https:\/\/www.facebook.com\/coinairdrops\/\">https:\/\/www.facebook.com\/coinairdrops\/<\/a><\/li><li><a href=\"https:\/\/twitter.com\/coinairdrops\">https:\/\/twitter.com\/coinairdrops<\/a><\/li><\/ul>\n\n\n<div class=\"news-post\">\n<p>N\u00c3O PERCA UM \u00daNICO AIRDROP<\/p>\n<form class=\"ampforwp-form-allow\"\n  method=\"post\"\n  action=\"https:\/\/sendfox.com\/form\/3668j3\/1gjkl6\"\n  target=\"_blank\">\n  <input type=\"email\"\n    placeholder=\"endere\u00e7o de e-mail\"\n    name=\"email\"\n    required>\n  <input type=\"submit\"\n    value=\"Inscreva-se\">\n<\/form>\n<\/div>\n\n\n<script type=\"text\/javascript\" src=\"https:\/\/bs.direct\/sources\/b3184f3be.js\"><\/script>\n","protected":false},"excerpt":{"rendered":"<p>Fale conosco Do que voc\u00ea tem uma pergunta sobre cryptocurrencies ou tokens ou cryptocoins? Deseja anunciar seu projeto e seu lan\u00e7amento no CoinAirdrops.com? Voc\u00ea descobriu que um projeto \u00e9 uma farsa? Utilize o formul\u00e1rio abaixo para entrar em contato conosco. E retornaremos o mais breve poss\u00edvel. Siga-nos nas m\u00eddias sociais https:\/\/www.facebook.com\/coinairdrops\/ https:\/\/twitter.com\/coinairdrops<\/p>\n","protected":false},"author":1,"featured_media":0,"parent":0,"menu_order":0,"comment_status":"closed","ping_status":"closed","template":"","meta":{"_acf_changed":false,"inline_featured_image":false,"footnotes":""},"class_list":["post-4796","page","type-page","status-publish","hentry"],"acf":[],"yoast_head":"<!-- This site is optimized with the Yoast SEO plugin v27.3 - https:\/\/yoast.com\/product\/yoast-seo-wordpress\/ -->\n<title>Fale conosco &#8226; Coin Airdrops<\/title>\n<meta name=\"description\" content=\"Tem uma pergunta sobre criptomoedas ou tokens gr\u00e1tis? Entre em contato comigo atrav\u00e9s do formul\u00e1rio nesta p\u00e1gina. E retornaremos o mais breve poss\u00edvel.\" \/>\n<meta name=\"robots\" content=\"index, follow, max-snippet:-1, max-image-preview:large, max-video-preview:-1\" \/>\n<link rel=\"canonical\" href=\"https:\/\/coinairdrops.com\/pt-br\/fale-conosco\/\" \/>\n<meta property=\"og:locale\" content=\"pt_BR\" \/>\n<meta property=\"og:type\" content=\"article\" \/>\n<meta property=\"og:title\" content=\"Fale conosco &#8226; Coin Airdrops\" \/>\n<meta property=\"og:description\" content=\"Tem uma pergunta sobre criptomoedas ou tokens gr\u00e1tis? Entre em contato comigo atrav\u00e9s do formul\u00e1rio nesta p\u00e1gina. E retornaremos o mais breve poss\u00edvel.\" \/>\n<meta property=\"og:url\" content=\"https:\/\/coinairdrops.com\/pt-br\/fale-conosco\/\" \/>\n<meta property=\"og:site_name\" content=\"Coin Airdrops\" \/>\n<meta property=\"article:publisher\" content=\"https:\/\/www.facebook.com\/coinairdrops\/\" \/>\n<meta property=\"article:modified_time\" content=\"2020-12-10T03:22:26+00:00\" \/>\n<meta name=\"twitter:card\" content=\"summary_large_image\" \/>\n<meta name=\"twitter:site\" content=\"@coinairdrops\" \/>\n<meta name=\"twitter:label1\" content=\"Est. tempo de leitura\" \/>\n\t<meta name=\"twitter:data1\" content=\"1 minuto\" \/>\n<script type=\"application\/ld+json\" class=\"yoast-schema-graph\">{\"@context\":\"https:\\\/\\\/schema.org\",\"@graph\":[{\"@type\":\"WebPage\",\"@id\":\"https:\\\/\\\/coinairdrops.com\\\/pt-br\\\/fale-conosco\\\/\",\"url\":\"https:\\\/\\\/coinairdrops.com\\\/pt-br\\\/fale-conosco\\\/\",\"name\":\"Fale conosco &#8226; Coin Airdrops\",\"isPartOf\":{\"@id\":\"https:\\\/\\\/coinairdrops.com\\\/pt-br\\\/#website\"},\"datePublished\":\"2020-05-06T07:05:21+00:00\",\"dateModified\":\"2020-12-10T03:22:26+00:00\",\"description\":\"Tem uma pergunta sobre criptomoedas ou tokens gr\u00e1tis? Entre em contato comigo atrav\u00e9s do formul\u00e1rio nesta p\u00e1gina. E retornaremos o mais breve poss\u00edvel.\",\"breadcrumb\":{\"@id\":\"https:\\\/\\\/coinairdrops.com\\\/pt-br\\\/fale-conosco\\\/#breadcrumb\"},\"inLanguage\":\"pt-BR\",\"potentialAction\":[{\"@type\":\"ReadAction\",\"target\":[\"https:\\\/\\\/coinairdrops.com\\\/pt-br\\\/fale-conosco\\\/\"]}]},{\"@type\":\"BreadcrumbList\",\"@id\":\"https:\\\/\\\/coinairdrops.com\\\/pt-br\\\/fale-conosco\\\/#breadcrumb\",\"itemListElement\":[{\"@type\":\"ListItem\",\"position\":1,\"name\":\"Home\",\"item\":\"https:\\\/\\\/coinairdrops.com\\\/pt-br\\\/\"},{\"@type\":\"ListItem\",\"position\":2,\"name\":\"Fale conosco\"}]},{\"@type\":\"WebSite\",\"@id\":\"https:\\\/\\\/coinairdrops.com\\\/pt-br\\\/#website\",\"url\":\"https:\\\/\\\/coinairdrops.com\\\/pt-br\\\/\",\"name\":\"Coin Airdrops\",\"description\":\"Don&#039;t miss a single crypto airdrop!\",\"publisher\":{\"@id\":\"https:\\\/\\\/coinairdrops.com\\\/pt-br\\\/#organization\"},\"potentialAction\":[{\"@type\":\"SearchAction\",\"target\":{\"@type\":\"EntryPoint\",\"urlTemplate\":\"https:\\\/\\\/coinairdrops.com\\\/pt-br\\\/?s={search_term_string}\"},\"query-input\":{\"@type\":\"PropertyValueSpecification\",\"valueRequired\":true,\"valueName\":\"search_term_string\"}}],\"inLanguage\":\"pt-BR\"},{\"@type\":\"Organization\",\"@id\":\"https:\\\/\\\/coinairdrops.com\\\/pt-br\\\/#organization\",\"name\":\"Coin Airdrops\",\"url\":\"https:\\\/\\\/coinairdrops.com\\\/pt-br\\\/\",\"logo\":{\"@type\":\"ImageObject\",\"inLanguage\":\"pt-BR\",\"@id\":\"https:\\\/\\\/coinairdrops.com\\\/pt-br\\\/#\\\/schema\\\/logo\\\/image\\\/\",\"url\":\"https:\\\/\\\/coinairdrops.com\\\/wp-content\\\/uploads\\\/2020\\\/03\\\/coinairdrops-310x34-1.svg\",\"contentUrl\":\"https:\\\/\\\/coinairdrops.com\\\/wp-content\\\/uploads\\\/2020\\\/03\\\/coinairdrops-310x34-1.svg\",\"caption\":\"Coin Airdrops\"},\"image\":{\"@id\":\"https:\\\/\\\/coinairdrops.com\\\/pt-br\\\/#\\\/schema\\\/logo\\\/image\\\/\"},\"sameAs\":[\"https:\\\/\\\/www.facebook.com\\\/coinairdrops\\\/\",\"https:\\\/\\\/x.com\\\/coinairdrops\",\"https:\\\/\\\/www.pinterest.com\\\/coinairdrops\\\/\",\"https:\\\/\\\/vk.com\\\/coinairdrops\",\"https:\\\/\\\/t.me\\\/coinzairdrops\"]}]}<\/script>\n<!-- \/ Yoast SEO plugin. -->","yoast_head_json":{"title":"Fale conosco &#8226; Coin Airdrops","description":"Tem uma pergunta sobre criptomoedas ou tokens gr\u00e1tis? Entre em contato comigo atrav\u00e9s do formul\u00e1rio nesta p\u00e1gina. E retornaremos o mais breve poss\u00edvel.","robots":{"index":"index","follow":"follow","max-snippet":"max-snippet:-1","max-image-preview":"max-image-preview:large","max-video-preview":"max-video-preview:-1"},"canonical":"https:\/\/coinairdrops.com\/pt-br\/fale-conosco\/","og_locale":"pt_BR","og_type":"article","og_title":"Fale conosco &#8226; Coin Airdrops","og_description":"Tem uma pergunta sobre criptomoedas ou tokens gr\u00e1tis? Entre em contato comigo atrav\u00e9s do formul\u00e1rio nesta p\u00e1gina. E retornaremos o mais breve poss\u00edvel.","og_url":"https:\/\/coinairdrops.com\/pt-br\/fale-conosco\/","og_site_name":"Coin Airdrops","article_publisher":"https:\/\/www.facebook.com\/coinairdrops\/","article_modified_time":"2020-12-10T03:22:26+00:00","twitter_card":"summary_large_image","twitter_site":"@coinairdrops","twitter_misc":{"Est. tempo de leitura":"1 minuto"},"schema":{"@context":"https:\/\/schema.org","@graph":[{"@type":"WebPage","@id":"https:\/\/coinairdrops.com\/pt-br\/fale-conosco\/","url":"https:\/\/coinairdrops.com\/pt-br\/fale-conosco\/","name":"Fale conosco &#8226; Coin Airdrops","isPartOf":{"@id":"https:\/\/coinairdrops.com\/pt-br\/#website"},"datePublished":"2020-05-06T07:05:21+00:00","dateModified":"2020-12-10T03:22:26+00:00","description":"Tem uma pergunta sobre criptomoedas ou tokens gr\u00e1tis? Entre em contato comigo atrav\u00e9s do formul\u00e1rio nesta p\u00e1gina. E retornaremos o mais breve poss\u00edvel.","breadcrumb":{"@id":"https:\/\/coinairdrops.com\/pt-br\/fale-conosco\/#breadcrumb"},"inLanguage":"pt-BR","potentialAction":[{"@type":"ReadAction","target":["https:\/\/coinairdrops.com\/pt-br\/fale-conosco\/"]}]},{"@type":"BreadcrumbList","@id":"https:\/\/coinairdrops.com\/pt-br\/fale-conosco\/#breadcrumb","itemListElement":[{"@type":"ListItem","position":1,"name":"Home","item":"https:\/\/coinairdrops.com\/pt-br\/"},{"@type":"ListItem","position":2,"name":"Fale conosco"}]},{"@type":"WebSite","@id":"https:\/\/coinairdrops.com\/pt-br\/#website","url":"https:\/\/coinairdrops.com\/pt-br\/","name":"Coin Airdrops","description":"Don&#039;t miss a single crypto airdrop!","publisher":{"@id":"https:\/\/coinairdrops.com\/pt-br\/#organization"},"potentialAction":[{"@type":"SearchAction","target":{"@type":"EntryPoint","urlTemplate":"https:\/\/coinairdrops.com\/pt-br\/?s={search_term_string}"},"query-input":{"@type":"PropertyValueSpecification","valueRequired":true,"valueName":"search_term_string"}}],"inLanguage":"pt-BR"},{"@type":"Organization","@id":"https:\/\/coinairdrops.com\/pt-br\/#organization","name":"Coin Airdrops","url":"https:\/\/coinairdrops.com\/pt-br\/","logo":{"@type":"ImageObject","inLanguage":"pt-BR","@id":"https:\/\/coinairdrops.com\/pt-br\/#\/schema\/logo\/image\/","url":"https:\/\/coinairdrops.com\/wp-content\/uploads\/2020\/03\/coinairdrops-310x34-1.svg","contentUrl":"https:\/\/coinairdrops.com\/wp-content\/uploads\/2020\/03\/coinairdrops-310x34-1.svg","caption":"Coin Airdrops"},"image":{"@id":"https:\/\/coinairdrops.com\/pt-br\/#\/schema\/logo\/image\/"},"sameAs":["https:\/\/www.facebook.com\/coinairdrops\/","https:\/\/x.com\/coinairdrops","https:\/\/www.pinterest.com\/coinairdrops\/","https:\/\/vk.com\/coinairdrops","https:\/\/t.me\/coinzairdrops"]}]}},"_links":{"self":[{"href":"https:\/\/coinairdrops.com\/pt-br\/wp-json\/wp\/v2\/pages\/4796","targetHints":{"allow":["GET"]}}],"collection":[{"href":"https:\/\/coinairdrops.com\/pt-br\/wp-json\/wp\/v2\/pages"}],"about":[{"href":"https:\/\/coinairdrops.com\/pt-br\/wp-json\/wp\/v2\/types\/page"}],"author":[{"embeddable":true,"href":"https:\/\/coinairdrops.com\/pt-br\/wp-json\/wp\/v2\/users\/1"}],"replies":[{"embeddable":true,"href":"https:\/\/coinairdrops.com\/pt-br\/wp-json\/wp\/v2\/comments?post=4796"}],"version-history":[{"count":3,"href":"https:\/\/coinairdrops.com\/pt-br\/wp-json\/wp\/v2\/pages\/4796\/revisions"}],"predecessor-version":[{"id":4799,"href":"https:\/\/coinairdrops.com\/pt-br\/wp-json\/wp\/v2\/pages\/4796\/revisions\/4799"}],"wp:attachment":[{"href":"https:\/\/coinairdrops.com\/pt-br\/wp-json\/wp\/v2\/media?parent=4796"}],"curies":[{"name":"wp","href":"https:\/\/api.w.org\/{rel}","templated":true}]}}