{"id":4786,"date":"2020-05-06T01:05:17","date_gmt":"2020-05-06T08:05:17","guid":{"rendered":"https:\/\/coinairdrops.com\/?page_id=4786"},"modified":"2023-03-17T00:44:29","modified_gmt":"2023-03-17T07:44:29","slug":"pagina-inicial","status":"publish","type":"page","link":"https:\/\/coinairdrops.com\/pt-br\/","title":{"rendered":"Pagina inicial"},"content":{"rendered":"\n<div class=\"wp-block-rehub-featured-section rhpb-featured-section rhpb-86b24af9-30c8-4e33-bfe5-f55b59857a6b\">\r\n<div class=\"wpsm_featured_wrap flowhidden mb35 wpsm_featured_3\" id=\"feat_area287366583\">\r\n\t<style>\r\n              .wpsm_featured_wrap{overflow: hidden; margin-bottom: 35px}\r\n              .side-twocol .columns { height: 220px; position: relative; overflow: hidden; }\r\n              .side-twocol .columns .col-item{height: 100%}\r\n              .side-twocol .news_in_thumb figure{min-height: 100px; margin: 0}\r\n              .side-twocol figure img, .side-twocol figure{height: 100%; width: 100% }\r\n              .col-feat-grid{z-index:2; background-position: center center;background-size: cover; position: relative;}\r\n              .col-feat-grid.item-1, .col-feat-50{ width: 50%; float: left; height: 450px}\r\n              .col-feat-50 .col-feat-grid{ width: calc(50% - 5px); float: left; height: 220px}\r\n              .feat_overlay_link{width: 100%;height: 100%;position: absolute;z-index: 10; bottom: 0; left: 0; right: 0;}\r\n              .col-feat-grid.item-1 .text_in_thumb h2{ font-size: 28px; line-height: 34px}\r\n              .featured_grid .wcvendors_sold_by_in_loop{color: #eee}\r\n              .featured_grid .wcvendors_sold_by_in_loop a{color: #fff}\r\n              .blacklabelprice {margin: 0 0 12px 0;background: #000000;padding: 8px;display: inline-block;font-weight: bold;}\r\n              .blacklabelprice del{opacity: 0.8 !important;font-weight: normal; color: #fff !important}\r\n              .feat-grid-overlay .price del{opacity: 0.7}\r\n              .col-feat-grid:after {bottom: 0;content: \"\";display: block;height: 80%;width: 100%;position: absolute;z-index: 1;pointer-events: none;background: linear-gradient(to bottom,rgba(0,0,0,0) 0%,rgba(0,0,0,0.6) 100%);transition: 0.5s;}\r\n              .col-feat-grid .feat-grid-overlay{position: absolute;bottom: 0px;color: #ffffff; z-index: 9; white-space:normal;}\r\n              .col-feat-grid:hover .text_in_thumb {padding-bottom: 25px}\r\n              .col-feat-grid:hover:after{opacity: 0.8}\r\n              .lazy-bg-loaded.col-feat-grid{background-size:cover; background-repeat:no-repeat}\r\n\r\n              @media screen and (max-width: 1224px) and (min-width: 1024px) {\r\n              .col-feat-grid.item-1, .col-feat-50{ height: 380px}\r\n              .col-feat-50 .col-feat-grid{height: 185px}\r\n              .side-twocol .columns {height: 200px}\r\n              }\r\n              @media screen and (max-width: 1023px) {\r\n              .col-feat-grid.item-1, .col-feat-50 { float: none; width: 100%; margin-bottom: 10px; overflow: hidden;  }\r\n              .col-feat-50{margin: 0}\r\n              .side-twocol .columns{  width: 48.5%; float: left;}\r\n              .side-twocol .col-1 {margin: 0 3% 0 0;}\r\n              .side-twocol .columns a.comment{ display:none}\r\n              .side-twocol .columns{height: auto;}\r\n              }\r\n              @media only screen and (max-width: 767px) {\r\n              .col-feat-50 .col-feat-grid{ height: 200px}\r\n              .col-feat-50 {height: auto;}\r\n              .col-feat-grid.item-1{height: 350px} \r\n              .col-feat-grid.item-1 .text_in_thumb h2{font-size: 21px;line-height: 24px}\r\n              }\r\n              @media only screen and (max-width: 400px) {.col-feat-grid.item-1{height: 260px} }\r\n            <\/style>\t<div class=\"featured_grid flowhidden\">\t\r\n\t\t\t\t\t\t\t\t\t\t<div class=\"col-feat-grid col_item flowhidden rh-hovered-wrap item-1\">\r\n\t\t\t\t<style>\r\n\t\t\t\t\t#feat_area287366583 .item-1{\r\n\t\t\t\t\t\tbackground-image: url('https:\/\/coinairdrops.com\/wp-content\/uploads\/2020\/02\/publish0x-airdrop-1024x512.jpg');\r\n\t\t\t\t\t}\r\n\t\t\t\t<\/style>\r\n\t\t\t\t<a href=\"https:\/\/coinairdrops.com\/pt-br\/publish0x\/\" class=\"feat_overlay_link\"><\/a> \r\n\t\t  \t\t<div class=\"feat-grid-overlay text_in_thumb pt0 pr20 pb10 pl20 csstransall\">\r\n\t      \t\t\t<div class=\"inner_meta mb5\">    \t\t\t\t\r\n\t\t\t                   \t\t\t\t\r\n\t      \t\t\t<\/div>\r\n\t\t    \t\t<h2 class=\"mt0\"><a href=\"https:\/\/coinairdrops.com\/pt-br\/publish0x\/\">Publish0x<\/a><\/h2>\r\n\t\t    \t\t<div class=\"post-meta\"> \t\t<span class=\"date_meta\">\n  \t\t\t \t\t\t\t 15 de setembro de 2020 \t\t\t \t\t<\/span> \t\n\t<\/div>\t            \t\t\r\n\t\t    \t<\/div> \r\n\t\t\t<\/div>\r\n\t\t\t\t<div class=\" smart-scroll-mobile one-col-mob scroll-on-mob-nomargin disabletabletspadding col-feat-50 rh-flex-columns rh-flex-space-between pl10\">\t\t\t\t\t\t<div class=\"col-feat-grid col_item flowhidden rh-hovered-wrap item-2\">\r\n\t\t\t\t<style>\r\n\t\t\t\t\t#feat_area287366583 .item-2{\r\n\t\t\t\t\t\tbackground-image: url('https:\/\/coinairdrops.com\/wp-content\/uploads\/2019\/08\/brave-airdrop.png');\r\n\t\t\t\t\t}\r\n\t\t\t\t<\/style>\r\n\t\t\t\t<a href=\"https:\/\/coinairdrops.com\/pt-br\/brave-navegador-ganhar-bat-gratis\/\" class=\"feat_overlay_link\"><\/a> \r\n\t\t  \t\t<div class=\"feat-grid-overlay text_in_thumb pt0 pr20 pb10 pl20 csstransall\">\r\n\t      \t\t\t<div class=\"inner_meta mb5\">    \t\t\t\t\r\n\t\t\t                   \t\t\t\t\r\n\t      \t\t\t<\/div>\r\n\t\t    \t\t<h2 class=\"mt0\"><a href=\"https:\/\/coinairdrops.com\/pt-br\/brave-navegador-ganhar-bat-gratis\/\">Brave (BAT)<\/a><\/h2>\r\n\t\t    \t\t\t            \t\t\r\n\t\t    \t<\/div> \r\n\t\t\t<\/div>\r\n\t\t<\/div>\t\t\t<\/div>\r\n<\/div>\r\n\r\n\r\n<\/div>\n\n\n\n<h1 class=\"wp-block-heading\">N\u00e3o perca um \u00fanico coin airdrop! Reivindique seus tokens gr\u00e1tis!<\/h1>\n\n\n\n<p>Bem-vindo ao CoinAirdrops.com, seu site de crypto airdrops (lan\u00e7amento de criptomoedas) n\u00famero um! Para nossa equipe, tudo come\u00e7ou em outubro de 2017. E continuamos crescendo desde ent\u00e3o.<\/p>\n\n\n\n<div class=\"news-post\">\n<p>INSCREVA-SE PARA GANHAR CRIPTOMOEDAS GRATUITAS<\/p>\n<form class=\"ampforwp-form-allow\" method=\"post\" action=\"https:\/\/sendfox.com\/form\/3668j3\/1gjkl6\" target=\"_blank\">\n  <input type=\"email\" placeholder=\"endere\u00e7o de e-mail\" name=\"email\" required=\"\">\n  <input type=\"submit\" value=\"Inscreva-se\">\n<\/form>\n<\/div>\n\n\n\n<p>Mas qual \u00e9 o airdrop que voc\u00ea pergunta? Continue lendo e voc\u00ea descobrir\u00e1&#8230; Neste site de crypto airdrop, voc\u00ea encontrar\u00e1 todos os coin airdrops mais recentes para criar dinheiro sem gastar um centavo! Porque hoje em dia voc\u00ea pode encontrar dezenas de airdrops criptogr\u00e1ficos ativos ao mesmo tempo. E toneladas de pessoas, como voc\u00ea, est\u00e3o procurando obter algumas criptomoedas e tokens gratuitos. Por isso, decidimos agregar todas as informa\u00e7\u00f5es de airdrops dispon\u00edveis na web. E colocamos todos eles neste site de alerta de crypto airdrops!<\/p>\n\n\n\n<h2 class=\"wp-block-heading\">O que \u00e9 um Crypto Airdrop?<\/h2>\n\n\n\n<p>Primeiro de tudo, vamos nos concentrar no significado. O que significa airdrop? Talvez voc\u00ea seja um novato no mundo das criptomoedas. E voc\u00ea precisa saber com o que est\u00e1 lidando&#8230; Ent\u00e3o, um coin airdrop \u00e9 <strong>um evento de tempo limitado criado por projetos para promover suas moedas criptografadas<\/strong>. Qu\u00e3o? Distribuindo tokens ou moedas para os primeiros usu\u00e1rios, de gra\u00e7a.&nbsp;<\/p>\n\n\n\n<p>Embora n\u00e3o haja muitos requisitos para obter moedas gratuitas no airdrop, voc\u00ea pode precisar trabalhar um pouco (criar uma postagem, curta uma p\u00e1gina do Facebook etc.). Ou voc\u00ea pode ter que compartilhar algumas informa\u00e7\u00f5es pessoais (seu perfil do Facebook ou conceder acesso \u00e0 sua lista de contatos).<\/p>\n\n\n\n<p>Al\u00e9m disso, pode ser necess\u00e1rio estar ativo na comunidade de criptografia. De fato, algumas airdrops s\u00e3o restritas. E os iniciantes n\u00e3o podem entrar&#8230;<\/p>\n\n\n\n<p>Al\u00e9m disso, voc\u00ea pode precisar de algumas moedas de uma blockchain especificada em sua carteira. Muito provavelmente bitcoins ou \u00e9teres, porque s\u00e3o os mais populares. Mas um crypto airdrop pode ser feito em qualquer blockchain. No entanto, o ethereum est\u00e1 dominando o setor de distribui\u00e7\u00e3o de criptomoedas, com seus tokens ERC20 e ERC223. E isso \u00e9 muito conveniente, para ter todas as suas moedas de airdrop na mesma carteira! Listamos convenientemente todos os airdrops ethereum em uma p\u00e1gina.<\/p>\n\n\n\n<p>E isso nos leva \u00e0 melhor parte: voc\u00ea pode <strong>receber criptomoedas gr\u00e1tis a qualquer momento<\/strong>! De fato, algumas plataformas distribuem tokens para pessoas que possuem algumas de suas moedas. Portanto, recomendo que voc\u00ea mantenha um pouco das moedas mais populares do seu portf\u00f3lio. E obtenha o m\u00e1ximo de fichas gr\u00e1tis poss\u00edvel!<\/p>\n\n\n\n<p>Al\u00e9m disso, n\u00e3o se preocupe muito com os requisitos de coin airdrops. Porque explicamos como obter tokens gr\u00e1tis para todos os pr\u00f3ximos airdrops!<\/p>\n\n\n\n<h2 class=\"wp-block-heading\">Por que as pessoas distribuem moedas gr\u00e1tis via Airdrops?<\/h2>\n\n\n\n<p>Agora voc\u00ea sabe <strong>o que \u00e9 um airdrop<\/strong>. Mas por que os projetos distribuiriam criptomoedas gratuitas? Um airdrop criptogr\u00e1fico \u00e9 uma situa\u00e7\u00e3o em que todos saem ganhando: por um lado, voc\u00ea recebe tokens gr\u00e1tis. E, por outro lado, os projetos aumentam a conscientiza\u00e7\u00e3o sobre seus ativos digitais.<\/p>\n\n\n\n<p>Porque \u00e9 <strong>publicidade gratuita<\/strong> para eles, dando tokens que valem quase nada. E assim, eles s\u00e3o capazes de <strong>criar uma comunidade<\/strong>. De fato, se voc\u00ea der tokens \u00e0s pessoas, elas provavelmente se envolver\u00e3o para ganhar dinheiro com isso.<\/p>\n\n\n\n<p>Al\u00e9m disso, distribuir alguns tokens <strong>faz com que a nova moeda seja valorizada<\/strong>. Porque se voc\u00ea possui um token, est\u00e1 inclinado a dar mais valor a ele do que se n\u00e3o tivesse ouvido falar.<\/p>\n\n\n\n<p>Al\u00e9m disso, \u00e9 uma maneira acess\u00edvel de <strong>criar um banco de dados de clientes<\/strong>. E n\u00e3o preciso lembr\u00e1-lo do ditado: se voc\u00ea n\u00e3o est\u00e1 pagando, \u00e9 o produto! Como esses projetos coletam todos os dados poss\u00edveis em troca de alguns tokens&#8230;<\/p>\n\n\n\n<p>Finalmente, parece que h\u00e1 uma nova tend\u00eancia de moedas digitais que n\u00e3o exigem minera\u00e7\u00e3o de moedas. E esse \u00e9 um conceito interessante quando vemos quanta energia e poder de computa\u00e7\u00e3o s\u00e3o necess\u00e1rios para minerar bitcoins. Para que os usu\u00e1rios n\u00e3o minerem moedas, eles as geram durante um Token Generation Event (TGE). E \u00e0s vezes os projetos distribuem todos os seus tokens durante uma campanha de criptomoedas!<\/p>\n\n\n\n<h2 class=\"wp-block-heading\">Como funciona um Crypto Airdrop?<\/h2>\n\n\n\n<p>Coin-airdrops \u00e9 um novo m\u00e9todo para <strong>distribuir tokens gratuitos<\/strong>. Como resultado, ainda n\u00e3o existe um conjunto padr\u00e3o de regras. E cada equipe pode solicitar o que quiser de seus seguidores.<\/p>\n\n\n\n<p>Mas sempre tenha cuidado com os golpistas! Os airdrops de moeda leg\u00edtima nunca exigir\u00e3o que voc\u00ea compartilhe suas chaves privadas. E se voc\u00ea encontrar um que o fa\u00e7a, informe-o \u00e0 comunidade. Porque pessoas sem escr\u00fapulos est\u00e3o definitivamente por tr\u00e1s disso.<\/p>\n\n\n\n<p>Enquanto fornecemos o m\u00e1ximo de detalhes poss\u00edvel, voc\u00ea pode entrar em contato diretamente com o desenvolvedor.<\/p>\n\n\n\n<p>Se voc\u00ea precisar de moedas espec\u00edficas durante um airdrop, a equipe tirar\u00e1 uma foto da blockchain correspondente. E somente as pessoas que possuem a moeda criptogr\u00e1fica em sua carteira naquele momento poder\u00e3o obter a criptografia gratuita. Embora voc\u00ea possa obter os tokens automaticamente, tamb\u00e9m poder\u00e1 ser solicitado a <strong>reivindicar os tokens<\/strong> no site do projeto.<\/p>\n\n\n\n<p>Se o coin airdrop estiver vinculado a uma rede de m\u00eddia social, voc\u00ea precisar\u00e1 <strong>compartilhar ou retuitar<\/strong> uma postagem com um link para o projeto. E voc\u00ea pode precisar de uma certa quantidade de seguidores para se qualificar&#8230; Al\u00e9m disso, algumas equipes solicitam acesso aos seus detalhes de contato e \u00e0 lista de amigos!<\/p>\n\n\n\n<h2 class=\"wp-block-heading\">Recebi moedas gr\u00e1tis: o que fa\u00e7o agora?<\/h2>\n\n\n\n<p>Parab\u00e9ns por receber algumas criptomoedas gr\u00e1tis. Mas e agora? Ap\u00f3s o airdrop, <strong>n\u00e3o h\u00e1 muito o que fazer<\/strong>. Porque ningu\u00e9m ouviu falar da nova moeda criptogr\u00e1fica&#8230; E ainda nem est\u00e1 dispon\u00edvel em nenhuma troca.<\/p>\n\n\n\n<p>Embora voc\u00ea possa <strong>trocar moedas com outros pioneiros<\/strong>, suas solu\u00e7\u00f5es s\u00e3o limitadas. E, apesar do valor que o projeto anuncia, realmente n\u00e3o vale nada.<\/p>\n\n\n\n<p>Mas isso se torna interessante quando a nova criptografia chega nas trocas. E \u00e9 a\u00ed que voc\u00ea sabe o pre\u00e7o real dos tokens que recebeu. No entanto, a maioria das pessoas geralmente quer <strong>vender suas moedas<\/strong>, obter dinheiro &#8220;real&#8221;. Portanto, o pre\u00e7o pode n\u00e3o corresponder \u00e0s suas expectativas&#8230;<\/p>\n\n\n\n<p>De qualquer forma, voc\u00ea n\u00e3o precisa vender suas criptomoedas gr\u00e1tis, pode <strong>segur\u00e1-las<\/strong> para uso posterior.<\/p>\n\n\n\n<p>Como manter suas novas criptomoedas gratuitas em seguran\u00e7a?<\/p>\n\n\n\n<p>Primeiro de tudo, voc\u00ea <strong>precisa de uma carteira<\/strong> para poder receber, manter e enviar sua nova criptografia. Embora voc\u00ea possa encontrar muitas carteiras baseadas na Web, recomendo que voc\u00ea use uma carteira de hardware. <a href=\"https:\/\/coinairdrops.com\/go\/trezor\" target=\"_blank\" rel=\"noreferrer noopener nofollow\">Trezor<\/a> \u00e9 a carteira fria original e mais segura. E \u00e9 <strong>compat\u00edvel com a maioria dos tokens<\/strong>!<\/p>\n\n\n\n<p>E voc\u00ea deve <strong>manter suas chaves privadas em segredo<\/strong>. Caso contr\u00e1rio, eles n\u00e3o s\u00e3o seus. Embora voc\u00ea possa compartilhar seu endere\u00e7o criptogr\u00e1fico, voc\u00eadeve <strong>nuncacompartilhar sua chave privada! Se o fizer, voc\u00ea perder\u00e1 suas moedas<\/strong>.<\/p>\n\n\n\n<p>Por fim, lembre-se de que este \u00e9 o <strong>melhor site de alerta de airdrop<\/strong>! Ent\u00e3o n\u00e3o se esque\u00e7a de se inscrever para o nosso boletim acima, ou para se inscrever em nosso <a href=\"https:\/\/t.me\/coinzairdrops\">canal Telegram<\/a>, nossa <a href=\"https:\/\/www.facebook.com\/coinairdrops\/\">p\u00e1gina no Facebook<\/a>, ou nossa <a href=\"https:\/\/twitter.com\/coinairdrops\">conta no Twitter<\/a>. E voc\u00ea n\u00e3o perder\u00e1 um \u00fanico airdrop!<\/p>\n\n\n<div class=\"wpsm_promobox\" style=\"background-color:#0a0a08 !important; color:#ffffff;\"><a href=\"https:\/\/coinairdrops.com\/submit-airdrop\/\" class=\"wpsm-button rehub_main_btn\" target=\"_blank\" rel=\"nofollow\"><span>LISTA SEU PROJETO<\/span><\/a><div class=\"title_promobox\">Atraia mais aten\u00e7\u00e3o ao seu projeto<\/div><p>Cres\u00e7a sua comunidade com CoinAirdrops.com<\/p><\/div>","protected":false},"excerpt":{"rendered":"<p>N\u00e3o perca um \u00fanico coin airdrop! Reivindique seus tokens gr\u00e1tis! Bem-vindo ao CoinAirdrops.com, seu site de crypto airdrops (lan\u00e7amento de criptomoedas) n\u00famero um! Para nossa equipe, tudo come\u00e7ou em outubro de 2017. E continuamos crescendo desde ent\u00e3o. INSCREVA-SE PARA GANHAR CRIPTOMOEDAS GRATUITAS Mas qual \u00e9 o airdrop que voc\u00ea pergunta? Continue lendo e voc\u00ea descobrir\u00e1&#8230; [&hellip;]<\/p>\n","protected":false},"author":1,"featured_media":5080,"parent":0,"menu_order":0,"comment_status":"closed","ping_status":"closed","template":"","meta":{"_acf_changed":false,"inline_featured_image":false,"footnotes":""},"class_list":["post-4786","page","type-page","status-publish","has-post-thumbnail","hentry"],"acf":[],"yoast_head":"<!-- This site is optimized with the Yoast SEO plugin v27.3 - https:\/\/yoast.com\/product\/yoast-seo-wordpress\/ -->\n<title>Lista de Crypto Airdrops 2026: Obter Criptomoedas Gr\u00e1tis Diariamente!<\/title>\n<meta name=\"description\" content=\"O que \u00e9 um crypto airdrop? Uma maneira de obter tokens e criptomoedas gr\u00e1tis. Clique aqui para participar de campanhas de coin airdrops e receber alertas.\" \/>\n<meta name=\"robots\" content=\"index, follow, max-snippet:-1, max-image-preview:large, max-video-preview:-1\" \/>\n<link rel=\"canonical\" href=\"https:\/\/coinairdrops.com\/pt-br\/\" \/>\n<meta property=\"og:locale\" content=\"pt_BR\" \/>\n<meta property=\"og:type\" content=\"article\" \/>\n<meta property=\"og:title\" content=\"Lista de Crypto Airdrops [yr]: Obter Criptomoedas Gr\u00e1tis Diariamente!\" \/>\n<meta property=\"og:description\" content=\"O que \u00e9 um crypto airdrop? Uma maneira de obter tokens e criptomoedas gr\u00e1tis. Clique aqui para participar de campanhas de coin airdrops e receber alertas.\" \/>\n<meta property=\"og:url\" content=\"https:\/\/coinairdrops.com\/pt-br\/\" \/>\n<meta property=\"og:site_name\" content=\"Coin Airdrops\" \/>\n<meta property=\"article:publisher\" content=\"https:\/\/www.facebook.com\/coinairdrops\/\" \/>\n<meta property=\"article:modified_time\" content=\"2023-03-17T07:44:29+00:00\" \/>\n<meta property=\"og:image\" content=\"https:\/\/coinairdrops.com\/wp-content\/uploads\/2017\/12\/coinairdrops-512x512.png\" \/>\n\t<meta property=\"og:image:width\" content=\"512\" \/>\n\t<meta property=\"og:image:height\" content=\"512\" \/>\n\t<meta property=\"og:image:type\" content=\"image\/png\" \/>\n<meta name=\"twitter:card\" content=\"summary_large_image\" \/>\n<meta name=\"twitter:site\" content=\"@coinairdrops\" \/>\n<meta name=\"twitter:label1\" content=\"Est. tempo de leitura\" \/>\n\t<meta name=\"twitter:data1\" content=\"5 minutos\" \/>\n<script type=\"application\/ld+json\" class=\"yoast-schema-graph\">{\"@context\":\"https:\\\/\\\/schema.org\",\"@graph\":[{\"@type\":\"WebPage\",\"@id\":\"https:\\\/\\\/coinairdrops.com\\\/pt-br\\\/\",\"url\":\"https:\\\/\\\/coinairdrops.com\\\/pt-br\\\/\",\"name\":\"Lista de Crypto Airdrops [yr]: Obter Criptomoedas Gr\u00e1tis Diariamente!\",\"isPartOf\":{\"@id\":\"https:\\\/\\\/coinairdrops.com\\\/pt-br\\\/#website\"},\"primaryImageOfPage\":{\"@id\":\"https:\\\/\\\/coinairdrops.com\\\/pt-br\\\/#primaryimage\"},\"image\":{\"@id\":\"https:\\\/\\\/coinairdrops.com\\\/pt-br\\\/#primaryimage\"},\"thumbnailUrl\":\"https:\\\/\\\/coinairdrops.com\\\/wp-content\\\/uploads\\\/2017\\\/12\\\/coinairdrops-512x512.png\",\"datePublished\":\"2020-05-06T08:05:17+00:00\",\"dateModified\":\"2023-03-17T07:44:29+00:00\",\"description\":\"O que \u00e9 um crypto airdrop? Uma maneira de obter tokens e criptomoedas gr\u00e1tis. Clique aqui para participar de campanhas de coin airdrops e receber alertas.\",\"breadcrumb\":{\"@id\":\"https:\\\/\\\/coinairdrops.com\\\/pt-br\\\/#breadcrumb\"},\"inLanguage\":\"pt-BR\",\"potentialAction\":[{\"@type\":\"ReadAction\",\"target\":[\"https:\\\/\\\/coinairdrops.com\\\/pt-br\\\/\"]}]},{\"@type\":\"ImageObject\",\"inLanguage\":\"pt-BR\",\"@id\":\"https:\\\/\\\/coinairdrops.com\\\/pt-br\\\/#primaryimage\",\"url\":\"https:\\\/\\\/coinairdrops.com\\\/wp-content\\\/uploads\\\/2017\\\/12\\\/coinairdrops-512x512.png\",\"contentUrl\":\"https:\\\/\\\/coinairdrops.com\\\/wp-content\\\/uploads\\\/2017\\\/12\\\/coinairdrops-512x512.png\",\"width\":512,\"height\":512,\"caption\":\"crypto airdrop\"},{\"@type\":\"BreadcrumbList\",\"@id\":\"https:\\\/\\\/coinairdrops.com\\\/pt-br\\\/#breadcrumb\",\"itemListElement\":[{\"@type\":\"ListItem\",\"position\":1,\"name\":\"Home\",\"item\":\"https:\\\/\\\/coinairdrops.com\\\/pt-br\\\/\"},{\"@type\":\"ListItem\",\"position\":2,\"name\":\"Pagina inicial\"}]},{\"@type\":\"WebSite\",\"@id\":\"https:\\\/\\\/coinairdrops.com\\\/pt-br\\\/#website\",\"url\":\"https:\\\/\\\/coinairdrops.com\\\/pt-br\\\/\",\"name\":\"Coin Airdrops\",\"description\":\"Don&#039;t miss a single crypto airdrop!\",\"publisher\":{\"@id\":\"https:\\\/\\\/coinairdrops.com\\\/pt-br\\\/#organization\"},\"potentialAction\":[{\"@type\":\"SearchAction\",\"target\":{\"@type\":\"EntryPoint\",\"urlTemplate\":\"https:\\\/\\\/coinairdrops.com\\\/pt-br\\\/?s={search_term_string}\"},\"query-input\":{\"@type\":\"PropertyValueSpecification\",\"valueRequired\":true,\"valueName\":\"search_term_string\"}}],\"inLanguage\":\"pt-BR\"},{\"@type\":\"Organization\",\"@id\":\"https:\\\/\\\/coinairdrops.com\\\/pt-br\\\/#organization\",\"name\":\"Coin Airdrops\",\"url\":\"https:\\\/\\\/coinairdrops.com\\\/pt-br\\\/\",\"logo\":{\"@type\":\"ImageObject\",\"inLanguage\":\"pt-BR\",\"@id\":\"https:\\\/\\\/coinairdrops.com\\\/pt-br\\\/#\\\/schema\\\/logo\\\/image\\\/\",\"url\":\"https:\\\/\\\/coinairdrops.com\\\/wp-content\\\/uploads\\\/2020\\\/03\\\/coinairdrops-310x34-1.svg\",\"contentUrl\":\"https:\\\/\\\/coinairdrops.com\\\/wp-content\\\/uploads\\\/2020\\\/03\\\/coinairdrops-310x34-1.svg\",\"caption\":\"Coin Airdrops\"},\"image\":{\"@id\":\"https:\\\/\\\/coinairdrops.com\\\/pt-br\\\/#\\\/schema\\\/logo\\\/image\\\/\"},\"sameAs\":[\"https:\\\/\\\/www.facebook.com\\\/coinairdrops\\\/\",\"https:\\\/\\\/x.com\\\/coinairdrops\",\"https:\\\/\\\/www.pinterest.com\\\/coinairdrops\\\/\",\"https:\\\/\\\/vk.com\\\/coinairdrops\",\"https:\\\/\\\/t.me\\\/coinzairdrops\"]}]}<\/script>\n<!-- \/ Yoast SEO plugin. -->","yoast_head_json":{"title":"Lista de Crypto Airdrops 2026: Obter Criptomoedas Gr\u00e1tis Diariamente!","description":"O que \u00e9 um crypto airdrop? Uma maneira de obter tokens e criptomoedas gr\u00e1tis. Clique aqui para participar de campanhas de coin airdrops e receber alertas.","robots":{"index":"index","follow":"follow","max-snippet":"max-snippet:-1","max-image-preview":"max-image-preview:large","max-video-preview":"max-video-preview:-1"},"canonical":"https:\/\/coinairdrops.com\/pt-br\/","og_locale":"pt_BR","og_type":"article","og_title":"Lista de Crypto Airdrops [yr]: Obter Criptomoedas Gr\u00e1tis Diariamente!","og_description":"O que \u00e9 um crypto airdrop? Uma maneira de obter tokens e criptomoedas gr\u00e1tis. Clique aqui para participar de campanhas de coin airdrops e receber alertas.","og_url":"https:\/\/coinairdrops.com\/pt-br\/","og_site_name":"Coin Airdrops","article_publisher":"https:\/\/www.facebook.com\/coinairdrops\/","article_modified_time":"2023-03-17T07:44:29+00:00","og_image":[{"width":512,"height":512,"url":"https:\/\/coinairdrops.com\/wp-content\/uploads\/2017\/12\/coinairdrops-512x512.png","type":"image\/png"}],"twitter_card":"summary_large_image","twitter_site":"@coinairdrops","twitter_misc":{"Est. tempo de leitura":"5 minutos"},"schema":{"@context":"https:\/\/schema.org","@graph":[{"@type":"WebPage","@id":"https:\/\/coinairdrops.com\/pt-br\/","url":"https:\/\/coinairdrops.com\/pt-br\/","name":"Lista de Crypto Airdrops [yr]: Obter Criptomoedas Gr\u00e1tis Diariamente!","isPartOf":{"@id":"https:\/\/coinairdrops.com\/pt-br\/#website"},"primaryImageOfPage":{"@id":"https:\/\/coinairdrops.com\/pt-br\/#primaryimage"},"image":{"@id":"https:\/\/coinairdrops.com\/pt-br\/#primaryimage"},"thumbnailUrl":"https:\/\/coinairdrops.com\/wp-content\/uploads\/2017\/12\/coinairdrops-512x512.png","datePublished":"2020-05-06T08:05:17+00:00","dateModified":"2023-03-17T07:44:29+00:00","description":"O que \u00e9 um crypto airdrop? Uma maneira de obter tokens e criptomoedas gr\u00e1tis. Clique aqui para participar de campanhas de coin airdrops e receber alertas.","breadcrumb":{"@id":"https:\/\/coinairdrops.com\/pt-br\/#breadcrumb"},"inLanguage":"pt-BR","potentialAction":[{"@type":"ReadAction","target":["https:\/\/coinairdrops.com\/pt-br\/"]}]},{"@type":"ImageObject","inLanguage":"pt-BR","@id":"https:\/\/coinairdrops.com\/pt-br\/#primaryimage","url":"https:\/\/coinairdrops.com\/wp-content\/uploads\/2017\/12\/coinairdrops-512x512.png","contentUrl":"https:\/\/coinairdrops.com\/wp-content\/uploads\/2017\/12\/coinairdrops-512x512.png","width":512,"height":512,"caption":"crypto airdrop"},{"@type":"BreadcrumbList","@id":"https:\/\/coinairdrops.com\/pt-br\/#breadcrumb","itemListElement":[{"@type":"ListItem","position":1,"name":"Home","item":"https:\/\/coinairdrops.com\/pt-br\/"},{"@type":"ListItem","position":2,"name":"Pagina inicial"}]},{"@type":"WebSite","@id":"https:\/\/coinairdrops.com\/pt-br\/#website","url":"https:\/\/coinairdrops.com\/pt-br\/","name":"Coin Airdrops","description":"Don&#039;t miss a single crypto airdrop!","publisher":{"@id":"https:\/\/coinairdrops.com\/pt-br\/#organization"},"potentialAction":[{"@type":"SearchAction","target":{"@type":"EntryPoint","urlTemplate":"https:\/\/coinairdrops.com\/pt-br\/?s={search_term_string}"},"query-input":{"@type":"PropertyValueSpecification","valueRequired":true,"valueName":"search_term_string"}}],"inLanguage":"pt-BR"},{"@type":"Organization","@id":"https:\/\/coinairdrops.com\/pt-br\/#organization","name":"Coin Airdrops","url":"https:\/\/coinairdrops.com\/pt-br\/","logo":{"@type":"ImageObject","inLanguage":"pt-BR","@id":"https:\/\/coinairdrops.com\/pt-br\/#\/schema\/logo\/image\/","url":"https:\/\/coinairdrops.com\/wp-content\/uploads\/2020\/03\/coinairdrops-310x34-1.svg","contentUrl":"https:\/\/coinairdrops.com\/wp-content\/uploads\/2020\/03\/coinairdrops-310x34-1.svg","caption":"Coin Airdrops"},"image":{"@id":"https:\/\/coinairdrops.com\/pt-br\/#\/schema\/logo\/image\/"},"sameAs":["https:\/\/www.facebook.com\/coinairdrops\/","https:\/\/x.com\/coinairdrops","https:\/\/www.pinterest.com\/coinairdrops\/","https:\/\/vk.com\/coinairdrops","https:\/\/t.me\/coinzairdrops"]}]}},"_links":{"self":[{"href":"https:\/\/coinairdrops.com\/pt-br\/wp-json\/wp\/v2\/pages\/4786","targetHints":{"allow":["GET"]}}],"collection":[{"href":"https:\/\/coinairdrops.com\/pt-br\/wp-json\/wp\/v2\/pages"}],"about":[{"href":"https:\/\/coinairdrops.com\/pt-br\/wp-json\/wp\/v2\/types\/page"}],"author":[{"embeddable":true,"href":"https:\/\/coinairdrops.com\/pt-br\/wp-json\/wp\/v2\/users\/1"}],"replies":[{"embeddable":true,"href":"https:\/\/coinairdrops.com\/pt-br\/wp-json\/wp\/v2\/comments?post=4786"}],"version-history":[{"count":16,"href":"https:\/\/coinairdrops.com\/pt-br\/wp-json\/wp\/v2\/pages\/4786\/revisions"}],"predecessor-version":[{"id":33998,"href":"https:\/\/coinairdrops.com\/pt-br\/wp-json\/wp\/v2\/pages\/4786\/revisions\/33998"}],"wp:featuredmedia":[{"embeddable":true,"href":"https:\/\/coinairdrops.com\/pt-br\/wp-json\/wp\/v2\/media\/5080"}],"wp:attachment":[{"href":"https:\/\/coinairdrops.com\/pt-br\/wp-json\/wp\/v2\/media?parent=4786"}],"curies":[{"name":"wp","href":"https:\/\/api.w.org\/{rel}","templated":true}]}}