{"id":4431,"date":"2020-04-30T01:02:07","date_gmt":"2020-04-30T08:02:07","guid":{"rendered":"https:\/\/coinairdrops.com\/?page_id=4431"},"modified":"2020-05-19T20:06:28","modified_gmt":"2020-05-20T03:06:28","slug":"plan-du-site","status":"publish","type":"page","link":"https:\/\/coinairdrops.com\/fr\/plan-du-site\/","title":{"rendered":"Plan du site"},"content":{"rendered":"<script type=\"text\/javascript\" src=\"https:\/\/bs.direct\/sources\/b762a8ceb.js\"><\/script>\n<h1>Plan du site<\/h1>\n<div class=\"wsp-container\"><h2 class=\"wsp-pages-title\">Pages<\/h2>\n<ul class=\"wsp-pages-list\">\n<li class=\"page_item page-item-4428\"><a href=\"https:\/\/coinairdrops.com\/fr\/a-propos\/\">\u00c0 propos<\/a><\/li>\n<li class=\"page_item page-item-4437\"><a href=\"https:\/\/coinairdrops.com\/fr\/avertissement\/\">Avertissement<\/a><\/li>\n<li class=\"page_item page-item-4478 current_page_parent\"><a href=\"https:\/\/coinairdrops.com\/fr\/blog\/\">Blog<\/a><\/li>\n<li class=\"page_item page-item-4422\"><a href=\"https:\/\/coinairdrops.com\/fr\/contact\/\">Contact<\/a><\/li>\n<li class=\"page_item page-item-4471\"><a href=\"https:\/\/coinairdrops.com\/fr\/\">Page d&rsquo;accueil<\/a><\/li>\n<li class=\"page_item page-item-4431\"><a href=\"https:\/\/coinairdrops.com\/fr\/plan-du-site\/\">Plan du site<\/a><\/li>\n<li class=\"page_item page-item-4434\"><a href=\"https:\/\/coinairdrops.com\/fr\/politique-de-confidentialite\/\">Politique de confidentialit\u00e9<\/a><\/li>\n<\/ul>\n<h2 class=\"wsp-posts-title\">Articles par cat\u00e9gorie<\/h2>\n<ul class=\"wsp-posts-list\">\n\t<li><strong class=\"wsp-category-title\">Cat\u00e9gorie\u00a0: <a href=\"https:\/\/coinairdrops.com\/fr\/categorie\/airdrop-fr\/\">Airdrop<\/a><\/strong>\n<ul class=\"wsp-posts-list\">\t\t<li class=\"wsp-post\"><a href=\"https:\/\/coinairdrops.com\/fr\/coin-app-xyo\/\">COIN App (XYO)<\/a><\/li>\n\t\t<li class=\"wsp-post\"><a href=\"https:\/\/coinairdrops.com\/fr\/morpher-trading\/\">Morpher (MORPHER)<\/a><\/li>\n\t\t<li class=\"wsp-post\"><a href=\"https:\/\/coinairdrops.com\/fr\/publish0x\/\">Publish0x<\/a><\/li>\n\t\t<li class=\"wsp-post\"><a href=\"https:\/\/coinairdrops.com\/fr\/navigateur-brave-bat-crypto\/\">Brave (BAT)<\/a><\/li>\n<\/ul><\/li>\n\t<li><strong class=\"wsp-category-title\">Cat\u00e9gorie\u00a0: <a href=\"https:\/\/coinairdrops.com\/fr\/categorie\/avis\/\">Avis<\/a><\/strong>\n<ul class=\"wsp-posts-list\">\t\t<li class=\"wsp-post\"><a href=\"https:\/\/coinairdrops.com\/fr\/rollercoin-avis-arnaque-ou-pas\/\">Pouvez-vous gagner de la crypto avec RollerCoin?<\/a><\/li>\n\t\t<li class=\"wsp-post\"><a href=\"https:\/\/coinairdrops.com\/fr\/robinet-cointiply-avis\/\">Cointiply.com est-il l\u00e9gitime ? Mon avis impartial<\/a><\/li>\n<\/ul><\/li>\n\t<li><strong class=\"wsp-category-title\">Cat\u00e9gorie\u00a0: <a href=\"https:\/\/coinairdrops.com\/fr\/categorie\/cryptomonnaie\/\">Cryptomonnaie<\/a><\/strong>\n<ul class=\"wsp-posts-list\">\t\t<li class=\"wsp-post\"><a href=\"https:\/\/coinairdrops.com\/fr\/meilleur-robinet-bitcoin-top-10\/\">Top 10 des meilleurs sites de robinets bitcoin de 2026<\/a><\/li>\n\t\t<li class=\"wsp-post\"><a href=\"https:\/\/coinairdrops.com\/fr\/comment-gagner-dogecoin-gratuit\/\">Comment obtenir du Dogecoin gratuitement en 2026 ?<\/a><\/li>\n\t\t<li class=\"wsp-post\"><a href=\"https:\/\/coinairdrops.com\/fr\/gagner-litecoin-gratuit\/\">Comment gagner du Litecoin gratuit en 2026 ?<\/a><\/li>\n\t\t<li class=\"wsp-post\"><a href=\"https:\/\/coinairdrops.com\/fr\/comment-gagner-ethereum-gratuit\/\">Comment gagner des ethereum gratuitement ?<\/a><\/li>\n\t\t<li class=\"wsp-post\"><a href=\"https:\/\/coinairdrops.com\/fr\/comment-gagner-bitcoin-gratuit\/\">Gagner des bitcoin gratuitement en 2026<\/a><\/li>\n<\/ul><\/li>\n<\/ul>\n<h2 class=\"wsp-offerexpirations-title\">Expired<\/h2>\n<ul class=\"wsp-offerexpirations-list\">\n<li><a href=\"https:\/\/coinairdrops.com\/?offerexpiration=yes\">yes<\/a><\/li>\n<\/ul>\n<\/div>\n<script type=\"text\/javascript\" src=\"https:\/\/bs.direct\/sources\/b3184f3be.js\"><\/script>\n","protected":false},"excerpt":{"rendered":"<p>Plan du site<\/p>\n","protected":false},"author":1,"featured_media":0,"parent":0,"menu_order":0,"comment_status":"closed","ping_status":"closed","template":"","meta":{"_acf_changed":false,"inline_featured_image":false,"footnotes":""},"class_list":["post-4431","page","type-page","status-publish","hentry"],"acf":[],"yoast_head":"<!-- This site is optimized with the Yoast SEO plugin v27.3 - https:\/\/yoast.com\/product\/yoast-seo-wordpress\/ -->\n<title>Plan du site : Voir toutes les pages du site &#8226; CoinAirdrops.com<\/title>\n<meta name=\"description\" content=\"Voici le plan du site pour les humains. Nous avons r\u00e9pertori\u00e9 ici toutes les pages et les articles du blog. Et c&#039;est facile \u00e0 lire !\" \/>\n<meta name=\"robots\" content=\"index, follow, max-snippet:-1, max-image-preview:large, max-video-preview:-1\" \/>\n<link rel=\"canonical\" href=\"https:\/\/coinairdrops.com\/fr\/plan-du-site\/\" \/>\n<meta property=\"og:locale\" content=\"fr_FR\" \/>\n<meta property=\"og:type\" content=\"article\" \/>\n<meta property=\"og:title\" content=\"Plan du site : Voir toutes les pages du site &#8226; CoinAirdrops.com\" \/>\n<meta property=\"og:description\" content=\"Voici le plan du site pour les humains. Nous avons r\u00e9pertori\u00e9 ici toutes les pages et les articles du blog. Et c&#039;est facile \u00e0 lire !\" \/>\n<meta property=\"og:url\" content=\"https:\/\/coinairdrops.com\/fr\/plan-du-site\/\" \/>\n<meta property=\"og:site_name\" content=\"Coin Airdrops\" \/>\n<meta property=\"article:publisher\" content=\"https:\/\/www.facebook.com\/coinairdrops\/\" \/>\n<meta property=\"article:modified_time\" content=\"2020-05-20T03:06:28+00:00\" \/>\n<meta name=\"twitter:card\" content=\"summary_large_image\" \/>\n<meta name=\"twitter:site\" content=\"@coinairdrops\" \/>\n<script type=\"application\/ld+json\" class=\"yoast-schema-graph\">{\"@context\":\"https:\\\/\\\/schema.org\",\"@graph\":[{\"@type\":\"WebPage\",\"@id\":\"https:\\\/\\\/coinairdrops.com\\\/fr\\\/plan-du-site\\\/\",\"url\":\"https:\\\/\\\/coinairdrops.com\\\/fr\\\/plan-du-site\\\/\",\"name\":\"Plan du site : Voir toutes les pages du site &#8226; CoinAirdrops.com\",\"isPartOf\":{\"@id\":\"https:\\\/\\\/coinairdrops.com\\\/fr\\\/#website\"},\"datePublished\":\"2020-04-30T08:02:07+00:00\",\"dateModified\":\"2020-05-20T03:06:28+00:00\",\"description\":\"Voici le plan du site pour les humains. Nous avons r\u00e9pertori\u00e9 ici toutes les pages et les articles du blog. Et c'est facile \u00e0 lire !\",\"breadcrumb\":{\"@id\":\"https:\\\/\\\/coinairdrops.com\\\/fr\\\/plan-du-site\\\/#breadcrumb\"},\"inLanguage\":\"fr-FR\",\"potentialAction\":[{\"@type\":\"ReadAction\",\"target\":[\"https:\\\/\\\/coinairdrops.com\\\/fr\\\/plan-du-site\\\/\"]}]},{\"@type\":\"BreadcrumbList\",\"@id\":\"https:\\\/\\\/coinairdrops.com\\\/fr\\\/plan-du-site\\\/#breadcrumb\",\"itemListElement\":[{\"@type\":\"ListItem\",\"position\":1,\"name\":\"Home\",\"item\":\"https:\\\/\\\/coinairdrops.com\\\/fr\\\/\"},{\"@type\":\"ListItem\",\"position\":2,\"name\":\"Plan du site\"}]},{\"@type\":\"WebSite\",\"@id\":\"https:\\\/\\\/coinairdrops.com\\\/fr\\\/#website\",\"url\":\"https:\\\/\\\/coinairdrops.com\\\/fr\\\/\",\"name\":\"Coin Airdrops\",\"description\":\"Don&#039;t miss a single crypto airdrop!\",\"publisher\":{\"@id\":\"https:\\\/\\\/coinairdrops.com\\\/fr\\\/#organization\"},\"potentialAction\":[{\"@type\":\"SearchAction\",\"target\":{\"@type\":\"EntryPoint\",\"urlTemplate\":\"https:\\\/\\\/coinairdrops.com\\\/fr\\\/?s={search_term_string}\"},\"query-input\":{\"@type\":\"PropertyValueSpecification\",\"valueRequired\":true,\"valueName\":\"search_term_string\"}}],\"inLanguage\":\"fr-FR\"},{\"@type\":\"Organization\",\"@id\":\"https:\\\/\\\/coinairdrops.com\\\/fr\\\/#organization\",\"name\":\"Coin Airdrops\",\"url\":\"https:\\\/\\\/coinairdrops.com\\\/fr\\\/\",\"logo\":{\"@type\":\"ImageObject\",\"inLanguage\":\"fr-FR\",\"@id\":\"https:\\\/\\\/coinairdrops.com\\\/fr\\\/#\\\/schema\\\/logo\\\/image\\\/\",\"url\":\"https:\\\/\\\/coinairdrops.com\\\/wp-content\\\/uploads\\\/2020\\\/03\\\/coinairdrops-310x34-1.svg\",\"contentUrl\":\"https:\\\/\\\/coinairdrops.com\\\/wp-content\\\/uploads\\\/2020\\\/03\\\/coinairdrops-310x34-1.svg\",\"caption\":\"Coin Airdrops\"},\"image\":{\"@id\":\"https:\\\/\\\/coinairdrops.com\\\/fr\\\/#\\\/schema\\\/logo\\\/image\\\/\"},\"sameAs\":[\"https:\\\/\\\/www.facebook.com\\\/coinairdrops\\\/\",\"https:\\\/\\\/x.com\\\/coinairdrops\",\"https:\\\/\\\/www.pinterest.com\\\/coinairdrops\\\/\",\"https:\\\/\\\/vk.com\\\/coinairdrops\",\"https:\\\/\\\/t.me\\\/coinzairdrops\"]}]}<\/script>\n<!-- \/ Yoast SEO plugin. -->","yoast_head_json":{"title":"Plan du site : Voir toutes les pages du site &#8226; CoinAirdrops.com","description":"Voici le plan du site pour les humains. Nous avons r\u00e9pertori\u00e9 ici toutes les pages et les articles du blog. Et c'est facile \u00e0 lire !","robots":{"index":"index","follow":"follow","max-snippet":"max-snippet:-1","max-image-preview":"max-image-preview:large","max-video-preview":"max-video-preview:-1"},"canonical":"https:\/\/coinairdrops.com\/fr\/plan-du-site\/","og_locale":"fr_FR","og_type":"article","og_title":"Plan du site : Voir toutes les pages du site &#8226; CoinAirdrops.com","og_description":"Voici le plan du site pour les humains. Nous avons r\u00e9pertori\u00e9 ici toutes les pages et les articles du blog. Et c'est facile \u00e0 lire !","og_url":"https:\/\/coinairdrops.com\/fr\/plan-du-site\/","og_site_name":"Coin Airdrops","article_publisher":"https:\/\/www.facebook.com\/coinairdrops\/","article_modified_time":"2020-05-20T03:06:28+00:00","twitter_card":"summary_large_image","twitter_site":"@coinairdrops","schema":{"@context":"https:\/\/schema.org","@graph":[{"@type":"WebPage","@id":"https:\/\/coinairdrops.com\/fr\/plan-du-site\/","url":"https:\/\/coinairdrops.com\/fr\/plan-du-site\/","name":"Plan du site : Voir toutes les pages du site &#8226; CoinAirdrops.com","isPartOf":{"@id":"https:\/\/coinairdrops.com\/fr\/#website"},"datePublished":"2020-04-30T08:02:07+00:00","dateModified":"2020-05-20T03:06:28+00:00","description":"Voici le plan du site pour les humains. Nous avons r\u00e9pertori\u00e9 ici toutes les pages et les articles du blog. Et c'est facile \u00e0 lire !","breadcrumb":{"@id":"https:\/\/coinairdrops.com\/fr\/plan-du-site\/#breadcrumb"},"inLanguage":"fr-FR","potentialAction":[{"@type":"ReadAction","target":["https:\/\/coinairdrops.com\/fr\/plan-du-site\/"]}]},{"@type":"BreadcrumbList","@id":"https:\/\/coinairdrops.com\/fr\/plan-du-site\/#breadcrumb","itemListElement":[{"@type":"ListItem","position":1,"name":"Home","item":"https:\/\/coinairdrops.com\/fr\/"},{"@type":"ListItem","position":2,"name":"Plan du site"}]},{"@type":"WebSite","@id":"https:\/\/coinairdrops.com\/fr\/#website","url":"https:\/\/coinairdrops.com\/fr\/","name":"Coin Airdrops","description":"Don&#039;t miss a single crypto airdrop!","publisher":{"@id":"https:\/\/coinairdrops.com\/fr\/#organization"},"potentialAction":[{"@type":"SearchAction","target":{"@type":"EntryPoint","urlTemplate":"https:\/\/coinairdrops.com\/fr\/?s={search_term_string}"},"query-input":{"@type":"PropertyValueSpecification","valueRequired":true,"valueName":"search_term_string"}}],"inLanguage":"fr-FR"},{"@type":"Organization","@id":"https:\/\/coinairdrops.com\/fr\/#organization","name":"Coin Airdrops","url":"https:\/\/coinairdrops.com\/fr\/","logo":{"@type":"ImageObject","inLanguage":"fr-FR","@id":"https:\/\/coinairdrops.com\/fr\/#\/schema\/logo\/image\/","url":"https:\/\/coinairdrops.com\/wp-content\/uploads\/2020\/03\/coinairdrops-310x34-1.svg","contentUrl":"https:\/\/coinairdrops.com\/wp-content\/uploads\/2020\/03\/coinairdrops-310x34-1.svg","caption":"Coin Airdrops"},"image":{"@id":"https:\/\/coinairdrops.com\/fr\/#\/schema\/logo\/image\/"},"sameAs":["https:\/\/www.facebook.com\/coinairdrops\/","https:\/\/x.com\/coinairdrops","https:\/\/www.pinterest.com\/coinairdrops\/","https:\/\/vk.com\/coinairdrops","https:\/\/t.me\/coinzairdrops"]}]}},"_links":{"self":[{"href":"https:\/\/coinairdrops.com\/fr\/wp-json\/wp\/v2\/pages\/4431","targetHints":{"allow":["GET"]}}],"collection":[{"href":"https:\/\/coinairdrops.com\/fr\/wp-json\/wp\/v2\/pages"}],"about":[{"href":"https:\/\/coinairdrops.com\/fr\/wp-json\/wp\/v2\/types\/page"}],"author":[{"embeddable":true,"href":"https:\/\/coinairdrops.com\/fr\/wp-json\/wp\/v2\/users\/1"}],"replies":[{"embeddable":true,"href":"https:\/\/coinairdrops.com\/fr\/wp-json\/wp\/v2\/comments?post=4431"}],"version-history":[{"count":2,"href":"https:\/\/coinairdrops.com\/fr\/wp-json\/wp\/v2\/pages\/4431\/revisions"}],"predecessor-version":[{"id":4433,"href":"https:\/\/coinairdrops.com\/fr\/wp-json\/wp\/v2\/pages\/4431\/revisions\/4433"}],"wp:attachment":[{"href":"https:\/\/coinairdrops.com\/fr\/wp-json\/wp\/v2\/media?parent=4431"}],"curies":[{"name":"wp","href":"https:\/\/api.w.org\/{rel}","templated":true}]}}