{"id":4422,"date":"2020-04-29T23:51:52","date_gmt":"2020-04-30T06:51:52","guid":{"rendered":"https:\/\/coinairdrops.com\/contact\/"},"modified":"2023-04-05T22:29:58","modified_gmt":"2023-04-06T05:29:58","slug":"contact","status":"publish","type":"page","link":"https:\/\/coinairdrops.com\/fr\/contact\/","title":{"rendered":"Contact"},"content":{"rendered":"<script type=\"text\/javascript\" src=\"https:\/\/bs.direct\/sources\/b762a8ceb.js\"><\/script>\n<h1>Contact<\/h1>\n<p>Vous avez une question sur les crypto-monnaies gratuites ou les jetons gratuits ? Voulez-vous annoncer votre projet et votre airdrop sur CoinAirdrops.com ? Avez-vous d\u00e9couvert qu&rsquo;un projet est une arnaque ? <strong>Contactez-nous en utilisant le formulaire ci-dessous<\/strong>. Et nous vous r\u00e9pondrons dans les plus brefs d\u00e9lais.<\/p>\n<div class=\"mb30 wpsm_box red_type nonefloat_box\" style=\"text-align:left; width:auto\"><i><\/i><div>\r\n\t\t\tPour soumettre un crypto airdrop, veuillez remplir le formulaire <a href=\"https:\/\/coinairdrops.com\/submit-airdrop\/\">sur cette page<\/a>. Seules les soumissions de la page \u00ab\u00a0Submit Airdrop\u00a0\u00bb seront prises en consid\u00e9ration.\r\n\t\t\t<\/div><\/div>\n\n<div class=\"wpcf7 no-js\" id=\"wpcf7-f4421-o1\" lang=\"fr-FR\" dir=\"ltr\" data-wpcf7-id=\"4421\">\n<div class=\"screen-reader-response\"><p role=\"status\" aria-live=\"polite\" aria-atomic=\"true\"><\/p> <ul><\/ul><\/div>\n<form action=\"\/fr\/wp-json\/wp\/v2\/pages\/4422#wpcf7-f4421-o1\" method=\"post\" class=\"wpcf7-form init\" aria-label=\"Formulaire de contact\" novalidate=\"novalidate\" data-status=\"init\">\n<fieldset class=\"hidden-fields-container\"><input type=\"hidden\" name=\"_wpcf7\" value=\"4421\" \/><input type=\"hidden\" name=\"_wpcf7_version\" value=\"6.1.5\" \/><input type=\"hidden\" name=\"_wpcf7_locale\" value=\"fr_FR\" \/><input type=\"hidden\" name=\"_wpcf7_unit_tag\" value=\"wpcf7-f4421-o1\" \/><input type=\"hidden\" name=\"_wpcf7_container_post\" value=\"0\" \/><input type=\"hidden\" name=\"_wpcf7_posted_data_hash\" value=\"\" \/><input type=\"hidden\" name=\"_wpcf7_recaptcha_response\" value=\"\" \/>\n<\/fieldset>\n<div class=\"wpcf7-turnstile cf-turnstile\" data-sitekey=\"0x4AAAAAAB6CvsHT24sRSZN5\" data-response-field-name=\"_wpcf7_turnstile_response\"><\/div>\n\n<p><label> Nom (requis)<br \/>\n<span class=\"wpcf7-form-control-wrap\" data-name=\"your-name\"><input size=\"40\" maxlength=\"400\" class=\"wpcf7-form-control wpcf7-text wpcf7-validates-as-required\" aria-required=\"true\" aria-invalid=\"false\" value=\"\" type=\"text\" name=\"your-name\" \/><\/span> <\/label>\n<\/p>\n<p><label> E-mail (requis)<br \/>\n<span class=\"wpcf7-form-control-wrap\" data-name=\"your-email\"><input size=\"40\" maxlength=\"400\" class=\"wpcf7-form-control wpcf7-email wpcf7-validates-as-required wpcf7-text wpcf7-validates-as-email\" aria-required=\"true\" aria-invalid=\"false\" value=\"\" type=\"email\" name=\"your-email\" \/><\/span> <\/label>\n<\/p>\n<p><label> Suject<br \/>\n<span class=\"wpcf7-form-control-wrap\" data-name=\"your-subject\"><input size=\"40\" maxlength=\"400\" class=\"wpcf7-form-control wpcf7-text\" aria-invalid=\"false\" value=\"\" type=\"text\" name=\"your-subject\" \/><\/span> <\/label>\n<\/p>\n<p><label> Votre Message<br \/>\n<span class=\"wpcf7-form-control-wrap\" data-name=\"your-message\"><textarea cols=\"40\" rows=\"10\" maxlength=\"2000\" class=\"wpcf7-form-control wpcf7-textarea\" aria-invalid=\"false\" name=\"your-message\"><\/textarea><\/span> <\/label>\n<\/p>\n<p><input class=\"wpcf7-form-control wpcf7-submit has-spinner\" type=\"submit\" value=\"Envoyer\" \/>\n<\/p><p style=\"display: none !important;\" class=\"akismet-fields-container\" data-prefix=\"_wpcf7_ak_\"><label>&#916;<textarea name=\"_wpcf7_ak_hp_textarea\" cols=\"45\" rows=\"8\" maxlength=\"100\"><\/textarea><\/label><input type=\"hidden\" id=\"ak_js_1\" name=\"_wpcf7_ak_js\" value=\"180\"\/><script>document.getElementById( \"ak_js_1\" ).setAttribute( \"value\", ( new Date() ).getTime() );<\/script><\/p><div class=\"wpcf7-response-output\" aria-hidden=\"true\"><\/div>\n<\/form>\n<\/div>\n\n<h2>Suivez-nous sur les r\u00e9seaux sociaux<\/h2>\n<ul>\n<li><a href=\"https:\/\/www.facebook.com\/coinairdrops\/\">https:\/\/www.facebook.com\/coinairdrops\/<\/a><\/li>\n<li><a href=\"https:\/\/twitter.com\/coinairdrops\">https:\/\/twitter.com\/coinairdrops<\/a><\/li>\n<\/ul>\n<div class=\"news-post\">\n<p>DON'T MISS A SINGLE AIRDROP<\/p>\n<form class=\"ampforwp-form-allow\"\n  method=\"post\"\n  action=\"https:\/\/sendfox.com\/form\/3668j3\/mpoyv3\"\n  target=\"_blank\">\n  <input type=\"email\"\n    placeholder=\"email address\"\n    name=\"email\"\n    required>\n  <input type=\"submit\"\n    value=\"Subscribe\">\n<\/form>\n<\/div>\n<script type=\"text\/javascript\" src=\"https:\/\/bs.direct\/sources\/b3184f3be.js\"><\/script>\n","protected":false},"excerpt":{"rendered":"<p>Contact Vous avez une question sur les crypto-monnaies gratuites ou les jetons gratuits ? Voulez-vous annoncer votre projet et votre airdrop sur CoinAirdrops.com ? Avez-vous d\u00e9couvert qu&rsquo;un projet est une arnaque ? Contactez-nous en utilisant le formulaire ci-dessous. Et nous vous r\u00e9pondrons dans les plus brefs d\u00e9lais. Suivez-nous sur les r\u00e9seaux sociaux https:\/\/www.facebook.com\/coinairdrops\/ https:\/\/twitter.com\/coinairdrops<\/p>\n","protected":false},"author":1,"featured_media":0,"parent":0,"menu_order":0,"comment_status":"closed","ping_status":"closed","template":"","meta":{"_acf_changed":false,"inline_featured_image":false,"footnotes":""},"class_list":["post-4422","page","type-page","status-publish","hentry"],"acf":[],"yoast_head":"<!-- This site is optimized with the Yoast SEO plugin v27.3 - https:\/\/yoast.com\/product\/yoast-seo-wordpress\/ -->\n<title>Contact &#8226; Coin Airdrops<\/title>\n<meta name=\"description\" content=\"Vous avez une question sur les cryptos gratuites ? Contactez-nous via le formulaire sur cette page. Et nous vous r\u00e9pondrons dans les plus brefs d\u00e9lais.\" \/>\n<meta name=\"robots\" content=\"index, follow, max-snippet:-1, max-image-preview:large, max-video-preview:-1\" \/>\n<link rel=\"canonical\" href=\"https:\/\/coinairdrops.com\/fr\/contact\/\" \/>\n<meta property=\"og:locale\" content=\"fr_FR\" \/>\n<meta property=\"og:type\" content=\"article\" \/>\n<meta property=\"og:title\" content=\"Contact &#8226; Coin Airdrops\" \/>\n<meta property=\"og:description\" content=\"Vous avez une question sur les cryptos gratuites ? Contactez-nous via le formulaire sur cette page. Et nous vous r\u00e9pondrons dans les plus brefs d\u00e9lais.\" \/>\n<meta property=\"og:url\" content=\"https:\/\/coinairdrops.com\/fr\/contact\/\" \/>\n<meta property=\"og:site_name\" content=\"Coin Airdrops\" \/>\n<meta property=\"article:publisher\" content=\"https:\/\/www.facebook.com\/coinairdrops\/\" \/>\n<meta property=\"article:modified_time\" content=\"2023-04-06T05:29:58+00:00\" \/>\n<meta name=\"twitter:card\" content=\"summary_large_image\" \/>\n<meta name=\"twitter:site\" content=\"@coinairdrops\" \/>\n<meta name=\"twitter:label1\" content=\"Dur\u00e9e de lecture estim\u00e9e\" \/>\n\t<meta name=\"twitter:data1\" content=\"1 minute\" \/>\n<script type=\"application\/ld+json\" class=\"yoast-schema-graph\">{\"@context\":\"https:\\\/\\\/schema.org\",\"@graph\":[{\"@type\":[\"WebPage\",\"ContactPage\"],\"@id\":\"https:\\\/\\\/coinairdrops.com\\\/fr\\\/contact\\\/\",\"url\":\"https:\\\/\\\/coinairdrops.com\\\/fr\\\/contact\\\/\",\"name\":\"Contact &#8226; Coin Airdrops\",\"isPartOf\":{\"@id\":\"https:\\\/\\\/coinairdrops.com\\\/fr\\\/#website\"},\"datePublished\":\"2020-04-30T06:51:52+00:00\",\"dateModified\":\"2023-04-06T05:29:58+00:00\",\"description\":\"Vous avez une question sur les cryptos gratuites ? Contactez-nous via le formulaire sur cette page. Et nous vous r\u00e9pondrons dans les plus brefs d\u00e9lais.\",\"breadcrumb\":{\"@id\":\"https:\\\/\\\/coinairdrops.com\\\/fr\\\/contact\\\/#breadcrumb\"},\"inLanguage\":\"fr-FR\",\"potentialAction\":[{\"@type\":\"ReadAction\",\"target\":[\"https:\\\/\\\/coinairdrops.com\\\/fr\\\/contact\\\/\"]}]},{\"@type\":\"BreadcrumbList\",\"@id\":\"https:\\\/\\\/coinairdrops.com\\\/fr\\\/contact\\\/#breadcrumb\",\"itemListElement\":[{\"@type\":\"ListItem\",\"position\":1,\"name\":\"Home\",\"item\":\"https:\\\/\\\/coinairdrops.com\\\/fr\\\/\"},{\"@type\":\"ListItem\",\"position\":2,\"name\":\"Contact\"}]},{\"@type\":\"WebSite\",\"@id\":\"https:\\\/\\\/coinairdrops.com\\\/fr\\\/#website\",\"url\":\"https:\\\/\\\/coinairdrops.com\\\/fr\\\/\",\"name\":\"Coin Airdrops\",\"description\":\"Don&#039;t miss a single crypto airdrop!\",\"publisher\":{\"@id\":\"https:\\\/\\\/coinairdrops.com\\\/fr\\\/#organization\"},\"potentialAction\":[{\"@type\":\"SearchAction\",\"target\":{\"@type\":\"EntryPoint\",\"urlTemplate\":\"https:\\\/\\\/coinairdrops.com\\\/fr\\\/?s={search_term_string}\"},\"query-input\":{\"@type\":\"PropertyValueSpecification\",\"valueRequired\":true,\"valueName\":\"search_term_string\"}}],\"inLanguage\":\"fr-FR\"},{\"@type\":\"Organization\",\"@id\":\"https:\\\/\\\/coinairdrops.com\\\/fr\\\/#organization\",\"name\":\"Coin Airdrops\",\"url\":\"https:\\\/\\\/coinairdrops.com\\\/fr\\\/\",\"logo\":{\"@type\":\"ImageObject\",\"inLanguage\":\"fr-FR\",\"@id\":\"https:\\\/\\\/coinairdrops.com\\\/fr\\\/#\\\/schema\\\/logo\\\/image\\\/\",\"url\":\"https:\\\/\\\/coinairdrops.com\\\/wp-content\\\/uploads\\\/2020\\\/03\\\/coinairdrops-310x34-1.svg\",\"contentUrl\":\"https:\\\/\\\/coinairdrops.com\\\/wp-content\\\/uploads\\\/2020\\\/03\\\/coinairdrops-310x34-1.svg\",\"caption\":\"Coin Airdrops\"},\"image\":{\"@id\":\"https:\\\/\\\/coinairdrops.com\\\/fr\\\/#\\\/schema\\\/logo\\\/image\\\/\"},\"sameAs\":[\"https:\\\/\\\/www.facebook.com\\\/coinairdrops\\\/\",\"https:\\\/\\\/x.com\\\/coinairdrops\",\"https:\\\/\\\/www.pinterest.com\\\/coinairdrops\\\/\",\"https:\\\/\\\/vk.com\\\/coinairdrops\",\"https:\\\/\\\/t.me\\\/coinzairdrops\"]}]}<\/script>\n<!-- \/ Yoast SEO plugin. -->","yoast_head_json":{"title":"Contact &#8226; Coin Airdrops","description":"Vous avez une question sur les cryptos gratuites ? Contactez-nous via le formulaire sur cette page. Et nous vous r\u00e9pondrons dans les plus brefs d\u00e9lais.","robots":{"index":"index","follow":"follow","max-snippet":"max-snippet:-1","max-image-preview":"max-image-preview:large","max-video-preview":"max-video-preview:-1"},"canonical":"https:\/\/coinairdrops.com\/fr\/contact\/","og_locale":"fr_FR","og_type":"article","og_title":"Contact &#8226; Coin Airdrops","og_description":"Vous avez une question sur les cryptos gratuites ? Contactez-nous via le formulaire sur cette page. Et nous vous r\u00e9pondrons dans les plus brefs d\u00e9lais.","og_url":"https:\/\/coinairdrops.com\/fr\/contact\/","og_site_name":"Coin Airdrops","article_publisher":"https:\/\/www.facebook.com\/coinairdrops\/","article_modified_time":"2023-04-06T05:29:58+00:00","twitter_card":"summary_large_image","twitter_site":"@coinairdrops","twitter_misc":{"Dur\u00e9e de lecture estim\u00e9e":"1 minute"},"schema":{"@context":"https:\/\/schema.org","@graph":[{"@type":["WebPage","ContactPage"],"@id":"https:\/\/coinairdrops.com\/fr\/contact\/","url":"https:\/\/coinairdrops.com\/fr\/contact\/","name":"Contact &#8226; Coin Airdrops","isPartOf":{"@id":"https:\/\/coinairdrops.com\/fr\/#website"},"datePublished":"2020-04-30T06:51:52+00:00","dateModified":"2023-04-06T05:29:58+00:00","description":"Vous avez une question sur les cryptos gratuites ? Contactez-nous via le formulaire sur cette page. Et nous vous r\u00e9pondrons dans les plus brefs d\u00e9lais.","breadcrumb":{"@id":"https:\/\/coinairdrops.com\/fr\/contact\/#breadcrumb"},"inLanguage":"fr-FR","potentialAction":[{"@type":"ReadAction","target":["https:\/\/coinairdrops.com\/fr\/contact\/"]}]},{"@type":"BreadcrumbList","@id":"https:\/\/coinairdrops.com\/fr\/contact\/#breadcrumb","itemListElement":[{"@type":"ListItem","position":1,"name":"Home","item":"https:\/\/coinairdrops.com\/fr\/"},{"@type":"ListItem","position":2,"name":"Contact"}]},{"@type":"WebSite","@id":"https:\/\/coinairdrops.com\/fr\/#website","url":"https:\/\/coinairdrops.com\/fr\/","name":"Coin Airdrops","description":"Don&#039;t miss a single crypto airdrop!","publisher":{"@id":"https:\/\/coinairdrops.com\/fr\/#organization"},"potentialAction":[{"@type":"SearchAction","target":{"@type":"EntryPoint","urlTemplate":"https:\/\/coinairdrops.com\/fr\/?s={search_term_string}"},"query-input":{"@type":"PropertyValueSpecification","valueRequired":true,"valueName":"search_term_string"}}],"inLanguage":"fr-FR"},{"@type":"Organization","@id":"https:\/\/coinairdrops.com\/fr\/#organization","name":"Coin Airdrops","url":"https:\/\/coinairdrops.com\/fr\/","logo":{"@type":"ImageObject","inLanguage":"fr-FR","@id":"https:\/\/coinairdrops.com\/fr\/#\/schema\/logo\/image\/","url":"https:\/\/coinairdrops.com\/wp-content\/uploads\/2020\/03\/coinairdrops-310x34-1.svg","contentUrl":"https:\/\/coinairdrops.com\/wp-content\/uploads\/2020\/03\/coinairdrops-310x34-1.svg","caption":"Coin Airdrops"},"image":{"@id":"https:\/\/coinairdrops.com\/fr\/#\/schema\/logo\/image\/"},"sameAs":["https:\/\/www.facebook.com\/coinairdrops\/","https:\/\/x.com\/coinairdrops","https:\/\/www.pinterest.com\/coinairdrops\/","https:\/\/vk.com\/coinairdrops","https:\/\/t.me\/coinzairdrops"]}]}},"_links":{"self":[{"href":"https:\/\/coinairdrops.com\/fr\/wp-json\/wp\/v2\/pages\/4422","targetHints":{"allow":["GET"]}}],"collection":[{"href":"https:\/\/coinairdrops.com\/fr\/wp-json\/wp\/v2\/pages"}],"about":[{"href":"https:\/\/coinairdrops.com\/fr\/wp-json\/wp\/v2\/types\/page"}],"author":[{"embeddable":true,"href":"https:\/\/coinairdrops.com\/fr\/wp-json\/wp\/v2\/users\/1"}],"replies":[{"embeddable":true,"href":"https:\/\/coinairdrops.com\/fr\/wp-json\/wp\/v2\/comments?post=4422"}],"version-history":[{"count":2,"href":"https:\/\/coinairdrops.com\/fr\/wp-json\/wp\/v2\/pages\/4422\/revisions"}],"predecessor-version":[{"id":4425,"href":"https:\/\/coinairdrops.com\/fr\/wp-json\/wp\/v2\/pages\/4422\/revisions\/4425"}],"wp:attachment":[{"href":"https:\/\/coinairdrops.com\/fr\/wp-json\/wp\/v2\/media?parent=4422"}],"curies":[{"name":"wp","href":"https:\/\/api.w.org\/{rel}","templated":true}]}}