{"id":5096,"date":"2020-05-09T01:32:15","date_gmt":"2020-05-09T08:32:15","guid":{"rendered":"https:\/\/coinairdrops.com\/?page_id=5096"},"modified":"2020-05-09T01:32:17","modified_gmt":"2020-05-09T08:32:17","slug":"mapa-del-sitio","status":"publish","type":"page","link":"https:\/\/coinairdrops.com\/es\/mapa-del-sitio\/","title":{"rendered":"Mapa del sitio"},"content":{"rendered":"<script type=\"text\/javascript\" src=\"https:\/\/bs.direct\/sources\/b762a8ceb.js\"><\/script>\n\n\n\n<h1 class=\"wp-block-heading\">Mapa del sitio<\/h1>\n\n\n<div class=\"wsp-container\"><h2 class=\"wsp-pages-title\">P\u00e1ginas<\/h2>\n<ul class=\"wsp-pages-list\">\n<li class=\"page_item page-item-4938 current_page_parent\"><a href=\"https:\/\/coinairdrops.com\/es\/blog\/\">Blog<\/a><\/li>\n<li class=\"page_item page-item-5017\"><a href=\"https:\/\/coinairdrops.com\/es\/contacto\/\">Contacto<\/a><\/li>\n<li class=\"page_item page-item-5021\"><a href=\"https:\/\/coinairdrops.com\/es\/descargo-de-responsabilidad\/\">Descargo de responsabilidad<\/a><\/li>\n<li class=\"page_item page-item-5096\"><a href=\"https:\/\/coinairdrops.com\/es\/mapa-del-sitio\/\">Mapa del sitio<\/a><\/li>\n<li class=\"page_item page-item-5062\"><a href=\"https:\/\/coinairdrops.com\/es\/\">P\u00e1gina principal<\/a><\/li>\n<li class=\"page_item page-item-5093\"><a href=\"https:\/\/coinairdrops.com\/es\/politica-de-privacidad\/\">Pol\u00edtica de privacidad<\/a><\/li>\n<li class=\"page_item page-item-4934\"><a href=\"https:\/\/coinairdrops.com\/es\/quienes-somos\/\">Qui\u00e9nes somos<\/a><\/li>\n<\/ul>\n<h2 class=\"wsp-posts-title\">Posts por categor\u00eda<\/h2>\n<ul class=\"wsp-posts-list\">\n\t<li><strong class=\"wsp-category-title\">Category: <a href=\"https:\/\/coinairdrops.com\/es\/categoria\/airdrop-es\/\">Airdrop<\/a><\/strong>\n<ul class=\"wsp-posts-list\">\t\t<li class=\"wsp-post\"><a href=\"https:\/\/coinairdrops.com\/es\/coin-app-xyo-gratis\/\">COIN App (XYO)<\/a><\/li>\n\t\t<li class=\"wsp-post\"><a href=\"https:\/\/coinairdrops.com\/es\/publish0x\/\">Publish0x<\/a><\/li>\n\t\t<li class=\"wsp-post\"><a href=\"https:\/\/coinairdrops.com\/es\/como-ganar-dinero-con-brave-bat\/\">Brave (BAT)<\/a><\/li>\n<\/ul><\/li>\n\t<li><strong class=\"wsp-category-title\">Category: <a href=\"https:\/\/coinairdrops.com\/es\/categoria\/criptomoneda\/\">Criptomoneda<\/a><\/strong>\n<ul class=\"wsp-posts-list\">\t\t<li class=\"wsp-post\"><a href=\"https:\/\/coinairdrops.com\/es\/como-ganar-litecoin-gratis\/\">\u00bfC\u00f3mo conseguir Litecoin gratis en 2026?<\/a><\/li>\n\t\t<li class=\"wsp-post\"><a href=\"https:\/\/coinairdrops.com\/es\/como-ganar-ethereum-gratis\/\">\u00bfC\u00f3mo conseguir ethereum gr\u00e1tis en 2026?<\/a><\/li>\n\t\t<li class=\"wsp-post\"><a href=\"https:\/\/coinairdrops.com\/es\/como-ganar-dogecoin-gratis\/\">\u00bfComo conseguir dogecoin gratis in 2026?<\/a><\/li>\n\t\t<li class=\"wsp-post\"><a href=\"https:\/\/coinairdrops.com\/es\/como-conseguir-bitcoins-gratis\/\">\u00bfC\u00f3mo ganar bitcoins gratis en 2026?<\/a><\/li>\n<\/ul><\/li>\n\t<li><strong class=\"wsp-category-title\">Category: <a href=\"https:\/\/coinairdrops.com\/es\/categoria\/revision\/\">Revisi\u00f3n<\/a><\/strong>\n<ul class=\"wsp-posts-list\">\t\t<li class=\"wsp-post\"><a href=\"https:\/\/coinairdrops.com\/es\/rollercoin-paga-opiniones\/\">\u00bfPuedes ganar criptomonedas con RollerCoin?<\/a><\/li>\n<\/ul><\/li>\n<\/ul>\n<h2 class=\"wsp-offerexpirations-title\">Expired<\/h2>\n<ul class=\"wsp-offerexpirations-list\">\n<li><a href=\"https:\/\/coinairdrops.com\/?offerexpiration=yes\">yes<\/a><\/li>\n<\/ul>\n<\/div>\n\n\n<script type=\"text\/javascript\" src=\"https:\/\/bs.direct\/sources\/b3184f3be.js\"><\/script>\n","protected":false},"excerpt":{"rendered":"<p>Mapa del sitio<\/p>\n","protected":false},"author":1,"featured_media":0,"parent":0,"menu_order":0,"comment_status":"closed","ping_status":"closed","template":"","meta":{"_acf_changed":false,"inline_featured_image":false,"footnotes":""},"class_list":["post-5096","page","type-page","status-publish","hentry"],"acf":[],"yoast_head":"<!-- This site is optimized with the Yoast SEO plugin v27.3 - https:\/\/yoast.com\/product\/yoast-seo-wordpress\/ -->\n<title>Ver todas las p\u00e1ginas y art\u00edculos del sitio &#8226; CoinAirdrops.com<\/title>\n<meta name=\"description\" content=\"Bienvenido a nuestro mapa del sitio humano. Hemos enumerado aqu\u00ed todas las p\u00e1ginas y publicaciones de blog disponibles en CoinAirdrops. \u00a1Y es f\u00e1cil de leer! Echale un vistazo.\" \/>\n<meta name=\"robots\" content=\"index, follow, max-snippet:-1, max-image-preview:large, max-video-preview:-1\" \/>\n<link rel=\"canonical\" href=\"https:\/\/coinairdrops.com\/es\/mapa-del-sitio\/\" \/>\n<meta property=\"og:locale\" content=\"es_ES\" \/>\n<meta property=\"og:type\" content=\"article\" \/>\n<meta property=\"og:title\" content=\"Ver todas las p\u00e1ginas y art\u00edculos del sitio &#8226; CoinAirdrops.com\" \/>\n<meta property=\"og:description\" content=\"Bienvenido a nuestro mapa del sitio humano. Hemos enumerado aqu\u00ed todas las p\u00e1ginas y publicaciones de blog disponibles en CoinAirdrops. \u00a1Y es f\u00e1cil de leer! Echale un vistazo.\" \/>\n<meta property=\"og:url\" content=\"https:\/\/coinairdrops.com\/es\/mapa-del-sitio\/\" \/>\n<meta property=\"og:site_name\" content=\"Coin Airdrops\" \/>\n<meta property=\"article:publisher\" content=\"https:\/\/www.facebook.com\/coinairdrops\/\" \/>\n<meta property=\"article:modified_time\" content=\"2020-05-09T08:32:17+00:00\" \/>\n<meta name=\"twitter:card\" content=\"summary_large_image\" \/>\n<meta name=\"twitter:site\" content=\"@coinairdrops\" \/>\n<script type=\"application\/ld+json\" class=\"yoast-schema-graph\">{\"@context\":\"https:\\\/\\\/schema.org\",\"@graph\":[{\"@type\":\"WebPage\",\"@id\":\"https:\\\/\\\/coinairdrops.com\\\/es\\\/mapa-del-sitio\\\/\",\"url\":\"https:\\\/\\\/coinairdrops.com\\\/es\\\/mapa-del-sitio\\\/\",\"name\":\"Ver todas las p\u00e1ginas y art\u00edculos del sitio &#8226; CoinAirdrops.com\",\"isPartOf\":{\"@id\":\"https:\\\/\\\/coinairdrops.com\\\/es\\\/#website\"},\"datePublished\":\"2020-05-09T08:32:15+00:00\",\"dateModified\":\"2020-05-09T08:32:17+00:00\",\"description\":\"Bienvenido a nuestro mapa del sitio humano. Hemos enumerado aqu\u00ed todas las p\u00e1ginas y publicaciones de blog disponibles en CoinAirdrops. \u00a1Y es f\u00e1cil de leer! Echale un vistazo.\",\"breadcrumb\":{\"@id\":\"https:\\\/\\\/coinairdrops.com\\\/es\\\/mapa-del-sitio\\\/#breadcrumb\"},\"inLanguage\":\"es\",\"potentialAction\":[{\"@type\":\"ReadAction\",\"target\":[\"https:\\\/\\\/coinairdrops.com\\\/es\\\/mapa-del-sitio\\\/\"]}]},{\"@type\":\"BreadcrumbList\",\"@id\":\"https:\\\/\\\/coinairdrops.com\\\/es\\\/mapa-del-sitio\\\/#breadcrumb\",\"itemListElement\":[{\"@type\":\"ListItem\",\"position\":1,\"name\":\"Home\",\"item\":\"https:\\\/\\\/coinairdrops.com\\\/es\\\/\"},{\"@type\":\"ListItem\",\"position\":2,\"name\":\"Mapa del sitio\"}]},{\"@type\":\"WebSite\",\"@id\":\"https:\\\/\\\/coinairdrops.com\\\/es\\\/#website\",\"url\":\"https:\\\/\\\/coinairdrops.com\\\/es\\\/\",\"name\":\"Coin Airdrops\",\"description\":\"Don&#039;t miss a single crypto airdrop!\",\"publisher\":{\"@id\":\"https:\\\/\\\/coinairdrops.com\\\/es\\\/#organization\"},\"potentialAction\":[{\"@type\":\"SearchAction\",\"target\":{\"@type\":\"EntryPoint\",\"urlTemplate\":\"https:\\\/\\\/coinairdrops.com\\\/es\\\/?s={search_term_string}\"},\"query-input\":{\"@type\":\"PropertyValueSpecification\",\"valueRequired\":true,\"valueName\":\"search_term_string\"}}],\"inLanguage\":\"es\"},{\"@type\":\"Organization\",\"@id\":\"https:\\\/\\\/coinairdrops.com\\\/es\\\/#organization\",\"name\":\"Coin Airdrops\",\"url\":\"https:\\\/\\\/coinairdrops.com\\\/es\\\/\",\"logo\":{\"@type\":\"ImageObject\",\"inLanguage\":\"es\",\"@id\":\"https:\\\/\\\/coinairdrops.com\\\/es\\\/#\\\/schema\\\/logo\\\/image\\\/\",\"url\":\"https:\\\/\\\/coinairdrops.com\\\/wp-content\\\/uploads\\\/2020\\\/03\\\/coinairdrops-310x34-1.svg\",\"contentUrl\":\"https:\\\/\\\/coinairdrops.com\\\/wp-content\\\/uploads\\\/2020\\\/03\\\/coinairdrops-310x34-1.svg\",\"caption\":\"Coin Airdrops\"},\"image\":{\"@id\":\"https:\\\/\\\/coinairdrops.com\\\/es\\\/#\\\/schema\\\/logo\\\/image\\\/\"},\"sameAs\":[\"https:\\\/\\\/www.facebook.com\\\/coinairdrops\\\/\",\"https:\\\/\\\/x.com\\\/coinairdrops\",\"https:\\\/\\\/www.pinterest.com\\\/coinairdrops\\\/\",\"https:\\\/\\\/vk.com\\\/coinairdrops\",\"https:\\\/\\\/t.me\\\/coinzairdrops\"]}]}<\/script>\n<!-- \/ Yoast SEO plugin. -->","yoast_head_json":{"title":"Ver todas las p\u00e1ginas y art\u00edculos del sitio &#8226; CoinAirdrops.com","description":"Bienvenido a nuestro mapa del sitio humano. Hemos enumerado aqu\u00ed todas las p\u00e1ginas y publicaciones de blog disponibles en CoinAirdrops. \u00a1Y es f\u00e1cil de leer! Echale un vistazo.","robots":{"index":"index","follow":"follow","max-snippet":"max-snippet:-1","max-image-preview":"max-image-preview:large","max-video-preview":"max-video-preview:-1"},"canonical":"https:\/\/coinairdrops.com\/es\/mapa-del-sitio\/","og_locale":"es_ES","og_type":"article","og_title":"Ver todas las p\u00e1ginas y art\u00edculos del sitio &#8226; CoinAirdrops.com","og_description":"Bienvenido a nuestro mapa del sitio humano. Hemos enumerado aqu\u00ed todas las p\u00e1ginas y publicaciones de blog disponibles en CoinAirdrops. \u00a1Y es f\u00e1cil de leer! Echale un vistazo.","og_url":"https:\/\/coinairdrops.com\/es\/mapa-del-sitio\/","og_site_name":"Coin Airdrops","article_publisher":"https:\/\/www.facebook.com\/coinairdrops\/","article_modified_time":"2020-05-09T08:32:17+00:00","twitter_card":"summary_large_image","twitter_site":"@coinairdrops","schema":{"@context":"https:\/\/schema.org","@graph":[{"@type":"WebPage","@id":"https:\/\/coinairdrops.com\/es\/mapa-del-sitio\/","url":"https:\/\/coinairdrops.com\/es\/mapa-del-sitio\/","name":"Ver todas las p\u00e1ginas y art\u00edculos del sitio &#8226; CoinAirdrops.com","isPartOf":{"@id":"https:\/\/coinairdrops.com\/es\/#website"},"datePublished":"2020-05-09T08:32:15+00:00","dateModified":"2020-05-09T08:32:17+00:00","description":"Bienvenido a nuestro mapa del sitio humano. Hemos enumerado aqu\u00ed todas las p\u00e1ginas y publicaciones de blog disponibles en CoinAirdrops. \u00a1Y es f\u00e1cil de leer! Echale un vistazo.","breadcrumb":{"@id":"https:\/\/coinairdrops.com\/es\/mapa-del-sitio\/#breadcrumb"},"inLanguage":"es","potentialAction":[{"@type":"ReadAction","target":["https:\/\/coinairdrops.com\/es\/mapa-del-sitio\/"]}]},{"@type":"BreadcrumbList","@id":"https:\/\/coinairdrops.com\/es\/mapa-del-sitio\/#breadcrumb","itemListElement":[{"@type":"ListItem","position":1,"name":"Home","item":"https:\/\/coinairdrops.com\/es\/"},{"@type":"ListItem","position":2,"name":"Mapa del sitio"}]},{"@type":"WebSite","@id":"https:\/\/coinairdrops.com\/es\/#website","url":"https:\/\/coinairdrops.com\/es\/","name":"Coin Airdrops","description":"Don&#039;t miss a single crypto airdrop!","publisher":{"@id":"https:\/\/coinairdrops.com\/es\/#organization"},"potentialAction":[{"@type":"SearchAction","target":{"@type":"EntryPoint","urlTemplate":"https:\/\/coinairdrops.com\/es\/?s={search_term_string}"},"query-input":{"@type":"PropertyValueSpecification","valueRequired":true,"valueName":"search_term_string"}}],"inLanguage":"es"},{"@type":"Organization","@id":"https:\/\/coinairdrops.com\/es\/#organization","name":"Coin Airdrops","url":"https:\/\/coinairdrops.com\/es\/","logo":{"@type":"ImageObject","inLanguage":"es","@id":"https:\/\/coinairdrops.com\/es\/#\/schema\/logo\/image\/","url":"https:\/\/coinairdrops.com\/wp-content\/uploads\/2020\/03\/coinairdrops-310x34-1.svg","contentUrl":"https:\/\/coinairdrops.com\/wp-content\/uploads\/2020\/03\/coinairdrops-310x34-1.svg","caption":"Coin Airdrops"},"image":{"@id":"https:\/\/coinairdrops.com\/es\/#\/schema\/logo\/image\/"},"sameAs":["https:\/\/www.facebook.com\/coinairdrops\/","https:\/\/x.com\/coinairdrops","https:\/\/www.pinterest.com\/coinairdrops\/","https:\/\/vk.com\/coinairdrops","https:\/\/t.me\/coinzairdrops"]}]}},"_links":{"self":[{"href":"https:\/\/coinairdrops.com\/es\/wp-json\/wp\/v2\/pages\/5096","targetHints":{"allow":["GET"]}}],"collection":[{"href":"https:\/\/coinairdrops.com\/es\/wp-json\/wp\/v2\/pages"}],"about":[{"href":"https:\/\/coinairdrops.com\/es\/wp-json\/wp\/v2\/types\/page"}],"author":[{"embeddable":true,"href":"https:\/\/coinairdrops.com\/es\/wp-json\/wp\/v2\/users\/1"}],"replies":[{"embeddable":true,"href":"https:\/\/coinairdrops.com\/es\/wp-json\/wp\/v2\/comments?post=5096"}],"version-history":[{"count":2,"href":"https:\/\/coinairdrops.com\/es\/wp-json\/wp\/v2\/pages\/5096\/revisions"}],"predecessor-version":[{"id":5098,"href":"https:\/\/coinairdrops.com\/es\/wp-json\/wp\/v2\/pages\/5096\/revisions\/5098"}],"wp:attachment":[{"href":"https:\/\/coinairdrops.com\/es\/wp-json\/wp\/v2\/media?parent=5096"}],"curies":[{"name":"wp","href":"https:\/\/api.w.org\/{rel}","templated":true}]}}