{"id":5062,"date":"2020-05-09T00:58:23","date_gmt":"2020-05-09T07:58:23","guid":{"rendered":"https:\/\/coinairdrops.com\/?page_id=5062"},"modified":"2023-03-21T19:20:10","modified_gmt":"2023-03-22T02:20:10","slug":"pagina-principal","status":"publish","type":"page","link":"https:\/\/coinairdrops.com\/es\/","title":{"rendered":"P\u00e1gina principal"},"content":{"rendered":"\n<div class=\"wp-block-rehub-featured-section rhpb-featured-section rhpb-93598a08-5eef-484c-ad78-9bbf704429fc\">\r\n<div class=\"wpsm_featured_wrap flowhidden mb35 wpsm_featured_3\" id=\"feat_area638491387\">\r\n\t<style>\r\n              .wpsm_featured_wrap{overflow: hidden; margin-bottom: 35px}\r\n              .side-twocol .columns { height: 220px; position: relative; overflow: hidden; }\r\n              .side-twocol .columns .col-item{height: 100%}\r\n              .side-twocol .news_in_thumb figure{min-height: 100px; margin: 0}\r\n              .side-twocol figure img, .side-twocol figure{height: 100%; width: 100% }\r\n              .col-feat-grid{z-index:2; background-position: center center;background-size: cover; position: relative;}\r\n              .col-feat-grid.item-1, .col-feat-50{ width: 50%; float: left; height: 450px}\r\n              .col-feat-50 .col-feat-grid{ width: calc(50% - 5px); float: left; height: 220px}\r\n              .feat_overlay_link{width: 100%;height: 100%;position: absolute;z-index: 10; bottom: 0; left: 0; right: 0;}\r\n              .col-feat-grid.item-1 .text_in_thumb h2{ font-size: 28px; line-height: 34px}\r\n              .featured_grid .wcvendors_sold_by_in_loop{color: #eee}\r\n              .featured_grid .wcvendors_sold_by_in_loop a{color: #fff}\r\n              .blacklabelprice {margin: 0 0 12px 0;background: #000000;padding: 8px;display: inline-block;font-weight: bold;}\r\n              .blacklabelprice del{opacity: 0.8 !important;font-weight: normal; color: #fff !important}\r\n              .feat-grid-overlay .price del{opacity: 0.7}\r\n              .col-feat-grid:after {bottom: 0;content: \"\";display: block;height: 80%;width: 100%;position: absolute;z-index: 1;pointer-events: none;background: linear-gradient(to bottom,rgba(0,0,0,0) 0%,rgba(0,0,0,0.6) 100%);transition: 0.5s;}\r\n              .col-feat-grid .feat-grid-overlay{position: absolute;bottom: 0px;color: #ffffff; z-index: 9; white-space:normal;}\r\n              .col-feat-grid:hover .text_in_thumb {padding-bottom: 25px}\r\n              .col-feat-grid:hover:after{opacity: 0.8}\r\n              .lazy-bg-loaded.col-feat-grid{background-size:cover; background-repeat:no-repeat}\r\n\r\n              @media screen and (max-width: 1224px) and (min-width: 1024px) {\r\n              .col-feat-grid.item-1, .col-feat-50{ height: 380px}\r\n              .col-feat-50 .col-feat-grid{height: 185px}\r\n              .side-twocol .columns {height: 200px}\r\n              }\r\n              @media screen and (max-width: 1023px) {\r\n              .col-feat-grid.item-1, .col-feat-50 { float: none; width: 100%; margin-bottom: 10px; overflow: hidden;  }\r\n              .col-feat-50{margin: 0}\r\n              .side-twocol .columns{  width: 48.5%; float: left;}\r\n              .side-twocol .col-1 {margin: 0 3% 0 0;}\r\n              .side-twocol .columns a.comment{ display:none}\r\n              .side-twocol .columns{height: auto;}\r\n              }\r\n              @media only screen and (max-width: 767px) {\r\n              .col-feat-50 .col-feat-grid{ height: 200px}\r\n              .col-feat-50 {height: auto;}\r\n              .col-feat-grid.item-1{height: 350px} \r\n              .col-feat-grid.item-1 .text_in_thumb h2{font-size: 21px;line-height: 24px}\r\n              }\r\n              @media only screen and (max-width: 400px) {.col-feat-grid.item-1{height: 260px} }\r\n            <\/style>\t<div class=\"featured_grid flowhidden\">\t\r\n\t\t\t\t\t\t\t\t\t\t<div class=\"col-feat-grid col_item flowhidden rh-hovered-wrap item-1\">\r\n\t\t\t\t<style>\r\n\t\t\t\t\t#feat_area638491387 .item-1{\r\n\t\t\t\t\t\tbackground-image: url('https:\/\/coinairdrops.com\/wp-content\/uploads\/2020\/02\/publish0x-airdrop-1024x512.jpg');\r\n\t\t\t\t\t}\r\n\t\t\t\t<\/style>\r\n\t\t\t\t<a href=\"https:\/\/coinairdrops.com\/es\/publish0x\/\" class=\"feat_overlay_link\"><\/a> \r\n\t\t  \t\t<div class=\"feat-grid-overlay text_in_thumb pt0 pr20 pb10 pl20 csstransall\">\r\n\t      \t\t\t<div class=\"inner_meta mb5\">    \t\t\t\t\r\n\t\t\t                   \t\t\t\t\r\n\t      \t\t\t<\/div>\r\n\t\t    \t\t<h2 class=\"mt0\"><a href=\"https:\/\/coinairdrops.com\/es\/publish0x\/\">Publish0x<\/a><\/h2>\r\n\t\t    \t\t<div class=\"post-meta\"> \t\t<span class=\"date_meta\">\n  \t\t\t \t\t\t\t 30 de enero de 2021 \t\t\t \t\t<\/span> \t\n\t<\/div>\t            \t\t\r\n\t\t    \t<\/div> \r\n\t\t\t<\/div>\r\n\t\t\t\t<div class=\" smart-scroll-mobile one-col-mob scroll-on-mob-nomargin disabletabletspadding col-feat-50 rh-flex-columns rh-flex-space-between pl10\">\t\t\t\t\t\t<div class=\"col-feat-grid col_item flowhidden rh-hovered-wrap item-2\">\r\n\t\t\t\t<style>\r\n\t\t\t\t\t#feat_area638491387 .item-2{\r\n\t\t\t\t\t\tbackground-image: url('https:\/\/coinairdrops.com\/wp-content\/uploads\/2019\/08\/brave-airdrop.png');\r\n\t\t\t\t\t}\r\n\t\t\t\t<\/style>\r\n\t\t\t\t<a href=\"https:\/\/coinairdrops.com\/es\/como-ganar-dinero-con-brave-bat\/\" class=\"feat_overlay_link\"><\/a> \r\n\t\t  \t\t<div class=\"feat-grid-overlay text_in_thumb pt0 pr20 pb10 pl20 csstransall\">\r\n\t      \t\t\t<div class=\"inner_meta mb5\">    \t\t\t\t\r\n\t\t\t                   \t\t\t\t\r\n\t      \t\t\t<\/div>\r\n\t\t    \t\t<h2 class=\"mt0\"><a href=\"https:\/\/coinairdrops.com\/es\/como-ganar-dinero-con-brave-bat\/\">Brave (BAT)<\/a><\/h2>\r\n\t\t    \t\t\t            \t\t\r\n\t\t    \t<\/div> \r\n\t\t\t<\/div>\r\n\t\t<\/div>\t\t\t<\/div>\r\n<\/div>\r\n\r\n\r\n<\/div>\n\n\n\n<h1 class=\"wp-block-heading\">\u00a1No te pierdas un solo coin airdrop! \u00a1Reclama tus tokens gratis!<\/h1>\n\n\n\n<p>\u00a1Bienvenido a CoinAirdrops.com, tu sitio web de cripto airdrop n\u00famero uno! Para nuestro equipo, todo comenz\u00f3 en octubre de 2017. Y hemos seguido creciendo desde entonces.<\/p>\n\n\n\n<div class=\"news-post\">\n<p>SUSCR\u00cdBETE PARA GANAR CRIPTOMONEDAS GRATIS<\/p>\n<form class=\"ampforwp-form-allow\" method=\"post\" action=\"https:\/\/sendfox.com\/form\/3668j3\/1d47kk\" target=\"_blank\">\n  <input type=\"email\" placeholder=\"direcci\u00f3n de correo electr\u00f3nico\" name=\"email\" required=\"\">\n  <input type=\"submit\" value=\"Suscribirse\">\n<\/form>\n<\/div>\n\n\n\n<p>\u00bfPero qu\u00e9 es el airdrop que preguntas? Sigue leyendo y lo descubrir\u00e1s \u2026 \u00a1En este sitio de lanzamiento a\u00e9reo, encontrar\u00e1s las \u00faltimas novedades de criptograf\u00eda para crear dinero sin gastar un centavo! Porque en estos d\u00edas puedes encontrar docenas de cripto airdrops activos al mismo tiempo. Y toneladas de personas, como usted, buscan obtener algunas criptomonedas y tokens gratis. As\u00ed que decidimos agregar toda la informaci\u00f3n de lanzamiento de monedas disponible en la web. \u00a1Y los pusimos a todos en este sitio de alerta de cripto airdrop!<\/p>\n\n\n\n<h2 class=\"wp-block-heading\">\u00bfQu\u00e9 es un Crypto Airdrop?<\/h2>\n\n\n\n<p>En primer lugar, centr\u00e9monos en el significado. \u00bfQu\u00e9 significa airdrop? Tal vez eres un novato en el mundo criptogr\u00e1fico. Y necesita saber con qu\u00e9 est\u00e1 tratando&#8230; Entonces, un crypto airdrop o coin airdrop, es <strong>un evento de tiempo limitado creado por proyectos para promover sus criptomonedas<\/strong>. \u00bfC\u00f3mo? Al distribuir tokens o monedas a los primeros usuarios, de forma gratuita.<\/p>\n\n\n\n<p>Si bien no hay muchos requisitos para ganar criptomoneda gratis, es posible que tenga que trabajar un poco (crear una publicaci\u00f3n, gustar una p\u00e1gina de Facebook, etc.). O puede que tenga que compartir cierta informaci\u00f3n personal (su perfil de Facebook o dar acceso a su lista de contactos).<\/p>\n\n\n\n<p>Adem\u00e1s, es posible que deba estar activo en la comunidad de criptomoneda. De hecho, algunos crypto-airdrops est\u00e1n restringidos. Y los principiantes no pueden entrar&#8230;<\/p>\n\n\n\n<p>Adem\u00e1s, es posible que necesite algunas monedas de un blockchain especificado en su billetera. Lo m\u00e1s probable es que sean bitcoins o \u00e9teres, porque son los m\u00e1s populares. Pero un crypto airdrop se puede hacer en cualquier blockchain. Sin embargo, ethereum est\u00e1 dominando la industria de obsequios de criptomonedas, con sus tokens ERC20 y ERC223. Y eso es muy conveniente, \u00a1tener todas sus monedas en la misma billetera! Enumeramos convenientemente todas las gotas de aire de ethereum en una p\u00e1gina.<\/p>\n\n\n\n<p>Y esto nos lleva a la mejor parte: \u00a1puedes <strong>recibir criptomonedas gratis en cualquier momento<\/strong>! De hecho, algunas plataformas regalan tokens a las personas que tienen algunas de sus monedas. Por lo tanto, le recomiendo que tenga un poco de las monedas m\u00e1s populares en su cartera. \u00a1Y obt\u00e9n tantos tokens gratis como sea posible!<\/p>\n\n\n\n<p>Adem\u00e1s, no se preocupe demasiado por los requisitos de airdrop. \u00a1Porque explicamos c\u00f3mo conseguir tokens gratis para todos los pr\u00f3ximos crypto airdrops!<\/p>\n\n\n\n<h2 class=\"wp-block-heading\">\u00bfPor qu\u00e9 las personas regalan criptomonedas gratis a trav\u00e9s de airdrops?<\/h2>\n\n\n\n<p>Ahora ya sabes <strong>qu\u00e9 es airdrop<\/strong>. Pero, \u00bfpor qu\u00e9 los proyectos regalar\u00edan criptomonedas gratis? Un coin airdrop es una situaci\u00f3n en la que todos ganan: por un lado, obtienes tokens gratis. Y, por otro lado, los proyectos crean conciencia sobre sus activos digitales.<\/p>\n\n\n\n<p>Porque es <strong>publicidad gratuita<\/strong> para ellos, regalando tokens que valen casi nada. Y de esa manera, pueden <strong>crear una comunidad<\/strong>. De hecho, si le das tokens a las personas, es probable que se involucren para ganar dinero con ellas.<\/p>\n\n\n\n<p>Adem\u00e1s, regalar algunos tokens hace que <strong>la nueva criptodivisa se aprecie<\/strong>. Porque si tienes un token, est\u00e1s inclinado a darle m\u00e1s valor que si no hubieras o\u00eddo hablar de \u00e9l.<\/p>\n\n\n\n<p>Adem\u00e1s, es una forma asequible de <strong>crear una base de datos de clientes<\/strong>. Y no necesito recordarle el dicho: \u00a1Si no est\u00e1 pagando por ello, usted es el producto! Debido a que estos proyectos recopilan todos los datos que pueden a cambio de algunos tokens&#8230;<\/p>\n\n\n\n<p>Finalmente, parece que hay una nueva tendencia de monedas digitales que no requieren monedas mineras. Y este es un concepto interesante cuando vemos cu\u00e1nta energ\u00eda y potencia inform\u00e1tica se necesita para extraer bitcoins. Para que los usuarios no extraigan monedas, las generan durante un evento de generaci\u00f3n de tokens (TGE &#8211; <em>Token Generation Event<\/em>). \u00a1Y a veces los proyectos distribuyen todos sus tokens durante una campa\u00f1a de crypto airdrop!<\/p>\n\n\n\n<h2 class=\"wp-block-heading\">\u00bfC\u00f3mo funciona un crypto airdrop?<\/h2>\n\n\n\n<p>Los airdrops son un nuevo m\u00e9todo para <strong>distribuir tokens gratis<\/strong>. Como resultado, todav\u00eda no hay un conjunto est\u00e1ndar de reglas. Y cada equipo puede solicitar lo que quieran de sus seguidores.<\/p>\n\n\n\n<p>Pero siempre ten cuidado con los estafadores! Los airdrops de monedas leg\u00edtimas nunca requerir\u00e1n que compartas tus claves privadas. Y si encuentra uno que lo haga, por favor rep\u00f3rtelo a la comunidad. Porque personas sin escr\u00fapulos definitivamente est\u00e1n detr\u00e1s de esto.<\/p>\n\n\n\n<p>Si bien le brindamos la mayor cantidad de detalles posible, es posible que deba comunicarse directamente con el desarrollador.<\/p>\n\n\n\n<p>Si necesita monedas espec\u00edficas durante un coin airdrop, el equipo tomar\u00e1 una foto de la cadena de bloques correspondiente. Y solo las personas que tengan la criptomoneda en su billetera en ese momento podr\u00e1n obtener la criptomoneda gratis. Si bien puede obtener los tokens autom\u00e1ticamente, tambi\u00e9n se le puede solicitar que <strong>reclame los tokens en el sitio web del proyecto<\/strong>.<\/p>\n\n\n\n<p>Si el airdrop est\u00e1 vinculado a una red de medios sociales, tendr\u00e1 que <strong>compartir o retuitear una publicaci\u00f3n<\/strong> con un enlace al proyecto. Y es posible que necesite una cierta cantidad de seguidores para ser elegible&#8230; \u00a1Adem\u00e1s, algunos equipos solicitan acceso a sus datos de contacto y lista de amigos!<\/p>\n\n\n\n<h2 class=\"wp-block-heading\">Recib\u00ed criptomonedas gratis: \u00bfqu\u00e9 hago ahora?<\/h2>\n\n\n\n<p>Felicitaciones por ganar criptomonedas gratis. Pero que pasa ahora? Despu\u00e9s de un lanzamiento de monedas, <strong>no hay mucho que hacer<\/strong>. Porque nadie ha o\u00eddo hablar de la nueva criptomoneda&#8230; Y a\u00fan no est\u00e1 disponible en ning\u00fan intercambio.<\/p>\n\n\n\n<p>Si bien puede <strong>intercambiar monedas con otros primeros usuarios<\/strong>, sus soluciones son limitadas. Y a pesar del valor que anuncia el proyecto, realmente no vale nada.<\/p>\n\n\n\n<p>Pero se vuelve interesante cuando la nueva criptomoneda llega a los intercambios. Y es entonces cuando sabes el precio real de los tokens que recibiste. Sin embargo, la mayor\u00eda de las personas generalmente quieren <strong>vender sus monedas<\/strong> para obtener dinero \u00abreal\u00bb. Por lo tanto, el precio puede no estar a la altura de sus expectativas&#8230;<\/p>\n\n\n\n<p>De todos modos, no tiene que vender sus criptomoneda gratis, <strong>puede guardarlas para su uso posterior<\/strong>.<\/p>\n\n\n\n<h2 class=\"wp-block-heading\">\u00bfC\u00f3mo mantener seguras sus nuevas criptomoneda gratis?<\/h2>\n\n\n\n<p>En primer lugar, <strong>necesita una billetera<\/strong> para poder recibir, retener y enviar su nueva criptomoneda. Si bien puede encontrar muchas billeteras basadas en la web, le recomiendo que use una billetera de hardware. <a href=\"https:\/\/coinairdrops.com\/go\/trezor\" target=\"_blank\" rel=\"noreferrer noopener\">Trezor<\/a> es la billetera original y m\u00e1s segura. \u00a1Y es <strong>compatible con la mayor\u00eda de los tokens<\/strong>!<\/p>\n\n\n\n<p>Y debes mantener en secreto tus claves privadas. De lo contrario, no son tuyos. Si bien puede compartir su clave p\u00fablica,&nbsp;<strong>\u00a1debe nunca compartir su clave privada<\/strong>! Si lo haces, perder\u00e1s tus monedas.<\/p>\n\n\n\n<p>Finalmente, recuerde que este es <strong>el mejor sitio web de alerta de crypto airdrop<\/strong>. As\u00ed que no se olvide de registrarse en nuestro bolet\u00edn anterior, o para suscribirse a nuestro <a href=\"https:\/\/t.me\/coinzairdrops\">canal Telegrama<\/a>, nuestra <a href=\"https:\/\/www.facebook.com\/coinairdrops\/\">p\u00e1gina de Facebook<\/a>, o nuestra <a href=\"https:\/\/twitter.com\/coinairdrops\">cuenta de Twitter<\/a>. Y no te perder\u00e1s ni un solo airdrop!<\/p>\n\n\n<div class=\"wpsm_promobox\" style=\"background-color:#0a0a08 !important; color:#ffffff;\"><a href=\"https:\/\/coinairdrops.com\/submit-airdrop\/\" class=\"wpsm-button rehub_main_btn\" target=\"_blank\" rel=\"nofollow\"><span>LISTE SU PROYECTO<\/span><\/a><div class=\"title_promobox\">Atraiga m\u00e1s atenci\u00f3n a su proyecto<\/div><p>Haga crecer su comunidad con CoinAirdrops.com<\/p><\/div>","protected":false},"excerpt":{"rendered":"<p>\u00a1No te pierdas un solo coin airdrop! \u00a1Reclama tus tokens gratis! \u00a1Bienvenido a CoinAirdrops.com, tu sitio web de cripto airdrop n\u00famero uno! Para nuestro equipo, todo comenz\u00f3 en octubre de 2017. Y hemos seguido creciendo desde entonces. SUSCR\u00cdBETE PARA GANAR CRIPTOMONEDAS GRATIS \u00bfPero qu\u00e9 es el airdrop que preguntas? Sigue leyendo y lo descubrir\u00e1s \u2026 [&hellip;]<\/p>\n","protected":false},"author":1,"featured_media":5073,"parent":0,"menu_order":0,"comment_status":"closed","ping_status":"closed","template":"","meta":{"_acf_changed":false,"inline_featured_image":false,"footnotes":""},"class_list":["post-5062","page","type-page","status-publish","has-post-thumbnail","hentry"],"acf":[],"yoast_head":"<!-- This site is optimized with the Yoast SEO plugin v27.3 - https:\/\/yoast.com\/product\/yoast-seo-wordpress\/ -->\n<title>Crypto Airdrop List abril 2026: Solicite sus criptomoneda gratis!<\/title>\n<meta name=\"description\" content=\"\u00bfQu\u00e9 es un coin airdrop? Una forma de ganar criptomoneda GRATIS. Haga clic aqu\u00ed para unirse a las campa\u00f1as de crypto airdrop y recibir alertas.\" \/>\n<meta name=\"robots\" content=\"index, follow, max-snippet:-1, max-image-preview:large, max-video-preview:-1\" \/>\n<link rel=\"canonical\" href=\"https:\/\/coinairdrops.com\/es\/\" \/>\n<meta property=\"og:locale\" content=\"es_ES\" \/>\n<meta property=\"og:type\" content=\"article\" \/>\n<meta property=\"og:title\" content=\"Crypto Airdrop List abril 2026: Solicite sus criptomoneda gratis!\" \/>\n<meta property=\"og:description\" content=\"\u00bfQu\u00e9 es un coin airdrop? Una forma de ganar criptomoneda GRATIS. Haga clic aqu\u00ed para unirse a las campa\u00f1as de crypto airdrop y recibir alertas.\" \/>\n<meta property=\"og:url\" content=\"https:\/\/coinairdrops.com\/es\/\" \/>\n<meta property=\"og:site_name\" content=\"Coin Airdrops\" \/>\n<meta property=\"article:publisher\" content=\"https:\/\/www.facebook.com\/coinairdrops\/\" \/>\n<meta property=\"article:modified_time\" content=\"2023-03-22T02:20:10+00:00\" \/>\n<meta property=\"og:image\" content=\"https:\/\/coinairdrops.com\/wp-content\/uploads\/2017\/12\/coinairdrops-512x512.png\" \/>\n\t<meta property=\"og:image:width\" content=\"512\" \/>\n\t<meta property=\"og:image:height\" content=\"512\" \/>\n\t<meta property=\"og:image:type\" content=\"image\/png\" \/>\n<meta name=\"twitter:card\" content=\"summary_large_image\" \/>\n<meta name=\"twitter:site\" content=\"@coinairdrops\" \/>\n<meta name=\"twitter:label1\" content=\"Tiempo de lectura\" \/>\n\t<meta name=\"twitter:data1\" content=\"6 minutos\" \/>\n<script type=\"application\/ld+json\" class=\"yoast-schema-graph\">{\"@context\":\"https:\\\/\\\/schema.org\",\"@graph\":[{\"@type\":\"WebPage\",\"@id\":\"https:\\\/\\\/coinairdrops.com\\\/es\\\/\",\"url\":\"https:\\\/\\\/coinairdrops.com\\\/es\\\/\",\"name\":\"Crypto Airdrop List abril 2026: Solicite sus criptomoneda gratis!\",\"isPartOf\":{\"@id\":\"https:\\\/\\\/coinairdrops.com\\\/es\\\/#website\"},\"primaryImageOfPage\":{\"@id\":\"https:\\\/\\\/coinairdrops.com\\\/es\\\/#primaryimage\"},\"image\":{\"@id\":\"https:\\\/\\\/coinairdrops.com\\\/es\\\/#primaryimage\"},\"thumbnailUrl\":\"https:\\\/\\\/coinairdrops.com\\\/wp-content\\\/uploads\\\/2017\\\/12\\\/coinairdrops-512x512.png\",\"datePublished\":\"2020-05-09T07:58:23+00:00\",\"dateModified\":\"2023-03-22T02:20:10+00:00\",\"description\":\"\u00bfQu\u00e9 es un coin airdrop? Una forma de ganar criptomoneda GRATIS. Haga clic aqu\u00ed para unirse a las campa\u00f1as de crypto airdrop y recibir alertas.\",\"breadcrumb\":{\"@id\":\"https:\\\/\\\/coinairdrops.com\\\/es\\\/#breadcrumb\"},\"inLanguage\":\"es\",\"potentialAction\":[{\"@type\":\"ReadAction\",\"target\":[\"https:\\\/\\\/coinairdrops.com\\\/es\\\/\"]}]},{\"@type\":\"ImageObject\",\"inLanguage\":\"es\",\"@id\":\"https:\\\/\\\/coinairdrops.com\\\/es\\\/#primaryimage\",\"url\":\"https:\\\/\\\/coinairdrops.com\\\/wp-content\\\/uploads\\\/2017\\\/12\\\/coinairdrops-512x512.png\",\"contentUrl\":\"https:\\\/\\\/coinairdrops.com\\\/wp-content\\\/uploads\\\/2017\\\/12\\\/coinairdrops-512x512.png\",\"width\":512,\"height\":512,\"caption\":\"coin airdrop ganar criptomoneda gratis\"},{\"@type\":\"BreadcrumbList\",\"@id\":\"https:\\\/\\\/coinairdrops.com\\\/es\\\/#breadcrumb\",\"itemListElement\":[{\"@type\":\"ListItem\",\"position\":1,\"name\":\"Home\",\"item\":\"https:\\\/\\\/coinairdrops.com\\\/es\\\/\"},{\"@type\":\"ListItem\",\"position\":2,\"name\":\"P\u00e1gina principal\"}]},{\"@type\":\"WebSite\",\"@id\":\"https:\\\/\\\/coinairdrops.com\\\/es\\\/#website\",\"url\":\"https:\\\/\\\/coinairdrops.com\\\/es\\\/\",\"name\":\"Coin Airdrops\",\"description\":\"Don&#039;t miss a single crypto airdrop!\",\"publisher\":{\"@id\":\"https:\\\/\\\/coinairdrops.com\\\/es\\\/#organization\"},\"potentialAction\":[{\"@type\":\"SearchAction\",\"target\":{\"@type\":\"EntryPoint\",\"urlTemplate\":\"https:\\\/\\\/coinairdrops.com\\\/es\\\/?s={search_term_string}\"},\"query-input\":{\"@type\":\"PropertyValueSpecification\",\"valueRequired\":true,\"valueName\":\"search_term_string\"}}],\"inLanguage\":\"es\"},{\"@type\":\"Organization\",\"@id\":\"https:\\\/\\\/coinairdrops.com\\\/es\\\/#organization\",\"name\":\"Coin Airdrops\",\"url\":\"https:\\\/\\\/coinairdrops.com\\\/es\\\/\",\"logo\":{\"@type\":\"ImageObject\",\"inLanguage\":\"es\",\"@id\":\"https:\\\/\\\/coinairdrops.com\\\/es\\\/#\\\/schema\\\/logo\\\/image\\\/\",\"url\":\"https:\\\/\\\/coinairdrops.com\\\/wp-content\\\/uploads\\\/2020\\\/03\\\/coinairdrops-310x34-1.svg\",\"contentUrl\":\"https:\\\/\\\/coinairdrops.com\\\/wp-content\\\/uploads\\\/2020\\\/03\\\/coinairdrops-310x34-1.svg\",\"caption\":\"Coin Airdrops\"},\"image\":{\"@id\":\"https:\\\/\\\/coinairdrops.com\\\/es\\\/#\\\/schema\\\/logo\\\/image\\\/\"},\"sameAs\":[\"https:\\\/\\\/www.facebook.com\\\/coinairdrops\\\/\",\"https:\\\/\\\/x.com\\\/coinairdrops\",\"https:\\\/\\\/www.pinterest.com\\\/coinairdrops\\\/\",\"https:\\\/\\\/vk.com\\\/coinairdrops\",\"https:\\\/\\\/t.me\\\/coinzairdrops\"]}]}<\/script>\n<!-- \/ Yoast SEO plugin. -->","yoast_head_json":{"title":"Crypto Airdrop List abril 2026: Solicite sus criptomoneda gratis!","description":"\u00bfQu\u00e9 es un coin airdrop? Una forma de ganar criptomoneda GRATIS. Haga clic aqu\u00ed para unirse a las campa\u00f1as de crypto airdrop y recibir alertas.","robots":{"index":"index","follow":"follow","max-snippet":"max-snippet:-1","max-image-preview":"max-image-preview:large","max-video-preview":"max-video-preview:-1"},"canonical":"https:\/\/coinairdrops.com\/es\/","og_locale":"es_ES","og_type":"article","og_title":"Crypto Airdrop List abril 2026: Solicite sus criptomoneda gratis!","og_description":"\u00bfQu\u00e9 es un coin airdrop? Una forma de ganar criptomoneda GRATIS. Haga clic aqu\u00ed para unirse a las campa\u00f1as de crypto airdrop y recibir alertas.","og_url":"https:\/\/coinairdrops.com\/es\/","og_site_name":"Coin Airdrops","article_publisher":"https:\/\/www.facebook.com\/coinairdrops\/","article_modified_time":"2023-03-22T02:20:10+00:00","og_image":[{"width":512,"height":512,"url":"https:\/\/coinairdrops.com\/wp-content\/uploads\/2017\/12\/coinairdrops-512x512.png","type":"image\/png"}],"twitter_card":"summary_large_image","twitter_site":"@coinairdrops","twitter_misc":{"Tiempo de lectura":"6 minutos"},"schema":{"@context":"https:\/\/schema.org","@graph":[{"@type":"WebPage","@id":"https:\/\/coinairdrops.com\/es\/","url":"https:\/\/coinairdrops.com\/es\/","name":"Crypto Airdrop List abril 2026: Solicite sus criptomoneda gratis!","isPartOf":{"@id":"https:\/\/coinairdrops.com\/es\/#website"},"primaryImageOfPage":{"@id":"https:\/\/coinairdrops.com\/es\/#primaryimage"},"image":{"@id":"https:\/\/coinairdrops.com\/es\/#primaryimage"},"thumbnailUrl":"https:\/\/coinairdrops.com\/wp-content\/uploads\/2017\/12\/coinairdrops-512x512.png","datePublished":"2020-05-09T07:58:23+00:00","dateModified":"2023-03-22T02:20:10+00:00","description":"\u00bfQu\u00e9 es un coin airdrop? Una forma de ganar criptomoneda GRATIS. Haga clic aqu\u00ed para unirse a las campa\u00f1as de crypto airdrop y recibir alertas.","breadcrumb":{"@id":"https:\/\/coinairdrops.com\/es\/#breadcrumb"},"inLanguage":"es","potentialAction":[{"@type":"ReadAction","target":["https:\/\/coinairdrops.com\/es\/"]}]},{"@type":"ImageObject","inLanguage":"es","@id":"https:\/\/coinairdrops.com\/es\/#primaryimage","url":"https:\/\/coinairdrops.com\/wp-content\/uploads\/2017\/12\/coinairdrops-512x512.png","contentUrl":"https:\/\/coinairdrops.com\/wp-content\/uploads\/2017\/12\/coinairdrops-512x512.png","width":512,"height":512,"caption":"coin airdrop ganar criptomoneda gratis"},{"@type":"BreadcrumbList","@id":"https:\/\/coinairdrops.com\/es\/#breadcrumb","itemListElement":[{"@type":"ListItem","position":1,"name":"Home","item":"https:\/\/coinairdrops.com\/es\/"},{"@type":"ListItem","position":2,"name":"P\u00e1gina principal"}]},{"@type":"WebSite","@id":"https:\/\/coinairdrops.com\/es\/#website","url":"https:\/\/coinairdrops.com\/es\/","name":"Coin Airdrops","description":"Don&#039;t miss a single crypto airdrop!","publisher":{"@id":"https:\/\/coinairdrops.com\/es\/#organization"},"potentialAction":[{"@type":"SearchAction","target":{"@type":"EntryPoint","urlTemplate":"https:\/\/coinairdrops.com\/es\/?s={search_term_string}"},"query-input":{"@type":"PropertyValueSpecification","valueRequired":true,"valueName":"search_term_string"}}],"inLanguage":"es"},{"@type":"Organization","@id":"https:\/\/coinairdrops.com\/es\/#organization","name":"Coin Airdrops","url":"https:\/\/coinairdrops.com\/es\/","logo":{"@type":"ImageObject","inLanguage":"es","@id":"https:\/\/coinairdrops.com\/es\/#\/schema\/logo\/image\/","url":"https:\/\/coinairdrops.com\/wp-content\/uploads\/2020\/03\/coinairdrops-310x34-1.svg","contentUrl":"https:\/\/coinairdrops.com\/wp-content\/uploads\/2020\/03\/coinairdrops-310x34-1.svg","caption":"Coin Airdrops"},"image":{"@id":"https:\/\/coinairdrops.com\/es\/#\/schema\/logo\/image\/"},"sameAs":["https:\/\/www.facebook.com\/coinairdrops\/","https:\/\/x.com\/coinairdrops","https:\/\/www.pinterest.com\/coinairdrops\/","https:\/\/vk.com\/coinairdrops","https:\/\/t.me\/coinzairdrops"]}]}},"_links":{"self":[{"href":"https:\/\/coinairdrops.com\/es\/wp-json\/wp\/v2\/pages\/5062","targetHints":{"allow":["GET"]}}],"collection":[{"href":"https:\/\/coinairdrops.com\/es\/wp-json\/wp\/v2\/pages"}],"about":[{"href":"https:\/\/coinairdrops.com\/es\/wp-json\/wp\/v2\/types\/page"}],"author":[{"embeddable":true,"href":"https:\/\/coinairdrops.com\/es\/wp-json\/wp\/v2\/users\/1"}],"replies":[{"embeddable":true,"href":"https:\/\/coinairdrops.com\/es\/wp-json\/wp\/v2\/comments?post=5062"}],"version-history":[{"count":16,"href":"https:\/\/coinairdrops.com\/es\/wp-json\/wp\/v2\/pages\/5062\/revisions"}],"predecessor-version":[{"id":34114,"href":"https:\/\/coinairdrops.com\/es\/wp-json\/wp\/v2\/pages\/5062\/revisions\/34114"}],"wp:featuredmedia":[{"embeddable":true,"href":"https:\/\/coinairdrops.com\/es\/wp-json\/wp\/v2\/media\/5073"}],"wp:attachment":[{"href":"https:\/\/coinairdrops.com\/es\/wp-json\/wp\/v2\/media?parent=5062"}],"curies":[{"name":"wp","href":"https:\/\/api.w.org\/{rel}","templated":true}]}}